{"id":5090,"date":"2024-11-10T21:38:37","date_gmt":"2024-11-10T20:38:37","guid":{"rendered":"https:\/\/stemarly.com\/pie-de-imprenta\/"},"modified":"2025-04-04T22:08:56","modified_gmt":"2025-04-04T20:08:56","slug":"pie-de-imprenta","status":"publish","type":"page","link":"https:\/\/stemarly.com\/es\/pie-de-imprenta\/","title":{"rendered":"Pie de imprenta"},"content":{"rendered":"\t\t<div data-elementor-type=\"wp-page\" data-elementor-id=\"5090\" class=\"elementor elementor-5090 elementor-1273\" data-elementor-post-type=\"page\">\n\t\t\t\t<div class=\"elementor-element elementor-element-1740c77 e-flex e-con-boxed e-con e-parent\" data-id=\"1740c77\" data-element_type=\"container\" data-e-type=\"container\">\n\t\t\t\t\t<div class=\"e-con-inner\">\n\t\t\t\t<div class=\"elementor-element elementor-element-ab3640d elementor-widget elementor-widget-heading\" data-id=\"ab3640d\" data-element_type=\"widget\" data-e-type=\"widget\" data-widget_type=\"heading.default\">\n\t\t\t\t<div class=\"elementor-widget-container\">\n\t\t\t\t\t<h1 class=\"elementor-heading-title elementor-size-default\">IMPRIME<\/h1>\t\t\t\t<\/div>\n\t\t\t\t<\/div>\n\t\t\t\t<div class=\"elementor-element elementor-element-c976e47 elementor-widget elementor-widget-text-editor\" data-id=\"c976e47\" data-element_type=\"widget\" data-e-type=\"widget\" data-widget_type=\"text-editor.default\">\n\t\t\t\t<div class=\"elementor-widget-container\">\n\t\t\t\t\t\t\t\t\t<p><strong>Stemarly &#8211; Tammer Business<\/strong><br>Schmiedgasse 6<br>9100 Herisau<br>Suiza<\/p>\t\t\t\t\t\t\t\t<\/div>\n\t\t\t\t<\/div>\n\t\t\t\t<div class=\"elementor-element elementor-element-11b4d5f elementor-widget elementor-widget-text-editor\" data-id=\"11b4d5f\" data-element_type=\"widget\" data-e-type=\"widget\" data-widget_type=\"text-editor.default\">\n\t\t\t\t<div class=\"elementor-widget-container\">\n\t\t\t\t\t\t\t\t\t<p><strong>Director General:<\/strong><br>Richard Tammer<\/p>\t\t\t\t\t\t\t\t<\/div>\n\t\t\t\t<\/div>\n\t\t\t\t<div class=\"elementor-element elementor-element-dc5df39 elementor-widget elementor-widget-text-editor\" data-id=\"dc5df39\" data-element_type=\"widget\" data-e-type=\"widget\" data-widget_type=\"text-editor.default\">\n\t\t\t\t<div class=\"elementor-widget-container\">\n\t\t\t\t\t\t\t\t\t<p><strong>Contacto:<\/strong><br>E-Mail: <span style=\"text-decoration: underline;\"><a href=\"mailto:info@stemarly.com\" rel=\"noopener\">info@stemarly.com<\/a><\/span><br>Tel\u00e9fono: +41 77 261 49 92<\/p>\t\t\t\t\t\t\t\t<\/div>\n\t\t\t\t<\/div>\n\t\t\t\t<div class=\"elementor-element elementor-element-efb98af elementor-widget elementor-widget-text-editor\" data-id=\"efb98af\" data-element_type=\"widget\" data-e-type=\"widget\" data-widget_type=\"text-editor.default\">\n\t\t\t\t<div class=\"elementor-widget-container\">\n\t\t\t\t\t\t\t\t\t<p><strong>N\u00famero de identificaci\u00f3n del impuesto sobre el valor a\u00f1adido:<\/strong><br>CHE-262.902.591 IVA<\/p>\t\t\t\t\t\t\t\t<\/div>\n\t\t\t\t<\/div>\n\t\t\t\t<div class=\"elementor-element elementor-element-92f7f79 elementor-widget elementor-widget-text-editor\" data-id=\"92f7f79\" data-element_type=\"widget\" data-e-type=\"widget\" data-widget_type=\"text-editor.default\">\n\t\t\t\t<div class=\"elementor-widget-container\">\n\t\t\t\t\t\t\t\t\t<p><strong>Derechos de autor:<\/strong><br>El contenido y las obras creadas por los operadores del sitio en estas p\u00e1ginas est\u00e1n sujetos a la ley suiza de derechos de autor. La duplicaci\u00f3n, procesamiento, distribuci\u00f3n y cualquier forma de comercializaci\u00f3n de dicho material m\u00e1s all\u00e1 del alcance de la ley de derechos de autor requerir\u00e1 el consentimiento previo por escrito de su respectivo autor o creador. Las descargas y copias de este sitio s\u00f3lo est\u00e1n permitidas para uso privado y no comercial. En la medida en que el contenido de este sitio no haya sido creado por el operador, se respetan los derechos de autor de terceros. En particular, el contenido de terceros est\u00e1 etiquetado como tal. No obstante, si tuvieras conocimiento de una infracci\u00f3n de los derechos de autor, te rogamos que nos lo comuniques. Si tenemos conocimiento de alguna infracci\u00f3n, eliminaremos dicho contenido inmediatamente.      <\/p>\t\t\t\t\t\t\t\t<\/div>\n\t\t\t\t<\/div>\n\t\t\t\t<div class=\"elementor-element elementor-element-e18eb0e elementor-hidden-tablet elementor-hidden-mobile elementor-widget elementor-widget-spacer\" data-id=\"e18eb0e\" data-element_type=\"widget\" data-e-type=\"widget\" data-widget_type=\"spacer.default\">\n\t\t\t\t<div class=\"elementor-widget-container\">\n\t\t\t\t\t\t\t<div class=\"elementor-spacer\">\n\t\t\t<div class=\"elementor-spacer-inner\"><\/div>\n\t\t<\/div>\n\t\t\t\t\t\t<\/div>\n\t\t\t\t<\/div>\n\t\t\t\t\t<\/div>\n\t\t\t\t<\/div>\n\t\t<div class=\"elementor-element elementor-element-09a74b1 e-flex e-con-boxed e-con e-parent\" data-id=\"09a74b1\" data-element_type=\"container\" data-e-type=\"container\">\n\t\t\t\t\t<div class=\"e-con-inner\">\n\t\t\t\t<div class=\"elementor-element elementor-element-1771 elementor-widget elementor-widget-global elementor-global-5234 elementor-global-1771 elementor-widget-html\" data-id=\"1771\" data-element_type=\"widget\" data-e-type=\"widget\" data-widget_type=\"html.default\">\n\t\t\t\t<div class=\"elementor-widget-container\">\n\t\t\t\t\t<script src=\"https:\/\/code.jquery.com\/jquery-3.6.0.min.js\"><\/script><script>\/\/You can replace offset value from here\r\nvar offset = 300\r\n$(window).on('load scroll', function(){\r\n\t\r\n\tif( $(window).scrollTop() > offset ){\r\n        $('body').addClass('show')\r\n\t}else{\r\n        $('body').removeClass('show')\r\n\t}\r\n})\r\n<\/script>\t\t\t\t<\/div>\n\t\t\t\t<\/div>\n\t\t\t\t<div class=\"elementor-element elementor-element-1774 elementor-fixed elementor-view-default elementor-widget elementor-widget-global elementor-global-5214 elementor-global-1774 elementor-widget-icon\" data-id=\"1774\" data-element_type=\"widget\" data-e-type=\"widget\" data-settings=\"{&quot;_position&quot;:&quot;fixed&quot;}\" data-widget_type=\"icon.default\">\n\t\t\t\t<div class=\"elementor-widget-container\">\n\t\t\t\t\t\t\t<div class=\"elementor-icon-wrapper\">\n\t\t\t<a class=\"elementor-icon\" href=\"#header\">\n\t\t\t<i aria-hidden=\"true\" class=\"fas fa-angle-up\"><\/i>\t\t\t<\/a>\n\t\t<\/div>\n\t\t\t\t\t\t<\/div>\n\t\t\t\t<\/div>\n\t\t\t\t\t<\/div>\n\t\t\t\t<\/div>\n\t\t\t\t<\/div>\n\t\t","protected":false},"excerpt":{"rendered":"<p>IMPRIME Stemarly &#8211; Tammer BusinessSchmiedgasse 69100 HerisauSuiza Director General:Richard Tammer Contacto:E-Mail: info@stemarly.comTel\u00e9fono: +41 77 261 49 92 N\u00famero de identificaci\u00f3n del impuesto sobre el valor a\u00f1adido:CHE-262.902.591 IVA Derechos de autor:El contenido y las obras creadas por los operadores del sitio en estas p\u00e1ginas est\u00e1n sujetos a la ley suiza de derechos de autor. La duplicaci\u00f3n, [&hellip;]<\/p>\n","protected":false},"author":1,"featured_media":0,"parent":0,"menu_order":0,"comment_status":"closed","ping_status":"closed","template":"","meta":{"footnotes":""},"class_list":["post-5090","page","type-page","status-publish","hentry"],"yoast_head":"<!-- This site is optimized with the Yoast SEO plugin v27.4 - https:\/\/yoast.com\/product\/yoast-seo-wordpress\/ -->\n<title>Pie de imprenta - Stemarly<\/title>\n<meta name=\"description\" content=\"Aqu\u00ed puedes encontrar toda la informaci\u00f3n legal sobre el operador de Stemarly. Transparencia y claridad sobre nuestra empresa y los requisitos legales.\" \/>\n<meta name=\"robots\" content=\"index, follow, max-snippet:-1, max-image-preview:large, max-video-preview:-1\" \/>\n<link rel=\"canonical\" href=\"https:\/\/stemarly.com\/es\/pie-de-imprenta\/\" \/>\n<meta property=\"og:locale\" content=\"es_ES\" \/>\n<meta property=\"og:type\" content=\"article\" \/>\n<meta property=\"og:title\" content=\"Pie de imprenta - Stemarly\" \/>\n<meta property=\"og:description\" content=\"Aqu\u00ed puedes encontrar toda la informaci\u00f3n legal sobre el operador de Stemarly. Transparencia y claridad sobre nuestra empresa y los requisitos legales.\" \/>\n<meta property=\"og:url\" content=\"https:\/\/stemarly.com\/es\/pie-de-imprenta\/\" \/>\n<meta property=\"og:site_name\" content=\"Stemarly\" \/>\n<meta property=\"article:modified_time\" content=\"2025-04-04T20:08:56+00:00\" \/>\n<meta name=\"twitter:card\" content=\"summary_large_image\" \/>\n<meta name=\"twitter:label1\" content=\"Tiempo de lectura\" \/>\n\t<meta name=\"twitter:data1\" content=\"1 minuto\" \/>\n<script type=\"application\/ld+json\" class=\"yoast-schema-graph\">{\"@context\":\"https:\\\/\\\/schema.org\",\"@graph\":[{\"@type\":\"WebPage\",\"@id\":\"https:\\\/\\\/stemarly.com\\\/es\\\/pie-de-imprenta\\\/\",\"url\":\"https:\\\/\\\/stemarly.com\\\/es\\\/pie-de-imprenta\\\/\",\"name\":\"Pie de imprenta - Stemarly\",\"isPartOf\":{\"@id\":\"https:\\\/\\\/stemarly.com\\\/es\\\/#website\"},\"datePublished\":\"2024-11-10T20:38:37+00:00\",\"dateModified\":\"2025-04-04T20:08:56+00:00\",\"description\":\"Aqu\u00ed puedes encontrar toda la informaci\u00f3n legal sobre el operador de Stemarly. Transparencia y claridad sobre nuestra empresa y los requisitos legales.\",\"breadcrumb\":{\"@id\":\"https:\\\/\\\/stemarly.com\\\/es\\\/pie-de-imprenta\\\/#breadcrumb\"},\"inLanguage\":\"es\",\"potentialAction\":[{\"@type\":\"ReadAction\",\"target\":[\"https:\\\/\\\/stemarly.com\\\/es\\\/pie-de-imprenta\\\/\"]}]},{\"@type\":\"BreadcrumbList\",\"@id\":\"https:\\\/\\\/stemarly.com\\\/es\\\/pie-de-imprenta\\\/#breadcrumb\",\"itemListElement\":[{\"@type\":\"ListItem\",\"position\":1,\"name\":\"P\u00e1gina de inicio\",\"item\":\"https:\\\/\\\/stemarly.com\\\/es\\\/\"},{\"@type\":\"ListItem\",\"position\":2,\"name\":\"Pie de imprenta\"}]},{\"@type\":\"WebSite\",\"@id\":\"https:\\\/\\\/stemarly.com\\\/es\\\/#website\",\"url\":\"https:\\\/\\\/stemarly.com\\\/es\\\/\",\"name\":\"Stemarly\",\"description\":\"elegance to the very essence\",\"publisher\":{\"@id\":\"https:\\\/\\\/stemarly.com\\\/es\\\/#organization\"},\"potentialAction\":[{\"@type\":\"SearchAction\",\"target\":{\"@type\":\"EntryPoint\",\"urlTemplate\":\"https:\\\/\\\/stemarly.com\\\/es\\\/?s={search_term_string}\"},\"query-input\":{\"@type\":\"PropertyValueSpecification\",\"valueRequired\":true,\"valueName\":\"search_term_string\"}}],\"inLanguage\":\"es\"},{\"@type\":\"Organization\",\"@id\":\"https:\\\/\\\/stemarly.com\\\/es\\\/#organization\",\"name\":\"Stemarly - Tammer Business\",\"url\":\"https:\\\/\\\/stemarly.com\\\/es\\\/\",\"logo\":{\"@type\":\"ImageObject\",\"inLanguage\":\"es\",\"@id\":\"https:\\\/\\\/stemarly.com\\\/es\\\/#\\\/schema\\\/logo\\\/image\\\/\",\"url\":\"https:\\\/\\\/i0.wp.com\\\/stemarly.com\\\/wp-content\\\/uploads\\\/2024\\\/01\\\/Logotype-schwarz-e1726514755119.png?fit=1750%2C300&ssl=1\",\"contentUrl\":\"https:\\\/\\\/i0.wp.com\\\/stemarly.com\\\/wp-content\\\/uploads\\\/2024\\\/01\\\/Logotype-schwarz-e1726514755119.png?fit=1750%2C300&ssl=1\",\"width\":1750,\"height\":300,\"caption\":\"Stemarly - Tammer Business\"},\"image\":{\"@id\":\"https:\\\/\\\/stemarly.com\\\/es\\\/#\\\/schema\\\/logo\\\/image\\\/\"},\"sameAs\":[\"https:\\\/\\\/www.instagram.com\\\/stemarly.official\\\/\"]}]}<\/script>\n<!-- \/ Yoast SEO plugin. -->","yoast_head_json":{"title":"Pie de imprenta - Stemarly","description":"Aqu\u00ed puedes encontrar toda la informaci\u00f3n legal sobre el operador de Stemarly. Transparencia y claridad sobre nuestra empresa y los requisitos legales.","robots":{"index":"index","follow":"follow","max-snippet":"max-snippet:-1","max-image-preview":"max-image-preview:large","max-video-preview":"max-video-preview:-1"},"canonical":"https:\/\/stemarly.com\/es\/pie-de-imprenta\/","og_locale":"es_ES","og_type":"article","og_title":"Pie de imprenta - Stemarly","og_description":"Aqu\u00ed puedes encontrar toda la informaci\u00f3n legal sobre el operador de Stemarly. Transparencia y claridad sobre nuestra empresa y los requisitos legales.","og_url":"https:\/\/stemarly.com\/es\/pie-de-imprenta\/","og_site_name":"Stemarly","article_modified_time":"2025-04-04T20:08:56+00:00","twitter_card":"summary_large_image","twitter_misc":{"Tiempo de lectura":"1 minuto"},"schema":{"@context":"https:\/\/schema.org","@graph":[{"@type":"WebPage","@id":"https:\/\/stemarly.com\/es\/pie-de-imprenta\/","url":"https:\/\/stemarly.com\/es\/pie-de-imprenta\/","name":"Pie de imprenta - Stemarly","isPartOf":{"@id":"https:\/\/stemarly.com\/es\/#website"},"datePublished":"2024-11-10T20:38:37+00:00","dateModified":"2025-04-04T20:08:56+00:00","description":"Aqu\u00ed puedes encontrar toda la informaci\u00f3n legal sobre el operador de Stemarly. Transparencia y claridad sobre nuestra empresa y los requisitos legales.","breadcrumb":{"@id":"https:\/\/stemarly.com\/es\/pie-de-imprenta\/#breadcrumb"},"inLanguage":"es","potentialAction":[{"@type":"ReadAction","target":["https:\/\/stemarly.com\/es\/pie-de-imprenta\/"]}]},{"@type":"BreadcrumbList","@id":"https:\/\/stemarly.com\/es\/pie-de-imprenta\/#breadcrumb","itemListElement":[{"@type":"ListItem","position":1,"name":"P\u00e1gina de inicio","item":"https:\/\/stemarly.com\/es\/"},{"@type":"ListItem","position":2,"name":"Pie de imprenta"}]},{"@type":"WebSite","@id":"https:\/\/stemarly.com\/es\/#website","url":"https:\/\/stemarly.com\/es\/","name":"Stemarly","description":"elegance to the very essence","publisher":{"@id":"https:\/\/stemarly.com\/es\/#organization"},"potentialAction":[{"@type":"SearchAction","target":{"@type":"EntryPoint","urlTemplate":"https:\/\/stemarly.com\/es\/?s={search_term_string}"},"query-input":{"@type":"PropertyValueSpecification","valueRequired":true,"valueName":"search_term_string"}}],"inLanguage":"es"},{"@type":"Organization","@id":"https:\/\/stemarly.com\/es\/#organization","name":"Stemarly - Tammer Business","url":"https:\/\/stemarly.com\/es\/","logo":{"@type":"ImageObject","inLanguage":"es","@id":"https:\/\/stemarly.com\/es\/#\/schema\/logo\/image\/","url":"https:\/\/i0.wp.com\/stemarly.com\/wp-content\/uploads\/2024\/01\/Logotype-schwarz-e1726514755119.png?fit=1750%2C300&ssl=1","contentUrl":"https:\/\/i0.wp.com\/stemarly.com\/wp-content\/uploads\/2024\/01\/Logotype-schwarz-e1726514755119.png?fit=1750%2C300&ssl=1","width":1750,"height":300,"caption":"Stemarly - Tammer Business"},"image":{"@id":"https:\/\/stemarly.com\/es\/#\/schema\/logo\/image\/"},"sameAs":["https:\/\/www.instagram.com\/stemarly.official\/"]}]}},"jetpack_sharing_enabled":true,"_links":{"self":[{"href":"https:\/\/stemarly.com\/es\/wp-json\/wp\/v2\/pages\/5090","targetHints":{"allow":["GET"]}}],"collection":[{"href":"https:\/\/stemarly.com\/es\/wp-json\/wp\/v2\/pages"}],"about":[{"href":"https:\/\/stemarly.com\/es\/wp-json\/wp\/v2\/types\/page"}],"author":[{"embeddable":true,"href":"https:\/\/stemarly.com\/es\/wp-json\/wp\/v2\/users\/1"}],"replies":[{"embeddable":true,"href":"https:\/\/stemarly.com\/es\/wp-json\/wp\/v2\/comments?post=5090"}],"version-history":[{"count":1,"href":"https:\/\/stemarly.com\/es\/wp-json\/wp\/v2\/pages\/5090\/revisions"}],"predecessor-version":[{"id":5092,"href":"https:\/\/stemarly.com\/es\/wp-json\/wp\/v2\/pages\/5090\/revisions\/5092"}],"wp:attachment":[{"href":"https:\/\/stemarly.com\/es\/wp-json\/wp\/v2\/media?parent=5090"}],"curies":[{"name":"wp","href":"https:\/\/api.w.org\/{rel}","templated":true}]}}