{"id":5093,"date":"2024-11-11T20:24:42","date_gmt":"2024-11-11T19:24:42","guid":{"rendered":"https:\/\/stemarly.com\/cookies\/"},"modified":"2025-04-04T22:08:58","modified_gmt":"2025-04-04T20:08:58","slug":"cookies","status":"publish","type":"page","link":"https:\/\/stemarly.com\/es\/cookies\/","title":{"rendered":"Cookies"},"content":{"rendered":"\t\t<div data-elementor-type=\"wp-page\" data-elementor-id=\"5093\" class=\"elementor elementor-5093 elementor-1280\" data-elementor-post-type=\"page\">\n\t\t\t\t<div class=\"elementor-element elementor-element-898b34b e-flex e-con-boxed e-con e-parent\" data-id=\"898b34b\" data-element_type=\"container\" data-e-type=\"container\">\n\t\t\t\t\t<div class=\"e-con-inner\">\n\t\t\t\t<div class=\"elementor-element elementor-element-eb3f5ba elementor-widget elementor-widget-heading\" data-id=\"eb3f5ba\" data-element_type=\"widget\" data-e-type=\"widget\" data-widget_type=\"heading.default\">\n\t\t\t\t<div class=\"elementor-widget-container\">\n\t\t\t\t\t<h1 class=\"elementor-heading-title elementor-size-default\">COOKIES<\/h1>\t\t\t\t<\/div>\n\t\t\t\t<\/div>\n\t\t\t\t<div class=\"elementor-element elementor-element-5b6cff1 elementor-widget elementor-widget-text-editor\" data-id=\"5b6cff1\" data-element_type=\"widget\" data-e-type=\"widget\" data-widget_type=\"text-editor.default\">\n\t\t\t\t<div class=\"elementor-widget-container\">\n\t\t\t\t\t\t\t\t\t<p><strong>1. \u00bfqu\u00e9 son las cookies?<br><\/strong>Las cookies son peque\u00f1os archivos de texto que se almacenan en tu dispositivo (ordenador, smartphone o tableta) cuando visitas un sitio web. Contienen informaci\u00f3n que permite al sitio web reconocerte en visitas posteriores y ayudan a mejorar la experiencia del usuario. <\/p>\t\t\t\t\t\t\t\t<\/div>\n\t\t\t\t<\/div>\n\t\t\t\t<div class=\"elementor-element elementor-element-3a55380 elementor-widget elementor-widget-text-editor\" data-id=\"3a55380\" data-element_type=\"widget\" data-e-type=\"widget\" data-widget_type=\"text-editor.default\">\n\t\t\t\t<div class=\"elementor-widget-container\">\n\t\t\t\t\t\t\t\t\t<p><strong>2 \u00bfQu\u00e9 cookies utilizamos?<br><\/strong>En nuestro sitio web utilizamos diferentes tipos de cookies:<\/p>\t\t\t\t\t\t\t\t<\/div>\n\t\t\t\t<\/div>\n\t\t\t\t<div class=\"elementor-element elementor-element-80fe464 elementor-widget elementor-widget-text-editor\" data-id=\"80fe464\" data-element_type=\"widget\" data-e-type=\"widget\" data-widget_type=\"text-editor.default\">\n\t\t\t\t<div class=\"elementor-widget-container\">\n\t\t\t\t\t\t\t\t\t<ul><li><strong>Cookies necesarias:<\/strong> Estas cookies son esenciales para las funciones b\u00e1sicas del sitio web, como guardar el contenido de la cesta de la compra o rellenar formularios.<\/li><li><strong>Cookies de an\u00e1lisis:<\/strong> Nos ayudan a analizar el uso de nuestro sitio web y a comprender c\u00f3mo interact\u00faan los visitantes con el sitio para mejorar su rendimiento.<\/li><li><strong>Cookies funcionales:<\/strong> Guardan tus ajustes y preferencias (por ejemplo, idioma, regi\u00f3n) para ofrecerte una experiencia personalizada.<\/li><li><strong>Cookies de marketing:<\/strong> Se utilizan para publicidad dirigida y nos ayudan a medir la eficacia de las medidas publicitarias.<\/li><\/ul>\t\t\t\t\t\t\t\t<\/div>\n\t\t\t\t<\/div>\n\t\t\t\t<div class=\"elementor-element elementor-element-02dbfe9 elementor-widget elementor-widget-text-editor\" data-id=\"02dbfe9\" data-element_type=\"widget\" data-e-type=\"widget\" data-widget_type=\"text-editor.default\">\n\t\t\t\t<div class=\"elementor-widget-container\">\n\t\t\t\t\t\t\t\t\t<p><strong>3. transferencia y protecci\u00f3n de datos<br><\/strong>Colaboramos con terceros proveedores (por ejemplo, proveedores de servicios de pago, empresas de transporte) para procesar tu pedido y optimizar nuestra oferta. Encontrar\u00e1s informaci\u00f3n sobre el tratamiento de datos personales, incluida la transferencia a terceros proveedores, en nuestra <span style=\"text-decoration: underline;\"><a href=\"https:\/\/stemarly.com\/datenschutzerklaerung\/\" rel=\"noopener\">pol\u00edtica de privacidad<\/a><\/span>que tambi\u00e9n puedes consultar en nuestro sitio web. <\/p>\t\t\t\t\t\t\t\t<\/div>\n\t\t\t\t<\/div>\n\t\t\t\t<div class=\"elementor-element elementor-element-177da8d elementor-widget elementor-widget-text-editor\" data-id=\"177da8d\" data-element_type=\"widget\" data-e-type=\"widget\" data-widget_type=\"text-editor.default\">\n\t\t\t\t<div class=\"elementor-widget-container\">\n\t\t\t\t\t\t\t\t\t<strong>4. \u00bfc\u00f3mo gestiono las cookies?\n<\/strong>Si no quieres que se almacenen cookies, puedes controlarlo en la configuraci\u00f3n de tu navegador o a trav\u00e9s del banner de cookies de nuestro sitio. Ten en cuenta que esto puede restringir la funcionalidad del sitio. \t\t\t\t\t\t\t\t<\/div>\n\t\t\t\t<\/div>\n\t\t\t\t<div class=\"elementor-element elementor-element-0ed5bf3 elementor-widget elementor-widget-text-editor\" data-id=\"0ed5bf3\" data-element_type=\"widget\" data-e-type=\"widget\" data-widget_type=\"text-editor.default\">\n\t\t\t\t<div class=\"elementor-widget-container\">\n\t\t\t\t\t\t\t\t\t<p><strong>5. consentimiento para el uso de cookies<br><\/strong>Al utilizar nuestro sitio web y confirmar la configuraci\u00f3n de cookies, das tu consentimiento para el uso de cookies de acuerdo con esta pol\u00edtica. Este consentimiento puede ser revocado en cualquier momento ajustando tu configuraci\u00f3n de cookies. <\/p>\t\t\t\t\t\t\t\t<\/div>\n\t\t\t\t<\/div>\n\t\t\t\t<div class=\"elementor-element elementor-element-11059bb elementor-widget elementor-widget-text-editor\" data-id=\"11059bb\" data-element_type=\"widget\" data-e-type=\"widget\" data-widget_type=\"text-editor.default\">\n\t\t\t\t<div class=\"elementor-widget-container\">\n\t\t\t\t\t\t\t\t\t<p><strong>6. contacto<br><\/strong>Si tienes alguna pregunta sobre nuestras cookies o el tratamiento de datos, ponte en contacto con nosotros en:<br>Stemarly &#8211; Tammer Business<br>Schmiedgasse 6,<br>9100 Herisau, Suiza<br>E-Mail: <span style=\"text-decoration: underline;\"><a href=\"mailto:info@stemarly.com\" rel=\"noopener\">info@stemarly.com<\/a><\/span><\/p>\t\t\t\t\t\t\t\t<\/div>\n\t\t\t\t<\/div>\n\t\t\t\t<div class=\"elementor-element elementor-element-2002669 elementor-hidden-tablet elementor-hidden-mobile elementor-widget elementor-widget-spacer\" data-id=\"2002669\" data-element_type=\"widget\" data-e-type=\"widget\" data-widget_type=\"spacer.default\">\n\t\t\t\t<div class=\"elementor-widget-container\">\n\t\t\t\t\t\t\t<div class=\"elementor-spacer\">\n\t\t\t<div class=\"elementor-spacer-inner\"><\/div>\n\t\t<\/div>\n\t\t\t\t\t\t<\/div>\n\t\t\t\t<\/div>\n\t\t\t\t\t<\/div>\n\t\t\t\t<\/div>\n\t\t<div class=\"elementor-element elementor-element-0114908 e-flex e-con-boxed e-con e-parent\" data-id=\"0114908\" data-element_type=\"container\" data-e-type=\"container\">\n\t\t\t\t\t<div class=\"e-con-inner\">\n\t\t\t\t<div class=\"elementor-element elementor-element-1771 elementor-widget elementor-widget-global elementor-global-5234 elementor-global-1771 elementor-widget-html\" data-id=\"1771\" data-element_type=\"widget\" data-e-type=\"widget\" data-widget_type=\"html.default\">\n\t\t\t\t<div class=\"elementor-widget-container\">\n\t\t\t\t\t<script src=\"https:\/\/code.jquery.com\/jquery-3.6.0.min.js\"><\/script><script>\/\/You can replace offset value from here\r\nvar offset = 300\r\n$(window).on('load scroll', function(){\r\n\t\r\n\tif( $(window).scrollTop() > offset ){\r\n        $('body').addClass('show')\r\n\t}else{\r\n        $('body').removeClass('show')\r\n\t}\r\n})\r\n<\/script>\t\t\t\t<\/div>\n\t\t\t\t<\/div>\n\t\t\t\t<div class=\"elementor-element elementor-element-df30a48 elementor-fixed elementor-view-default elementor-widget elementor-widget-global elementor-global-5214 elementor-global-1774 elementor-widget-icon\" data-id=\"df30a48\" data-element_type=\"widget\" data-e-type=\"widget\" data-settings=\"{&quot;_position&quot;:&quot;fixed&quot;}\" data-widget_type=\"icon.default\">\n\t\t\t\t<div class=\"elementor-widget-container\">\n\t\t\t\t\t\t\t<div class=\"elementor-icon-wrapper\">\n\t\t\t<a class=\"elementor-icon\" href=\"#header\">\n\t\t\t<i aria-hidden=\"true\" class=\"fas fa-angle-up\"><\/i>\t\t\t<\/a>\n\t\t<\/div>\n\t\t\t\t\t\t<\/div>\n\t\t\t\t<\/div>\n\t\t\t\t\t<\/div>\n\t\t\t\t<\/div>\n\t\t\t\t<\/div>\n\t\t","protected":false},"excerpt":{"rendered":"<p>COOKIES 1. \u00bfqu\u00e9 son las cookies?Las cookies son peque\u00f1os archivos de texto que se almacenan en tu dispositivo (ordenador, smartphone o tableta) cuando visitas un sitio web. Contienen informaci\u00f3n que permite al sitio web reconocerte en visitas posteriores y ayudan a mejorar la experiencia del usuario. 2 \u00bfQu\u00e9 cookies utilizamos?En nuestro sitio web utilizamos diferentes [&hellip;]<\/p>\n","protected":false},"author":1,"featured_media":0,"parent":0,"menu_order":0,"comment_status":"closed","ping_status":"closed","template":"","meta":{"footnotes":""},"class_list":["post-5093","page","type-page","status-publish","hentry"],"yoast_head":"<!-- This site is optimized with the Yoast SEO plugin v27.4 - https:\/\/yoast.com\/product\/yoast-seo-wordpress\/ -->\n<title>Cookies - Stemarly<\/title>\n<meta name=\"description\" content=\"Descubre c\u00f3mo utilizamos las cookies en Stemarly para mejorar tu experiencia de usuario y adaptar el sitio web a tus necesidades.\" \/>\n<meta name=\"robots\" content=\"index, follow, max-snippet:-1, max-image-preview:large, max-video-preview:-1\" \/>\n<link rel=\"canonical\" href=\"https:\/\/stemarly.com\/es\/cookies\/\" \/>\n<meta property=\"og:locale\" content=\"es_ES\" \/>\n<meta property=\"og:type\" content=\"article\" \/>\n<meta property=\"og:title\" content=\"Cookies - Stemarly\" \/>\n<meta property=\"og:description\" content=\"Descubre c\u00f3mo utilizamos las cookies en Stemarly para mejorar tu experiencia de usuario y adaptar el sitio web a tus necesidades.\" \/>\n<meta property=\"og:url\" content=\"https:\/\/stemarly.com\/es\/cookies\/\" \/>\n<meta property=\"og:site_name\" content=\"Stemarly\" \/>\n<meta property=\"article:modified_time\" content=\"2025-04-04T20:08:58+00:00\" \/>\n<meta name=\"twitter:card\" content=\"summary_large_image\" \/>\n<meta name=\"twitter:label1\" content=\"Tiempo de lectura\" \/>\n\t<meta name=\"twitter:data1\" content=\"2 minuto\" \/>\n<script type=\"application\/ld+json\" class=\"yoast-schema-graph\">{\"@context\":\"https:\\\/\\\/schema.org\",\"@graph\":[{\"@type\":\"WebPage\",\"@id\":\"https:\\\/\\\/stemarly.com\\\/es\\\/cookies\\\/\",\"url\":\"https:\\\/\\\/stemarly.com\\\/es\\\/cookies\\\/\",\"name\":\"Cookies - Stemarly\",\"isPartOf\":{\"@id\":\"https:\\\/\\\/stemarly.com\\\/es\\\/#website\"},\"datePublished\":\"2024-11-11T19:24:42+00:00\",\"dateModified\":\"2025-04-04T20:08:58+00:00\",\"description\":\"Descubre c\u00f3mo utilizamos las cookies en Stemarly para mejorar tu experiencia de usuario y adaptar el sitio web a tus necesidades.\",\"breadcrumb\":{\"@id\":\"https:\\\/\\\/stemarly.com\\\/es\\\/cookies\\\/#breadcrumb\"},\"inLanguage\":\"es\",\"potentialAction\":[{\"@type\":\"ReadAction\",\"target\":[\"https:\\\/\\\/stemarly.com\\\/es\\\/cookies\\\/\"]}]},{\"@type\":\"BreadcrumbList\",\"@id\":\"https:\\\/\\\/stemarly.com\\\/es\\\/cookies\\\/#breadcrumb\",\"itemListElement\":[{\"@type\":\"ListItem\",\"position\":1,\"name\":\"P\u00e1gina de inicio\",\"item\":\"https:\\\/\\\/stemarly.com\\\/es\\\/\"},{\"@type\":\"ListItem\",\"position\":2,\"name\":\"Cookies\"}]},{\"@type\":\"WebSite\",\"@id\":\"https:\\\/\\\/stemarly.com\\\/es\\\/#website\",\"url\":\"https:\\\/\\\/stemarly.com\\\/es\\\/\",\"name\":\"Stemarly\",\"description\":\"elegance to the very essence\",\"publisher\":{\"@id\":\"https:\\\/\\\/stemarly.com\\\/es\\\/#organization\"},\"potentialAction\":[{\"@type\":\"SearchAction\",\"target\":{\"@type\":\"EntryPoint\",\"urlTemplate\":\"https:\\\/\\\/stemarly.com\\\/es\\\/?s={search_term_string}\"},\"query-input\":{\"@type\":\"PropertyValueSpecification\",\"valueRequired\":true,\"valueName\":\"search_term_string\"}}],\"inLanguage\":\"es\"},{\"@type\":\"Organization\",\"@id\":\"https:\\\/\\\/stemarly.com\\\/es\\\/#organization\",\"name\":\"Stemarly - Tammer Business\",\"url\":\"https:\\\/\\\/stemarly.com\\\/es\\\/\",\"logo\":{\"@type\":\"ImageObject\",\"inLanguage\":\"es\",\"@id\":\"https:\\\/\\\/stemarly.com\\\/es\\\/#\\\/schema\\\/logo\\\/image\\\/\",\"url\":\"https:\\\/\\\/i0.wp.com\\\/stemarly.com\\\/wp-content\\\/uploads\\\/2024\\\/01\\\/Logotype-schwarz-e1726514755119.png?fit=1750%2C300&ssl=1\",\"contentUrl\":\"https:\\\/\\\/i0.wp.com\\\/stemarly.com\\\/wp-content\\\/uploads\\\/2024\\\/01\\\/Logotype-schwarz-e1726514755119.png?fit=1750%2C300&ssl=1\",\"width\":1750,\"height\":300,\"caption\":\"Stemarly - Tammer Business\"},\"image\":{\"@id\":\"https:\\\/\\\/stemarly.com\\\/es\\\/#\\\/schema\\\/logo\\\/image\\\/\"},\"sameAs\":[\"https:\\\/\\\/www.instagram.com\\\/stemarly.official\\\/\"]}]}<\/script>\n<!-- \/ Yoast SEO plugin. -->","yoast_head_json":{"title":"Cookies - Stemarly","description":"Descubre c\u00f3mo utilizamos las cookies en Stemarly para mejorar tu experiencia de usuario y adaptar el sitio web a tus necesidades.","robots":{"index":"index","follow":"follow","max-snippet":"max-snippet:-1","max-image-preview":"max-image-preview:large","max-video-preview":"max-video-preview:-1"},"canonical":"https:\/\/stemarly.com\/es\/cookies\/","og_locale":"es_ES","og_type":"article","og_title":"Cookies - Stemarly","og_description":"Descubre c\u00f3mo utilizamos las cookies en Stemarly para mejorar tu experiencia de usuario y adaptar el sitio web a tus necesidades.","og_url":"https:\/\/stemarly.com\/es\/cookies\/","og_site_name":"Stemarly","article_modified_time":"2025-04-04T20:08:58+00:00","twitter_card":"summary_large_image","twitter_misc":{"Tiempo de lectura":"2 minuto"},"schema":{"@context":"https:\/\/schema.org","@graph":[{"@type":"WebPage","@id":"https:\/\/stemarly.com\/es\/cookies\/","url":"https:\/\/stemarly.com\/es\/cookies\/","name":"Cookies - Stemarly","isPartOf":{"@id":"https:\/\/stemarly.com\/es\/#website"},"datePublished":"2024-11-11T19:24:42+00:00","dateModified":"2025-04-04T20:08:58+00:00","description":"Descubre c\u00f3mo utilizamos las cookies en Stemarly para mejorar tu experiencia de usuario y adaptar el sitio web a tus necesidades.","breadcrumb":{"@id":"https:\/\/stemarly.com\/es\/cookies\/#breadcrumb"},"inLanguage":"es","potentialAction":[{"@type":"ReadAction","target":["https:\/\/stemarly.com\/es\/cookies\/"]}]},{"@type":"BreadcrumbList","@id":"https:\/\/stemarly.com\/es\/cookies\/#breadcrumb","itemListElement":[{"@type":"ListItem","position":1,"name":"P\u00e1gina de inicio","item":"https:\/\/stemarly.com\/es\/"},{"@type":"ListItem","position":2,"name":"Cookies"}]},{"@type":"WebSite","@id":"https:\/\/stemarly.com\/es\/#website","url":"https:\/\/stemarly.com\/es\/","name":"Stemarly","description":"elegance to the very essence","publisher":{"@id":"https:\/\/stemarly.com\/es\/#organization"},"potentialAction":[{"@type":"SearchAction","target":{"@type":"EntryPoint","urlTemplate":"https:\/\/stemarly.com\/es\/?s={search_term_string}"},"query-input":{"@type":"PropertyValueSpecification","valueRequired":true,"valueName":"search_term_string"}}],"inLanguage":"es"},{"@type":"Organization","@id":"https:\/\/stemarly.com\/es\/#organization","name":"Stemarly - Tammer Business","url":"https:\/\/stemarly.com\/es\/","logo":{"@type":"ImageObject","inLanguage":"es","@id":"https:\/\/stemarly.com\/es\/#\/schema\/logo\/image\/","url":"https:\/\/i0.wp.com\/stemarly.com\/wp-content\/uploads\/2024\/01\/Logotype-schwarz-e1726514755119.png?fit=1750%2C300&ssl=1","contentUrl":"https:\/\/i0.wp.com\/stemarly.com\/wp-content\/uploads\/2024\/01\/Logotype-schwarz-e1726514755119.png?fit=1750%2C300&ssl=1","width":1750,"height":300,"caption":"Stemarly - Tammer Business"},"image":{"@id":"https:\/\/stemarly.com\/es\/#\/schema\/logo\/image\/"},"sameAs":["https:\/\/www.instagram.com\/stemarly.official\/"]}]}},"jetpack_sharing_enabled":true,"_links":{"self":[{"href":"https:\/\/stemarly.com\/es\/wp-json\/wp\/v2\/pages\/5093","targetHints":{"allow":["GET"]}}],"collection":[{"href":"https:\/\/stemarly.com\/es\/wp-json\/wp\/v2\/pages"}],"about":[{"href":"https:\/\/stemarly.com\/es\/wp-json\/wp\/v2\/types\/page"}],"author":[{"embeddable":true,"href":"https:\/\/stemarly.com\/es\/wp-json\/wp\/v2\/users\/1"}],"replies":[{"embeddable":true,"href":"https:\/\/stemarly.com\/es\/wp-json\/wp\/v2\/comments?post=5093"}],"version-history":[{"count":1,"href":"https:\/\/stemarly.com\/es\/wp-json\/wp\/v2\/pages\/5093\/revisions"}],"predecessor-version":[{"id":5094,"href":"https:\/\/stemarly.com\/es\/wp-json\/wp\/v2\/pages\/5093\/revisions\/5094"}],"wp:attachment":[{"href":"https:\/\/stemarly.com\/es\/wp-json\/wp\/v2\/media?parent=5093"}],"curies":[{"name":"wp","href":"https:\/\/api.w.org\/{rel}","templated":true}]}}