{"id":5111,"date":"2024-11-08T20:36:07","date_gmt":"2024-11-08T19:36:07","guid":{"rendered":"https:\/\/stemarly.com\/devuelve\/"},"modified":"2025-04-04T22:09:10","modified_gmt":"2025-04-04T20:09:10","slug":"devuelve","status":"publish","type":"page","link":"https:\/\/stemarly.com\/es\/devuelve\/","title":{"rendered":"Devuelve"},"content":{"rendered":"\t\t<div data-elementor-type=\"wp-page\" data-elementor-id=\"5111\" class=\"elementor elementor-5111 elementor-1200\" data-elementor-post-type=\"page\">\n\t\t\t\t<div class=\"elementor-element elementor-element-e377c6c e-flex e-con-boxed e-con e-parent\" data-id=\"e377c6c\" data-element_type=\"container\" data-e-type=\"container\">\n\t\t\t\t\t<div class=\"e-con-inner\">\n\t\t\t\t<div class=\"elementor-element elementor-element-9e6949e elementor-widget elementor-widget-heading\" data-id=\"9e6949e\" data-element_type=\"widget\" data-e-type=\"widget\" data-widget_type=\"heading.default\">\n\t\t\t\t<div class=\"elementor-widget-container\">\n\t\t\t\t\t<h1 class=\"elementor-heading-title elementor-size-default\">DEVOLUCI\u00d3N DE PRODUCTOS<\/h1>\t\t\t\t<\/div>\n\t\t\t\t<\/div>\n\t\t\t\t<div class=\"elementor-element elementor-element-c430bf1 elementor-widget elementor-widget-text-editor\" data-id=\"c430bf1\" data-element_type=\"widget\" data-e-type=\"widget\" data-widget_type=\"text-editor.default\">\n\t\t\t\t<div class=\"elementor-widget-container\">\n\t\t\t\t\t\t\t\t\t<p><strong>Devoluciones<\/strong><br>Puedes devolver tu compra en un plazo de 14 d\u00edas a partir de la fecha de recepci\u00f3n si las joyas no se han usado y se devuelven en su embalaje original. No cubriremos los gastos de devoluci\u00f3n. <\/p>\t\t\t\t\t\t\t\t<\/div>\n\t\t\t\t<\/div>\n\t\t\t\t<div class=\"elementor-element elementor-element-4f9174b elementor-widget elementor-widget-text-editor\" data-id=\"4f9174b\" data-element_type=\"widget\" data-e-type=\"widget\" data-widget_type=\"text-editor.default\">\n\t\t\t\t<div class=\"elementor-widget-container\">\n\t\t\t\t\t\t\t\t\t<p><strong>Art\u00edculos da\u00f1ados<\/strong><br>Si el art\u00edculo est\u00e1 da\u00f1ado o defectuoso, te ofreceremos un reemplazo gratuito sin necesidad de devolverlo. Ponte en contacto con nosotros a trav\u00e9s de nuestro <a href=\"http:\/\/www.stemarly.com\/kontakt\"><span style=\"text-decoration: underline;\">formulario de contacto<\/span> <\/a>y describe el da\u00f1o. Nuestro equipo de atenci\u00f3n al cliente se pondr\u00e1 en contacto contigo lo antes posible y organizar\u00e1 la sustituci\u00f3n gratuita.  <\/p>\t\t\t\t\t\t\t\t<\/div>\n\t\t\t\t<\/div>\n\t\t\t\t<div class=\"elementor-element elementor-element-caa0482 elementor-widget elementor-widget-heading\" data-id=\"caa0482\" data-element_type=\"widget\" data-e-type=\"widget\" data-widget_type=\"heading.default\">\n\t\t\t\t<div class=\"elementor-widget-container\">\n\t\t\t\t\t<h4 class=\"elementor-heading-title elementor-size-default\">C\u00f3mo devolver un art\u00edculo<\/h4>\t\t\t\t<\/div>\n\t\t\t\t<\/div>\n\t\t\t\t<div class=\"elementor-element elementor-element-2379f09 elementor-widget elementor-widget-text-editor\" data-id=\"2379f09\" data-element_type=\"widget\" data-e-type=\"widget\" data-widget_type=\"text-editor.default\">\n\t\t\t\t<div class=\"elementor-widget-container\">\n\t\t\t\t\t\t\t\t\t<ol><li><strong>Solicitar una devoluci\u00f3n<\/strong><br>Utiliza nuestro <span style=\"text-decoration: underline;\"><a href=\"https:\/\/stemarly.com\/es\/formulario-de-contacto\/\">formulario de contacto<\/a><\/span>para solicitar una devoluci\u00f3n o un cambio. A continuaci\u00f3n, recibir\u00e1s instrucciones detalladas de devoluci\u00f3n por correo electr\u00f3nico en funci\u00f3n de tu ubicaci\u00f3n. <\/li><li><strong>Embalaje del art\u00edculo<\/strong><br>Embala las joyas de forma segura en el embalaje original. Aseg\u00farate de que todos los art\u00edculos est\u00e1n en su estado original (excepto los da\u00f1ados). <\/li><li><strong>Env\u00edo de una devoluci\u00f3n<\/strong><br>Env\u00eda el paquete siguiendo las instrucciones que has recibido por correo electr\u00f3nico. Para tu protecci\u00f3n, te recomendamos que utilices un servicio de env\u00edo asegurado con seguimiento. Conserva el comprobante de env\u00edo hasta que se haya confirmado la devoluci\u00f3n.  <\/li><li><strong>Recibir un reembolso<\/strong><br>Tu devoluci\u00f3n se procesar\u00e1 en un plazo de 10 d\u00edas laborables a partir de la fecha de recepci\u00f3n. No se reembolsar\u00e1n los gastos de env\u00edo. <\/li><\/ol>\t\t\t\t\t\t\t\t<\/div>\n\t\t\t\t<\/div>\n\t\t\t\t<div class=\"elementor-element elementor-element-d044dfc elementor-widget elementor-widget-text-editor\" data-id=\"d044dfc\" data-element_type=\"widget\" data-e-type=\"widget\" data-widget_type=\"text-editor.default\">\n\t\t\t\t<div class=\"elementor-widget-container\">\n\t\t\t\t\t\t\t\t\t<p><strong>Notas importantes<\/strong><br>Los art\u00edculos devueltos deben estar en perfectas condiciones y ser revendibles.<\/p>\t\t\t\t\t\t\t\t<\/div>\n\t\t\t\t<\/div>\n\t\t\t\t<div class=\"elementor-element elementor-element-5151942 elementor-hidden-tablet elementor-hidden-mobile elementor-widget elementor-widget-spacer\" data-id=\"5151942\" data-element_type=\"widget\" data-e-type=\"widget\" data-widget_type=\"spacer.default\">\n\t\t\t\t<div class=\"elementor-widget-container\">\n\t\t\t\t\t\t\t<div class=\"elementor-spacer\">\n\t\t\t<div class=\"elementor-spacer-inner\"><\/div>\n\t\t<\/div>\n\t\t\t\t\t\t<\/div>\n\t\t\t\t<\/div>\n\t\t\t\t\t<\/div>\n\t\t\t\t<\/div>\n\t\t<div class=\"elementor-element elementor-element-ca6b894 e-flex e-con-boxed e-con e-parent\" data-id=\"ca6b894\" data-element_type=\"container\" data-e-type=\"container\">\n\t\t\t\t\t<div class=\"e-con-inner\">\n\t\t\t\t<div class=\"elementor-element elementor-element-bf5fbb2 elementor-widget elementor-widget-global elementor-global-5234 elementor-global-1771 elementor-widget-html\" data-id=\"bf5fbb2\" data-element_type=\"widget\" data-e-type=\"widget\" data-widget_type=\"html.default\">\n\t\t\t\t<div class=\"elementor-widget-container\">\n\t\t\t\t\t<script src=\"https:\/\/code.jquery.com\/jquery-3.6.0.min.js\"><\/script><script>\/\/You can replace offset value from here\r\nvar offset = 300\r\n$(window).on('load scroll', function(){\r\n\t\r\n\tif( $(window).scrollTop() > offset ){\r\n        $('body').addClass('show')\r\n\t}else{\r\n        $('body').removeClass('show')\r\n\t}\r\n})\r\n<\/script>\t\t\t\t<\/div>\n\t\t\t\t<\/div>\n\t\t\t\t<div class=\"elementor-element elementor-element-27cf00f elementor-fixed elementor-view-default elementor-widget elementor-widget-global elementor-global-5214 elementor-global-1774 elementor-widget-icon\" data-id=\"27cf00f\" data-element_type=\"widget\" data-e-type=\"widget\" data-settings=\"{&quot;_position&quot;:&quot;fixed&quot;}\" data-widget_type=\"icon.default\">\n\t\t\t\t<div class=\"elementor-widget-container\">\n\t\t\t\t\t\t\t<div class=\"elementor-icon-wrapper\">\n\t\t\t<a class=\"elementor-icon\" href=\"#header\">\n\t\t\t<i aria-hidden=\"true\" class=\"fas fa-angle-up\"><\/i>\t\t\t<\/a>\n\t\t<\/div>\n\t\t\t\t\t\t<\/div>\n\t\t\t\t<\/div>\n\t\t\t\t<div class=\"elementor-element elementor-element-28f4808 elementor-fixed elementor-view-default elementor-widget elementor-widget-global elementor-global-5214 elementor-global-1774 elementor-widget-icon\" data-id=\"28f4808\" data-element_type=\"widget\" data-e-type=\"widget\" data-settings=\"{&quot;_position&quot;:&quot;fixed&quot;}\" data-widget_type=\"icon.default\">\n\t\t\t\t<div class=\"elementor-widget-container\">\n\t\t\t\t\t\t\t<div class=\"elementor-icon-wrapper\">\n\t\t\t<a class=\"elementor-icon\" href=\"#header\">\n\t\t\t<i aria-hidden=\"true\" class=\"fas fa-angle-up\"><\/i>\t\t\t<\/a>\n\t\t<\/div>\n\t\t\t\t\t\t<\/div>\n\t\t\t\t<\/div>\n\t\t\t\t<div class=\"elementor-element elementor-element-1774 elementor-fixed elementor-view-default elementor-widget elementor-widget-global elementor-global-5214 elementor-global-1774 elementor-widget-icon\" data-id=\"1774\" data-element_type=\"widget\" data-e-type=\"widget\" data-settings=\"{&quot;_position&quot;:&quot;fixed&quot;}\" data-widget_type=\"icon.default\">\n\t\t\t\t<div class=\"elementor-widget-container\">\n\t\t\t\t\t\t\t<div class=\"elementor-icon-wrapper\">\n\t\t\t<a class=\"elementor-icon\" href=\"#header\">\n\t\t\t<i aria-hidden=\"true\" class=\"fas fa-angle-up\"><\/i>\t\t\t<\/a>\n\t\t<\/div>\n\t\t\t\t\t\t<\/div>\n\t\t\t\t<\/div>\n\t\t\t\t\t<\/div>\n\t\t\t\t<\/div>\n\t\t\t\t<\/div>\n\t\t","protected":false},"excerpt":{"rendered":"<p>DEVOLUCI\u00d3N DE PRODUCTOS DevolucionesPuedes devolver tu compra en un plazo de 14 d\u00edas a partir de la fecha de recepci\u00f3n si las joyas no se han usado y se devuelven en su embalaje original. No cubriremos los gastos de devoluci\u00f3n. Art\u00edculos da\u00f1adosSi el art\u00edculo est\u00e1 da\u00f1ado o defectuoso, te ofreceremos un reemplazo gratuito sin necesidad [&hellip;]<\/p>\n","protected":false},"author":1,"featured_media":0,"parent":0,"menu_order":0,"comment_status":"closed","ping_status":"closed","template":"","meta":{"footnotes":""},"class_list":["post-5111","page","type-page","status-publish","hentry"],"yoast_head":"<!-- This site is optimized with the Yoast SEO plugin v27.4 - https:\/\/yoast.com\/product\/yoast-seo-wordpress\/ -->\n<title>Devuelve - Stemarly<\/title>\n<meta name=\"description\" content=\"Devoluciones en Stemarly: Descubre aqu\u00ed todo lo que necesitas saber sobre las devoluciones y devuelve tus art\u00edculos de forma r\u00e1pida y sencilla.\" \/>\n<meta name=\"robots\" content=\"index, follow, max-snippet:-1, max-image-preview:large, max-video-preview:-1\" \/>\n<link rel=\"canonical\" href=\"https:\/\/stemarly.com\/es\/devuelve\/\" \/>\n<meta property=\"og:locale\" content=\"es_ES\" \/>\n<meta property=\"og:type\" content=\"article\" \/>\n<meta property=\"og:title\" content=\"Devuelve - Stemarly\" \/>\n<meta property=\"og:description\" content=\"Devoluciones en Stemarly: Descubre aqu\u00ed todo lo que necesitas saber sobre las devoluciones y devuelve tus art\u00edculos de forma r\u00e1pida y sencilla.\" \/>\n<meta property=\"og:url\" content=\"https:\/\/stemarly.com\/es\/devuelve\/\" \/>\n<meta property=\"og:site_name\" content=\"Stemarly\" \/>\n<meta property=\"article:modified_time\" content=\"2025-04-04T20:09:10+00:00\" \/>\n<meta name=\"twitter:card\" content=\"summary_large_image\" \/>\n<meta name=\"twitter:label1\" content=\"Tiempo de lectura\" \/>\n\t<meta name=\"twitter:data1\" content=\"1 minuto\" \/>\n<script type=\"application\/ld+json\" class=\"yoast-schema-graph\">{\"@context\":\"https:\\\/\\\/schema.org\",\"@graph\":[{\"@type\":\"WebPage\",\"@id\":\"https:\\\/\\\/stemarly.com\\\/es\\\/devuelve\\\/\",\"url\":\"https:\\\/\\\/stemarly.com\\\/es\\\/devuelve\\\/\",\"name\":\"Devuelve - Stemarly\",\"isPartOf\":{\"@id\":\"https:\\\/\\\/stemarly.com\\\/es\\\/#website\"},\"datePublished\":\"2024-11-08T19:36:07+00:00\",\"dateModified\":\"2025-04-04T20:09:10+00:00\",\"description\":\"Devoluciones en Stemarly: Descubre aqu\u00ed todo lo que necesitas saber sobre las devoluciones y devuelve tus art\u00edculos de forma r\u00e1pida y sencilla.\",\"breadcrumb\":{\"@id\":\"https:\\\/\\\/stemarly.com\\\/es\\\/devuelve\\\/#breadcrumb\"},\"inLanguage\":\"es\",\"potentialAction\":[{\"@type\":\"ReadAction\",\"target\":[\"https:\\\/\\\/stemarly.com\\\/es\\\/devuelve\\\/\"]}]},{\"@type\":\"BreadcrumbList\",\"@id\":\"https:\\\/\\\/stemarly.com\\\/es\\\/devuelve\\\/#breadcrumb\",\"itemListElement\":[{\"@type\":\"ListItem\",\"position\":1,\"name\":\"P\u00e1gina de inicio\",\"item\":\"https:\\\/\\\/stemarly.com\\\/es\\\/\"},{\"@type\":\"ListItem\",\"position\":2,\"name\":\"Devuelve\"}]},{\"@type\":\"WebSite\",\"@id\":\"https:\\\/\\\/stemarly.com\\\/es\\\/#website\",\"url\":\"https:\\\/\\\/stemarly.com\\\/es\\\/\",\"name\":\"Stemarly\",\"description\":\"elegance to the very essence\",\"publisher\":{\"@id\":\"https:\\\/\\\/stemarly.com\\\/es\\\/#organization\"},\"potentialAction\":[{\"@type\":\"SearchAction\",\"target\":{\"@type\":\"EntryPoint\",\"urlTemplate\":\"https:\\\/\\\/stemarly.com\\\/es\\\/?s={search_term_string}\"},\"query-input\":{\"@type\":\"PropertyValueSpecification\",\"valueRequired\":true,\"valueName\":\"search_term_string\"}}],\"inLanguage\":\"es\"},{\"@type\":\"Organization\",\"@id\":\"https:\\\/\\\/stemarly.com\\\/es\\\/#organization\",\"name\":\"Stemarly - Tammer Business\",\"url\":\"https:\\\/\\\/stemarly.com\\\/es\\\/\",\"logo\":{\"@type\":\"ImageObject\",\"inLanguage\":\"es\",\"@id\":\"https:\\\/\\\/stemarly.com\\\/es\\\/#\\\/schema\\\/logo\\\/image\\\/\",\"url\":\"https:\\\/\\\/i0.wp.com\\\/stemarly.com\\\/wp-content\\\/uploads\\\/2024\\\/01\\\/Logotype-schwarz-e1726514755119.png?fit=1750%2C300&ssl=1\",\"contentUrl\":\"https:\\\/\\\/i0.wp.com\\\/stemarly.com\\\/wp-content\\\/uploads\\\/2024\\\/01\\\/Logotype-schwarz-e1726514755119.png?fit=1750%2C300&ssl=1\",\"width\":1750,\"height\":300,\"caption\":\"Stemarly - Tammer Business\"},\"image\":{\"@id\":\"https:\\\/\\\/stemarly.com\\\/es\\\/#\\\/schema\\\/logo\\\/image\\\/\"},\"sameAs\":[\"https:\\\/\\\/www.instagram.com\\\/stemarly.official\\\/\"]}]}<\/script>\n<!-- \/ Yoast SEO plugin. -->","yoast_head_json":{"title":"Devuelve - Stemarly","description":"Devoluciones en Stemarly: Descubre aqu\u00ed todo lo que necesitas saber sobre las devoluciones y devuelve tus art\u00edculos de forma r\u00e1pida y sencilla.","robots":{"index":"index","follow":"follow","max-snippet":"max-snippet:-1","max-image-preview":"max-image-preview:large","max-video-preview":"max-video-preview:-1"},"canonical":"https:\/\/stemarly.com\/es\/devuelve\/","og_locale":"es_ES","og_type":"article","og_title":"Devuelve - Stemarly","og_description":"Devoluciones en Stemarly: Descubre aqu\u00ed todo lo que necesitas saber sobre las devoluciones y devuelve tus art\u00edculos de forma r\u00e1pida y sencilla.","og_url":"https:\/\/stemarly.com\/es\/devuelve\/","og_site_name":"Stemarly","article_modified_time":"2025-04-04T20:09:10+00:00","twitter_card":"summary_large_image","twitter_misc":{"Tiempo de lectura":"1 minuto"},"schema":{"@context":"https:\/\/schema.org","@graph":[{"@type":"WebPage","@id":"https:\/\/stemarly.com\/es\/devuelve\/","url":"https:\/\/stemarly.com\/es\/devuelve\/","name":"Devuelve - Stemarly","isPartOf":{"@id":"https:\/\/stemarly.com\/es\/#website"},"datePublished":"2024-11-08T19:36:07+00:00","dateModified":"2025-04-04T20:09:10+00:00","description":"Devoluciones en Stemarly: Descubre aqu\u00ed todo lo que necesitas saber sobre las devoluciones y devuelve tus art\u00edculos de forma r\u00e1pida y sencilla.","breadcrumb":{"@id":"https:\/\/stemarly.com\/es\/devuelve\/#breadcrumb"},"inLanguage":"es","potentialAction":[{"@type":"ReadAction","target":["https:\/\/stemarly.com\/es\/devuelve\/"]}]},{"@type":"BreadcrumbList","@id":"https:\/\/stemarly.com\/es\/devuelve\/#breadcrumb","itemListElement":[{"@type":"ListItem","position":1,"name":"P\u00e1gina de inicio","item":"https:\/\/stemarly.com\/es\/"},{"@type":"ListItem","position":2,"name":"Devuelve"}]},{"@type":"WebSite","@id":"https:\/\/stemarly.com\/es\/#website","url":"https:\/\/stemarly.com\/es\/","name":"Stemarly","description":"elegance to the very essence","publisher":{"@id":"https:\/\/stemarly.com\/es\/#organization"},"potentialAction":[{"@type":"SearchAction","target":{"@type":"EntryPoint","urlTemplate":"https:\/\/stemarly.com\/es\/?s={search_term_string}"},"query-input":{"@type":"PropertyValueSpecification","valueRequired":true,"valueName":"search_term_string"}}],"inLanguage":"es"},{"@type":"Organization","@id":"https:\/\/stemarly.com\/es\/#organization","name":"Stemarly - Tammer Business","url":"https:\/\/stemarly.com\/es\/","logo":{"@type":"ImageObject","inLanguage":"es","@id":"https:\/\/stemarly.com\/es\/#\/schema\/logo\/image\/","url":"https:\/\/i0.wp.com\/stemarly.com\/wp-content\/uploads\/2024\/01\/Logotype-schwarz-e1726514755119.png?fit=1750%2C300&ssl=1","contentUrl":"https:\/\/i0.wp.com\/stemarly.com\/wp-content\/uploads\/2024\/01\/Logotype-schwarz-e1726514755119.png?fit=1750%2C300&ssl=1","width":1750,"height":300,"caption":"Stemarly - Tammer Business"},"image":{"@id":"https:\/\/stemarly.com\/es\/#\/schema\/logo\/image\/"},"sameAs":["https:\/\/www.instagram.com\/stemarly.official\/"]}]}},"jetpack_sharing_enabled":true,"_links":{"self":[{"href":"https:\/\/stemarly.com\/es\/wp-json\/wp\/v2\/pages\/5111","targetHints":{"allow":["GET"]}}],"collection":[{"href":"https:\/\/stemarly.com\/es\/wp-json\/wp\/v2\/pages"}],"about":[{"href":"https:\/\/stemarly.com\/es\/wp-json\/wp\/v2\/types\/page"}],"author":[{"embeddable":true,"href":"https:\/\/stemarly.com\/es\/wp-json\/wp\/v2\/users\/1"}],"replies":[{"embeddable":true,"href":"https:\/\/stemarly.com\/es\/wp-json\/wp\/v2\/comments?post=5111"}],"version-history":[{"count":1,"href":"https:\/\/stemarly.com\/es\/wp-json\/wp\/v2\/pages\/5111\/revisions"}],"predecessor-version":[{"id":5113,"href":"https:\/\/stemarly.com\/es\/wp-json\/wp\/v2\/pages\/5111\/revisions\/5113"}],"wp:attachment":[{"href":"https:\/\/stemarly.com\/es\/wp-json\/wp\/v2\/media?parent=5111"}],"curies":[{"name":"wp","href":"https:\/\/api.w.org\/{rel}","templated":true}]}}