{"id":5112,"date":"2024-11-10T20:48:05","date_gmt":"2024-11-10T19:48:05","guid":{"rendered":"https:\/\/stemarly.com\/politica-de-privacidad\/"},"modified":"2025-04-04T22:09:10","modified_gmt":"2025-04-04T20:09:10","slug":"politica-de-privacidad","status":"publish","type":"page","link":"https:\/\/stemarly.com\/es\/politica-de-privacidad\/","title":{"rendered":"Pol\u00edtica de privacidad"},"content":{"rendered":"\t\t<div data-elementor-type=\"wp-page\" data-elementor-id=\"5112\" class=\"elementor elementor-5112 elementor-1245\" data-elementor-post-type=\"page\">\n\t\t\t\t<div class=\"elementor-element elementor-element-0ad161b e-flex e-con-boxed e-con e-parent\" data-id=\"0ad161b\" data-element_type=\"container\" data-e-type=\"container\">\n\t\t\t\t\t<div class=\"e-con-inner\">\n\t\t\t\t<div class=\"elementor-element elementor-element-1cbe309 elementor-widget elementor-widget-heading\" data-id=\"1cbe309\" data-element_type=\"widget\" data-e-type=\"widget\" data-widget_type=\"heading.default\">\n\t\t\t\t<div class=\"elementor-widget-container\">\n\t\t\t\t\t<h1 class=\"elementor-heading-title elementor-size-default\">POL\u00cdTICA DE PRIVACIDAD<\/h1>\t\t\t\t<\/div>\n\t\t\t\t<\/div>\n\t\t\t\t<div class=\"elementor-element elementor-element-d87c7f5 elementor-widget elementor-widget-text-editor\" data-id=\"d87c7f5\" data-element_type=\"widget\" data-e-type=\"widget\" data-widget_type=\"text-editor.default\">\n\t\t\t\t<div class=\"elementor-widget-container\">\n\t\t\t\t\t\t\t\t\t<p><strong>Tu privacidad es importante para nosotros<\/strong><br>La protecci\u00f3n de tus datos personales es muy importante para nosotros. Cuando visitas nuestro sitio web, nuestros servidores web recogen autom\u00e1ticamente cierta informaci\u00f3n, como la direcci\u00f3n IP de tu proveedor de servicios de Internet, el sitio web desde el que llegaste a nosotros, las p\u00e1ginas que visitas en nuestro sitio y la fecha y duraci\u00f3n de tu visita. Estos datos son necesarios para el funcionamiento t\u00e9cnico del sitio web y para garantizar una conexi\u00f3n segura. No se realiza una evaluaci\u00f3n personalizada de esta informaci\u00f3n.   <br><br>Hacemos todo lo posible para proteger tu privacidad y proporcionar informaci\u00f3n transparente sobre c\u00f3mo se procesan tus datos.<br><br>Stemarly se compromete a proteger tus datos personales y a respetar tu privacidad. Esta pol\u00edtica de privacidad explica qu\u00e9 datos personales recogemos, c\u00f3mo los utilizamos y qu\u00e9 derechos tienes como interesado. <\/p>\t\t\t\t\t\t\t\t<\/div>\n\t\t\t\t<\/div>\n\t\t\t\t<div class=\"elementor-element elementor-element-f3e1c10 elementor-widget elementor-widget-text-editor\" data-id=\"f3e1c10\" data-element_type=\"widget\" data-e-type=\"widget\" data-widget_type=\"text-editor.default\">\n\t\t\t\t<div class=\"elementor-widget-container\">\n\t\t\t\t\t\t\t\t\t<p><strong>1. recogida y uso de datos personales<\/strong><br>Recogemos los siguientes datos personales cuando visitas nuestro sitio web o compras con nosotros:<\/p>\t\t\t\t\t\t\t\t<\/div>\n\t\t\t\t<\/div>\n\t\t\t\t<div class=\"elementor-element elementor-element-d99454f elementor-widget elementor-widget-text-editor\" data-id=\"d99454f\" data-element_type=\"widget\" data-e-type=\"widget\" data-widget_type=\"text-editor.default\">\n\t\t\t\t<div class=\"elementor-widget-container\">\n\t\t\t\t\t\t\t\t\t<ul><li>Nombre<\/li><li>Direcci\u00f3n<\/li><li>Direcci\u00f3n de correo electr\u00f3nico<\/li><li>Informaci\u00f3n sobre el pago<\/li><li>Cookies (por ejemplo, para mejorar la experiencia del usuario y analizar el tr\u00e1fico del sitio web)<\/li><\/ul>\t\t\t\t\t\t\t\t<\/div>\n\t\t\t\t<\/div>\n\t\t\t\t<div class=\"elementor-element elementor-element-615b656 elementor-widget elementor-widget-text-editor\" data-id=\"615b656\" data-element_type=\"widget\" data-e-type=\"widget\" data-widget_type=\"text-editor.default\">\n\t\t\t\t<div class=\"elementor-widget-container\">\n\t\t\t\t\t\t\t\t\t<p>Utilizamos los datos recogidos para los siguientes fines:<\/p>\t\t\t\t\t\t\t\t<\/div>\n\t\t\t\t<\/div>\n\t\t\t\t<div class=\"elementor-element elementor-element-85a3f9b elementor-widget elementor-widget-text-editor\" data-id=\"85a3f9b\" data-element_type=\"widget\" data-e-type=\"widget\" data-widget_type=\"text-editor.default\">\n\t\t\t\t<div class=\"elementor-widget-container\">\n\t\t\t\t\t\t\t\t\t<ul><li>Tramitaci\u00f3n de pedidos<\/li><li>Atenci\u00f3n al cliente y comunicaci\u00f3n<\/li><li>Mejorar nuestros servicios y nuestro sitio web<\/li><\/ul>\t\t\t\t\t\t\t\t<\/div>\n\t\t\t\t<\/div>\n\t\t\t\t<div class=\"elementor-element elementor-element-c4efe2d elementor-widget elementor-widget-text-editor\" data-id=\"c4efe2d\" data-element_type=\"widget\" data-e-type=\"widget\" data-widget_type=\"text-editor.default\">\n\t\t\t\t<div class=\"elementor-widget-container\">\n\t\t\t\t\t\t\t\t\t<p><strong>2. transmisi\u00f3n de datos<\/strong><br>S\u00f3lo transmitimos tus datos personales a terceros si es necesario para la tramitaci\u00f3n de tu pedido. Esto se aplica en particular <\/p>\t\t\t\t\t\t\t\t<\/div>\n\t\t\t\t<\/div>\n\t\t\t\t<div class=\"elementor-element elementor-element-deb4962 elementor-widget elementor-widget-text-editor\" data-id=\"deb4962\" data-element_type=\"widget\" data-e-type=\"widget\" data-widget_type=\"text-editor.default\">\n\t\t\t\t<div class=\"elementor-widget-container\">\n\t\t\t\t\t\t\t\t\t<ul><li>Proveedores de servicios de pago (por ejemplo, PayPal y empresas de tarjetas de cr\u00e9dito)<\/li><li>Empresas de transporte (por ejemplo, Swiss Post)<br>Los datos s\u00f3lo se transmitir\u00e1n en la medida en que sea necesario para cumplir la finalidad respectiva.<\/li><\/ul>\t\t\t\t\t\t\t\t<\/div>\n\t\t\t\t<\/div>\n\t\t\t\t<div class=\"elementor-element elementor-element-fd68ae1 elementor-widget elementor-widget-text-editor\" data-id=\"fd68ae1\" data-element_type=\"widget\" data-e-type=\"widget\" data-widget_type=\"text-editor.default\">\n\t\t\t\t<div class=\"elementor-widget-container\">\n\t\t\t\t\t\t\t\t\t<p><strong>3. periodos de almacenamiento<\/strong><br>S\u00f3lo almacenamos los datos personales durante el tiempo necesario para cumplir los fines antes mencionados o seg\u00fan lo exija la ley. Una vez transcurridos los periodos de conservaci\u00f3n, los datos se eliminan o anonimizan. <\/p>\t\t\t\t\t\t\t\t<\/div>\n\t\t\t\t<\/div>\n\t\t\t\t<div class=\"elementor-element elementor-element-0a81d1a elementor-widget elementor-widget-text-editor\" data-id=\"0a81d1a\" data-element_type=\"widget\" data-e-type=\"widget\" data-widget_type=\"text-editor.default\">\n\t\t\t\t<div class=\"elementor-widget-container\">\n\t\t\t\t\t\t\t\t\t<p><strong>4. derechos de los interesados<\/strong><br>Tienes derecho a obtener informaci\u00f3n sobre los datos personales almacenados por nosotros y puedes solicitar la rectificaci\u00f3n, supresi\u00f3n o limitaci\u00f3n del tratamiento. Tambi\u00e9n tienes derecho a oponerte al tratamiento de tus datos.<br>Ponte en contacto con nosotros utilizando los datos de contacto que se indican a continuaci\u00f3n. <\/p>\t\t\t\t\t\t\t\t<\/div>\n\t\t\t\t<\/div>\n\t\t\t\t<div class=\"elementor-element elementor-element-05b9222 elementor-widget elementor-widget-text-editor\" data-id=\"05b9222\" data-element_type=\"widget\" data-e-type=\"widget\" data-widget_type=\"text-editor.default\">\n\t\t\t\t<div class=\"elementor-widget-container\">\n\t\t\t\t\t\t\t\t\t<p><strong>5. cookies<\/strong><br>Utilizamos cookies en nuestro sitio web para mejorar la experiencia del usuario y analizar el uso de nuestro sitio web. Encontrar\u00e1s m\u00e1s informaci\u00f3n sobre los tipos de cookies utilizadas y tus opciones de gesti\u00f3n en una pol\u00edtica de cookies independiente. <\/p>\t\t\t\t\t\t\t\t<\/div>\n\t\t\t\t<\/div>\n\t\t\t\t<div class=\"elementor-element elementor-element-9087e49 elementor-widget elementor-widget-text-editor\" data-id=\"9087e49\" data-element_type=\"widget\" data-e-type=\"widget\" data-widget_type=\"text-editor.default\">\n\t\t\t\t<div class=\"elementor-widget-container\">\n\t\t\t\t\t\t\t\t\t<p><strong>6. transmisi\u00f3n de datos y seguridad<\/strong><br>Tomamos todas las medidas t\u00e9cnicas y organizativas necesarias para proteger tus datos personales contra el acceso no autorizado, el uso indebido y la p\u00e9rdida.<br>Podemos transferir datos personales a servidores fuera de Suiza, especialmente si utilizamos servicios en la nube.<\/p>\t\t\t\t\t\t\t\t<\/div>\n\t\t\t\t<\/div>\n\t\t\t\t<div class=\"elementor-element elementor-element-68969eb elementor-widget elementor-widget-text-editor\" data-id=\"68969eb\" data-element_type=\"widget\" data-e-type=\"widget\" data-widget_type=\"text-editor.default\">\n\t\t\t\t<div class=\"elementor-widget-container\">\n\t\t\t\t\t\t\t\t\t<p><strong>7. suscripci\u00f3n al bolet\u00edn<br><\/strong>Cuando te suscribes a nuestro bolet\u00edn, recogemos los datos personales que nos proporcionas, como tu direcci\u00f3n de correo electr\u00f3nico, para enviarte informaci\u00f3n peri\u00f3dica sobre nuestros productos, ofertas y noticias.<br>Tu direcci\u00f3n de correo electr\u00f3nico se procesa sobre la base de tu consentimiento voluntario. Puedes darte de baja del bolet\u00edn en cualquier momento utilizando el enlace para darse de baja que aparece al final de cada bolet\u00edn o poni\u00e9ndote en contacto con nosotros directamente.<br>Tus datos se utilizar\u00e1n exclusivamente para enviar el bolet\u00edn y no se transmitir\u00e1n a terceros. S\u00f3lo almacenamos tus datos mientras est\u00e9s suscrito al bolet\u00edn.  <\/p>\t\t\t\t\t\t\t\t<\/div>\n\t\t\t\t<\/div>\n\t\t\t\t<div class=\"elementor-element elementor-element-e5e556e elementor-widget elementor-widget-text-editor\" data-id=\"e5e556e\" data-element_type=\"widget\" data-e-type=\"widget\" data-widget_type=\"text-editor.default\">\n\t\t\t\t<div class=\"elementor-widget-container\">\n\t\t\t\t\t\t\t\t\t<p><strong>8. responsable<\/strong><br>El <strong>responsable<\/strong> de la recogida, tratamiento y uso de tus datos personales es:<br>Stemarly &#8211; Tammer Business<br>Schmiedgasse 6<br>9100 Herisau, Suiza<br>E-Mail: <span style=\"text-decoration: underline;\"><a href=\"mailto:info@stemarly.com\" rel=\"noopener\">info@stemarly.com<\/a><\/span><\/p>\t\t\t\t\t\t\t\t<\/div>\n\t\t\t\t<\/div>\n\t\t\t\t<div class=\"elementor-element elementor-element-05b3b71 elementor-widget elementor-widget-text-editor\" data-id=\"05b3b71\" data-element_type=\"widget\" data-e-type=\"widget\" data-widget_type=\"text-editor.default\">\n\t\t\t\t<div class=\"elementor-widget-container\">\n\t\t\t\t\t\t\t\t\t<p><strong>9. cambios en la pol\u00edtica<\/strong> de privacidad<br>Nos reservamos el derecho a cambiar esta pol\u00edtica de privacidad en cualquier momento. Los cambios se publicar\u00e1n en esta p\u00e1gina. Por favor, comprueba esta declaraci\u00f3n regularmente para asegurarte de que est\u00e1s de acuerdo con la versi\u00f3n actual.  <\/p>\t\t\t\t\t\t\t\t<\/div>\n\t\t\t\t<\/div>\n\t\t\t\t<div class=\"elementor-element elementor-element-6df5a3f elementor-hidden-tablet elementor-hidden-mobile elementor-widget elementor-widget-spacer\" data-id=\"6df5a3f\" data-element_type=\"widget\" data-e-type=\"widget\" data-widget_type=\"spacer.default\">\n\t\t\t\t<div class=\"elementor-widget-container\">\n\t\t\t\t\t\t\t<div class=\"elementor-spacer\">\n\t\t\t<div class=\"elementor-spacer-inner\"><\/div>\n\t\t<\/div>\n\t\t\t\t\t\t<\/div>\n\t\t\t\t<\/div>\n\t\t\t\t\t<\/div>\n\t\t\t\t<\/div>\n\t\t<div class=\"elementor-element elementor-element-9fa7522 e-flex e-con-boxed e-con e-parent\" data-id=\"9fa7522\" data-element_type=\"container\" data-e-type=\"container\">\n\t\t\t\t\t<div class=\"e-con-inner\">\n\t\t\t\t<div class=\"elementor-element elementor-element-51585d1 elementor-fixed elementor-view-default elementor-widget elementor-widget-global elementor-global-5214 elementor-global-1774 elementor-widget-icon\" data-id=\"51585d1\" data-element_type=\"widget\" data-e-type=\"widget\" data-settings=\"{&quot;_position&quot;:&quot;fixed&quot;}\" data-widget_type=\"icon.default\">\n\t\t\t\t<div class=\"elementor-widget-container\">\n\t\t\t\t\t\t\t<div class=\"elementor-icon-wrapper\">\n\t\t\t<a class=\"elementor-icon\" href=\"#header\">\n\t\t\t<i aria-hidden=\"true\" class=\"fas fa-angle-up\"><\/i>\t\t\t<\/a>\n\t\t<\/div>\n\t\t\t\t\t\t<\/div>\n\t\t\t\t<\/div>\n\t\t\t\t\t<\/div>\n\t\t\t\t<\/div>\n\t\t<div class=\"elementor-element elementor-element-888ae6a e-flex e-con-boxed e-con e-parent\" data-id=\"888ae6a\" data-element_type=\"container\" data-e-type=\"container\">\n\t\t\t\t\t<div class=\"e-con-inner\">\n\t\t\t\t<div class=\"elementor-element elementor-element-42a983d elementor-widget elementor-widget-global elementor-global-5234 elementor-global-1771 elementor-widget-html\" data-id=\"42a983d\" data-element_type=\"widget\" data-e-type=\"widget\" data-widget_type=\"html.default\">\n\t\t\t\t<div class=\"elementor-widget-container\">\n\t\t\t\t\t<script src=\"https:\/\/code.jquery.com\/jquery-3.6.0.min.js\"><\/script><script>\/\/You can replace offset value from here\r\nvar offset = 300\r\n$(window).on('load scroll', function(){\r\n\t\r\n\tif( $(window).scrollTop() > offset ){\r\n        $('body').addClass('show')\r\n\t}else{\r\n        $('body').removeClass('show')\r\n\t}\r\n})\r\n<\/script>\t\t\t\t<\/div>\n\t\t\t\t<\/div>\n\t\t\t\t\t<\/div>\n\t\t\t\t<\/div>\n\t\t\t\t<\/div>\n\t\t","protected":false},"excerpt":{"rendered":"<p>POL\u00cdTICA DE PRIVACIDAD Tu privacidad es importante para nosotrosLa protecci\u00f3n de tus datos personales es muy importante para nosotros. Cuando visitas nuestro sitio web, nuestros servidores web recogen autom\u00e1ticamente cierta informaci\u00f3n, como la direcci\u00f3n IP de tu proveedor de servicios de Internet, el sitio web desde el que llegaste a nosotros, las p\u00e1ginas que visitas [&hellip;]<\/p>\n","protected":false},"author":1,"featured_media":0,"parent":0,"menu_order":0,"comment_status":"closed","ping_status":"closed","template":"","meta":{"footnotes":""},"class_list":["post-5112","page","type-page","status-publish","hentry"],"yoast_head":"<!-- This site is optimized with the Yoast SEO plugin v27.4 - https:\/\/yoast.com\/product\/yoast-seo-wordpress\/ -->\n<title>Pol\u00edtica de privacidad - Stemarly<\/title>\n<meta name=\"description\" content=\"Lee la pol\u00edtica de privacidad de Stemarly para saber c\u00f3mo recopilamos, almacenamos y protegemos tu informaci\u00f3n personal. Tu privacidad es importante para nosotros.\" \/>\n<meta name=\"robots\" content=\"index, follow, max-snippet:-1, max-image-preview:large, max-video-preview:-1\" \/>\n<link rel=\"canonical\" href=\"https:\/\/stemarly.com\/es\/politica-de-privacidad\/\" \/>\n<meta property=\"og:locale\" content=\"es_ES\" \/>\n<meta property=\"og:type\" content=\"article\" \/>\n<meta property=\"og:title\" content=\"Pol\u00edtica de privacidad - Stemarly\" \/>\n<meta property=\"og:description\" content=\"Lee la pol\u00edtica de privacidad de Stemarly para saber c\u00f3mo recopilamos, almacenamos y protegemos tu informaci\u00f3n personal. Tu privacidad es importante para nosotros.\" \/>\n<meta property=\"og:url\" content=\"https:\/\/stemarly.com\/es\/politica-de-privacidad\/\" \/>\n<meta property=\"og:site_name\" content=\"Stemarly\" \/>\n<meta property=\"article:modified_time\" content=\"2025-04-04T20:09:10+00:00\" \/>\n<meta name=\"twitter:card\" content=\"summary_large_image\" \/>\n<meta name=\"twitter:label1\" content=\"Tiempo de lectura\" \/>\n\t<meta name=\"twitter:data1\" content=\"3 minuto\" \/>\n<script type=\"application\/ld+json\" class=\"yoast-schema-graph\">{\"@context\":\"https:\\\/\\\/schema.org\",\"@graph\":[{\"@type\":\"WebPage\",\"@id\":\"https:\\\/\\\/stemarly.com\\\/es\\\/politica-de-privacidad\\\/\",\"url\":\"https:\\\/\\\/stemarly.com\\\/es\\\/politica-de-privacidad\\\/\",\"name\":\"Pol\u00edtica de privacidad - Stemarly\",\"isPartOf\":{\"@id\":\"https:\\\/\\\/stemarly.com\\\/es\\\/#website\"},\"datePublished\":\"2024-11-10T19:48:05+00:00\",\"dateModified\":\"2025-04-04T20:09:10+00:00\",\"description\":\"Lee la pol\u00edtica de privacidad de Stemarly para saber c\u00f3mo recopilamos, almacenamos y protegemos tu informaci\u00f3n personal. Tu privacidad es importante para nosotros.\",\"breadcrumb\":{\"@id\":\"https:\\\/\\\/stemarly.com\\\/es\\\/politica-de-privacidad\\\/#breadcrumb\"},\"inLanguage\":\"es\",\"potentialAction\":[{\"@type\":\"ReadAction\",\"target\":[\"https:\\\/\\\/stemarly.com\\\/es\\\/politica-de-privacidad\\\/\"]}]},{\"@type\":\"BreadcrumbList\",\"@id\":\"https:\\\/\\\/stemarly.com\\\/es\\\/politica-de-privacidad\\\/#breadcrumb\",\"itemListElement\":[{\"@type\":\"ListItem\",\"position\":1,\"name\":\"P\u00e1gina de inicio\",\"item\":\"https:\\\/\\\/stemarly.com\\\/es\\\/\"},{\"@type\":\"ListItem\",\"position\":2,\"name\":\"Pol\u00edtica de privacidad\"}]},{\"@type\":\"WebSite\",\"@id\":\"https:\\\/\\\/stemarly.com\\\/es\\\/#website\",\"url\":\"https:\\\/\\\/stemarly.com\\\/es\\\/\",\"name\":\"Stemarly\",\"description\":\"elegance to the very essence\",\"publisher\":{\"@id\":\"https:\\\/\\\/stemarly.com\\\/es\\\/#organization\"},\"potentialAction\":[{\"@type\":\"SearchAction\",\"target\":{\"@type\":\"EntryPoint\",\"urlTemplate\":\"https:\\\/\\\/stemarly.com\\\/es\\\/?s={search_term_string}\"},\"query-input\":{\"@type\":\"PropertyValueSpecification\",\"valueRequired\":true,\"valueName\":\"search_term_string\"}}],\"inLanguage\":\"es\"},{\"@type\":\"Organization\",\"@id\":\"https:\\\/\\\/stemarly.com\\\/es\\\/#organization\",\"name\":\"Stemarly - Tammer Business\",\"url\":\"https:\\\/\\\/stemarly.com\\\/es\\\/\",\"logo\":{\"@type\":\"ImageObject\",\"inLanguage\":\"es\",\"@id\":\"https:\\\/\\\/stemarly.com\\\/es\\\/#\\\/schema\\\/logo\\\/image\\\/\",\"url\":\"https:\\\/\\\/i0.wp.com\\\/stemarly.com\\\/wp-content\\\/uploads\\\/2024\\\/01\\\/Logotype-schwarz-e1726514755119.png?fit=1750%2C300&ssl=1\",\"contentUrl\":\"https:\\\/\\\/i0.wp.com\\\/stemarly.com\\\/wp-content\\\/uploads\\\/2024\\\/01\\\/Logotype-schwarz-e1726514755119.png?fit=1750%2C300&ssl=1\",\"width\":1750,\"height\":300,\"caption\":\"Stemarly - Tammer Business\"},\"image\":{\"@id\":\"https:\\\/\\\/stemarly.com\\\/es\\\/#\\\/schema\\\/logo\\\/image\\\/\"},\"sameAs\":[\"https:\\\/\\\/www.instagram.com\\\/stemarly.official\\\/\"]}]}<\/script>\n<!-- \/ Yoast SEO plugin. -->","yoast_head_json":{"title":"Pol\u00edtica de privacidad - Stemarly","description":"Lee la pol\u00edtica de privacidad de Stemarly para saber c\u00f3mo recopilamos, almacenamos y protegemos tu informaci\u00f3n personal. Tu privacidad es importante para nosotros.","robots":{"index":"index","follow":"follow","max-snippet":"max-snippet:-1","max-image-preview":"max-image-preview:large","max-video-preview":"max-video-preview:-1"},"canonical":"https:\/\/stemarly.com\/es\/politica-de-privacidad\/","og_locale":"es_ES","og_type":"article","og_title":"Pol\u00edtica de privacidad - Stemarly","og_description":"Lee la pol\u00edtica de privacidad de Stemarly para saber c\u00f3mo recopilamos, almacenamos y protegemos tu informaci\u00f3n personal. Tu privacidad es importante para nosotros.","og_url":"https:\/\/stemarly.com\/es\/politica-de-privacidad\/","og_site_name":"Stemarly","article_modified_time":"2025-04-04T20:09:10+00:00","twitter_card":"summary_large_image","twitter_misc":{"Tiempo de lectura":"3 minuto"},"schema":{"@context":"https:\/\/schema.org","@graph":[{"@type":"WebPage","@id":"https:\/\/stemarly.com\/es\/politica-de-privacidad\/","url":"https:\/\/stemarly.com\/es\/politica-de-privacidad\/","name":"Pol\u00edtica de privacidad - Stemarly","isPartOf":{"@id":"https:\/\/stemarly.com\/es\/#website"},"datePublished":"2024-11-10T19:48:05+00:00","dateModified":"2025-04-04T20:09:10+00:00","description":"Lee la pol\u00edtica de privacidad de Stemarly para saber c\u00f3mo recopilamos, almacenamos y protegemos tu informaci\u00f3n personal. Tu privacidad es importante para nosotros.","breadcrumb":{"@id":"https:\/\/stemarly.com\/es\/politica-de-privacidad\/#breadcrumb"},"inLanguage":"es","potentialAction":[{"@type":"ReadAction","target":["https:\/\/stemarly.com\/es\/politica-de-privacidad\/"]}]},{"@type":"BreadcrumbList","@id":"https:\/\/stemarly.com\/es\/politica-de-privacidad\/#breadcrumb","itemListElement":[{"@type":"ListItem","position":1,"name":"P\u00e1gina de inicio","item":"https:\/\/stemarly.com\/es\/"},{"@type":"ListItem","position":2,"name":"Pol\u00edtica de privacidad"}]},{"@type":"WebSite","@id":"https:\/\/stemarly.com\/es\/#website","url":"https:\/\/stemarly.com\/es\/","name":"Stemarly","description":"elegance to the very essence","publisher":{"@id":"https:\/\/stemarly.com\/es\/#organization"},"potentialAction":[{"@type":"SearchAction","target":{"@type":"EntryPoint","urlTemplate":"https:\/\/stemarly.com\/es\/?s={search_term_string}"},"query-input":{"@type":"PropertyValueSpecification","valueRequired":true,"valueName":"search_term_string"}}],"inLanguage":"es"},{"@type":"Organization","@id":"https:\/\/stemarly.com\/es\/#organization","name":"Stemarly - Tammer Business","url":"https:\/\/stemarly.com\/es\/","logo":{"@type":"ImageObject","inLanguage":"es","@id":"https:\/\/stemarly.com\/es\/#\/schema\/logo\/image\/","url":"https:\/\/i0.wp.com\/stemarly.com\/wp-content\/uploads\/2024\/01\/Logotype-schwarz-e1726514755119.png?fit=1750%2C300&ssl=1","contentUrl":"https:\/\/i0.wp.com\/stemarly.com\/wp-content\/uploads\/2024\/01\/Logotype-schwarz-e1726514755119.png?fit=1750%2C300&ssl=1","width":1750,"height":300,"caption":"Stemarly - Tammer Business"},"image":{"@id":"https:\/\/stemarly.com\/es\/#\/schema\/logo\/image\/"},"sameAs":["https:\/\/www.instagram.com\/stemarly.official\/"]}]}},"jetpack_sharing_enabled":true,"_links":{"self":[{"href":"https:\/\/stemarly.com\/es\/wp-json\/wp\/v2\/pages\/5112","targetHints":{"allow":["GET"]}}],"collection":[{"href":"https:\/\/stemarly.com\/es\/wp-json\/wp\/v2\/pages"}],"about":[{"href":"https:\/\/stemarly.com\/es\/wp-json\/wp\/v2\/types\/page"}],"author":[{"embeddable":true,"href":"https:\/\/stemarly.com\/es\/wp-json\/wp\/v2\/users\/1"}],"replies":[{"embeddable":true,"href":"https:\/\/stemarly.com\/es\/wp-json\/wp\/v2\/comments?post=5112"}],"version-history":[{"count":1,"href":"https:\/\/stemarly.com\/es\/wp-json\/wp\/v2\/pages\/5112\/revisions"}],"predecessor-version":[{"id":5114,"href":"https:\/\/stemarly.com\/es\/wp-json\/wp\/v2\/pages\/5112\/revisions\/5114"}],"wp:attachment":[{"href":"https:\/\/stemarly.com\/es\/wp-json\/wp\/v2\/media?parent=5112"}],"curies":[{"name":"wp","href":"https:\/\/api.w.org\/{rel}","templated":true}]}}