{"id":5355,"date":"2025-03-04T20:51:01","date_gmt":"2025-03-04T19:51:01","guid":{"rendered":"https:\/\/stemarly.com\/gtc\/"},"modified":"2025-04-04T22:16:45","modified_gmt":"2025-04-04T20:16:45","slug":"gtc","status":"publish","type":"page","link":"https:\/\/stemarly.com\/es\/gtc\/","title":{"rendered":"GTC"},"content":{"rendered":"\t\t<div data-elementor-type=\"wp-page\" data-elementor-id=\"5355\" class=\"elementor elementor-5355 elementor-4099\" data-elementor-post-type=\"page\">\n\t\t\t\t<div class=\"elementor-element elementor-element-9f55fdb e-flex e-con-boxed e-con e-parent\" data-id=\"9f55fdb\" data-element_type=\"container\" data-e-type=\"container\" id=\"header\">\n\t\t\t\t\t<div class=\"e-con-inner\">\n\t\t\t\t<div class=\"elementor-element elementor-element-222242e elementor-widget elementor-widget-heading\" data-id=\"222242e\" data-element_type=\"widget\" data-e-type=\"widget\" data-widget_type=\"heading.default\">\n\t\t\t\t<div class=\"elementor-widget-container\">\n\t\t\t\t\t<h1 class=\"elementor-heading-title elementor-size-default\">CONDICIONES GENERALES<\/h1>\t\t\t\t<\/div>\n\t\t\t\t<\/div>\n\t\t\t\t<div class=\"elementor-element elementor-element-187a3f6 elementor-widget elementor-widget-text-editor\" data-id=\"187a3f6\" data-element_type=\"widget\" data-e-type=\"widget\" data-widget_type=\"text-editor.default\">\n\t\t\t\t<div class=\"elementor-widget-container\">\n\t\t\t\t\t\t\t\t\t<p><strong>1. informaci\u00f3n del proveedor<\/strong><br>Stemarly &#8211; Tammer Business<br>Schmiedgasse 6<br>9100 Herisau, Suiza<br>Tel\u00e9fono: +41 77 261 49 92<br>Correo electr\u00f3nico: <a href=\"mailto:info@stemarly.com\">info@stemarly.com<\/a><br>N\u00famero de registro mercantil: CHE-262.902.591 IVA<\/p>\t\t\t\t\t\t\t\t<\/div>\n\t\t\t\t<\/div>\n\t\t\t\t<div class=\"elementor-element elementor-element-7046aab elementor-widget elementor-widget-text-editor\" data-id=\"7046aab\" data-element_type=\"widget\" data-e-type=\"widget\" data-widget_type=\"text-editor.default\">\n\t\t\t\t<div class=\"elementor-widget-container\">\n\t\t\t\t\t\t\t\t\t<p><strong>2. celebraci\u00f3n del contrato<\/strong><br>Al colocar los productos en la tienda online, Stemarly realiza una oferta vinculante para celebrar un contrato. El contrato se celebra cuando el cliente completa el proceso de pedido haciendo clic en el bot\u00f3n de pedido. Una vez completado, el cliente recibe una confirmaci\u00f3n del pedido por correo electr\u00f3nico.  <\/p>\t\t\t\t\t\t\t\t<\/div>\n\t\t\t\t<\/div>\n\t\t\t\t<div class=\"elementor-element elementor-element-264dde7 elementor-widget elementor-widget-text-editor\" data-id=\"264dde7\" data-element_type=\"widget\" data-e-type=\"widget\" data-widget_type=\"text-editor.default\">\n\t\t\t\t<div class=\"elementor-widget-container\">\n\t\t\t\t\t\t\t\t\t<p><strong>3. precios y gastos de env\u00edo<\/strong><br>Todos los precios se indican en francos suizos (CHF) e incluyen el IVA. Los pedidos con un valor total superior a 50 CHF se env\u00edan gratuitamente dentro de Suiza. Para los pedidos inferiores a 50 CHF, los gastos de env\u00edo se mostrar\u00e1n al pagar. Puedes encontrar m\u00e1s informaci\u00f3n en nuestra <a href=\"https:\/\/stemarly.com\/es\/envio\/\"><span style=\"text-decoration: underline;\">P\u00e1gina de env\u00edos<\/span><\/a>.   <\/p>\t\t\t\t\t\t\t\t<\/div>\n\t\t\t\t<\/div>\n\t\t\t\t<div class=\"elementor-element elementor-element-4d29224 elementor-widget elementor-widget-text-editor\" data-id=\"4d29224\" data-element_type=\"widget\" data-e-type=\"widget\" data-widget_type=\"text-editor.default\">\n\t\t\t\t<div class=\"elementor-widget-container\">\n\t\t\t\t\t\t\t\t\t<p><strong>4. condiciones de pago<\/strong><br>Los m\u00e9todos de pago aceptados son tarjetas de cr\u00e9dito y pagos en l\u00ednea como PayPal. El plazo de pago es de 30 d\u00edas a partir de la recepci\u00f3n de la mercanc\u00eda. <\/p>\t\t\t\t\t\t\t\t<\/div>\n\t\t\t\t<\/div>\n\t\t\t\t<div class=\"elementor-element elementor-element-88280c5 elementor-widget elementor-widget-text-editor\" data-id=\"88280c5\" data-element_type=\"widget\" data-e-type=\"widget\" data-widget_type=\"text-editor.default\">\n\t\t\t\t<div class=\"elementor-widget-container\">\n\t\t\t\t\t\t\t\t\t<p><strong>5. reserva de propiedad<\/strong><br>El vendedor conserva la propiedad de los bienes hasta que el precio de compra haya sido pagado en su totalidad.<br>Para los empresarios, tambi\u00e9n se aplica lo siguiente: Stemarly conserva la propiedad de los bienes hasta que todas las reclamaciones de una relaci\u00f3n comercial en curso hayan sido liquidadas en su totalidad. El comprador puede revender los bienes reservados en el curso ordinario de los negocios; todas las reclamaciones derivadas de esta reventa se ceden a Stemarly por adelantado por el importe de la factura; por la presente se acepta la cesi\u00f3n. El comprador sigue estando autorizado a cobrar las reclamaciones, pero Stemarly tambi\u00e9n puede cobrarlas por s\u00ed misma si el comprador no cumple con sus obligaciones de pago.  <\/p>\t\t\t\t\t\t\t\t<\/div>\n\t\t\t\t<\/div>\n\t\t\t\t<div class=\"elementor-element elementor-element-1ce1ecb elementor-widget elementor-widget-text-editor\" data-id=\"1ce1ecb\" data-element_type=\"widget\" data-e-type=\"widget\" data-widget_type=\"text-editor.default\">\n\t\t\t\t<div class=\"elementor-widget-container\">\n\t\t\t\t\t\t\t\t\t<p><strong>6. condiciones de env\u00edo y entrega<\/strong><br>El plazo de entrega dentro de Suiza es de aprox. 2 a 10 d\u00edas laborables y para los pa\u00edses de la UE de aprox. 3 a 15 d\u00edas laborables. El env\u00edo lo realiza Correos Suizos. Stemarly no se hace responsable de los retrasos causados por el proveedor del servicio de env\u00edo.  <\/p>\t\t\t\t\t\t\t\t<\/div>\n\t\t\t\t<\/div>\n\t\t\t\t<div class=\"elementor-element elementor-element-1775c87 elementor-widget elementor-widget-text-editor\" data-id=\"1775c87\" data-element_type=\"widget\" data-e-type=\"widget\" data-widget_type=\"text-editor.default\">\n\t\t\t\t<div class=\"elementor-widget-container\">\n\t\t\t\t\t\t\t\t\t<p><strong>7. derecho de desistimiento y condiciones de devoluci\u00f3n<\/strong><br>Los clientes tienen derecho a desistir del contrato de compra en un plazo de 14 d\u00edas sin indicar los motivos. Los gastos de devoluci\u00f3n dentro de Suiza corren a cargo de Stemarly; los gastos de devoluci\u00f3n desde otros pa\u00edses corren a cargo del cliente. <\/p>\t\t\t\t\t\t\t\t<\/div>\n\t\t\t\t<\/div>\n\t\t\t\t<div class=\"elementor-element elementor-element-8e7c822 elementor-widget elementor-widget-text-editor\" data-id=\"8e7c822\" data-element_type=\"widget\" data-e-type=\"widget\" data-widget_type=\"text-editor.default\">\n\t\t\t\t<div class=\"elementor-widget-container\">\n\t\t\t\t\t\t\t\t\t<p><strong>8. responsabilidad<\/strong><br>Stemarly s\u00f3lo es responsable de los da\u00f1os dentro del \u00e1mbito de las disposiciones legales. Cualquier otra responsabilidad, en particular por da\u00f1os indirectos o consecuentes, queda excluida en la medida permitida por la ley. <\/p>\t\t\t\t\t\t\t\t<\/div>\n\t\t\t\t<\/div>\n\t\t\t\t<div class=\"elementor-element elementor-element-86b93d5 elementor-widget elementor-widget-text-editor\" data-id=\"86b93d5\" data-element_type=\"widget\" data-e-type=\"widget\" data-widget_type=\"text-editor.default\">\n\t\t\t\t<div class=\"elementor-widget-container\">\n\t\t\t\t\t\t\t\t\t<p><strong>9. garant\u00eda<\/strong><br>Se aplican los derechos de garant\u00eda legales. Stemarly garantiza que los productos entregados est\u00e1n libres de defectos y corresponden a las propiedades acordadas. <\/p>\t\t\t\t\t\t\t\t<\/div>\n\t\t\t\t<\/div>\n\t\t\t\t<div class=\"elementor-element elementor-element-130e153 elementor-widget elementor-widget-text-editor\" data-id=\"130e153\" data-element_type=\"widget\" data-e-type=\"widget\" data-widget_type=\"text-editor.default\">\n\t\t\t\t<div class=\"elementor-widget-container\">\n\t\t\t\t\t\t\t\t\t<p><strong>10. protecci\u00f3n de datos<\/strong><br>Como parte de la tramitaci\u00f3n del pedido, se almacenan y procesan datos personales del cliente. Stemarly trata todos los datos del cliente de forma confidencial y cumple la normativa legal sobre protecci\u00f3n de datos. Puedes encontrar m\u00e1s informaci\u00f3n sobre el procesamiento de datos en nuestra pol\u00edtica de privacidad.  <\/p>\t\t\t\t\t\t\t\t<\/div>\n\t\t\t\t<\/div>\n\t\t\t\t<div class=\"elementor-element elementor-element-5b9d642 elementor-widget elementor-widget-text-editor\" data-id=\"5b9d642\" data-element_type=\"widget\" data-e-type=\"widget\" data-widget_type=\"text-editor.default\">\n\t\t\t\t<div class=\"elementor-widget-container\">\n\t\t\t\t\t\t\t\t\t<p><strong>11. ley aplicable y lugar de jurisdicci\u00f3n<\/strong><br>La ley suiza se aplica a todas las relaciones legales entre Stemarly y el cliente. El lugar de jurisdicci\u00f3n es Herisau, Suiza. <\/p>\t\t\t\t\t\t\t\t<\/div>\n\t\t\t\t<\/div>\n\t\t\t\t<div class=\"elementor-element elementor-element-ab72b7a elementor-hidden-tablet elementor-hidden-mobile elementor-widget elementor-widget-spacer\" data-id=\"ab72b7a\" data-element_type=\"widget\" data-e-type=\"widget\" data-widget_type=\"spacer.default\">\n\t\t\t\t<div class=\"elementor-widget-container\">\n\t\t\t\t\t\t\t<div class=\"elementor-spacer\">\n\t\t\t<div class=\"elementor-spacer-inner\"><\/div>\n\t\t<\/div>\n\t\t\t\t\t\t<\/div>\n\t\t\t\t<\/div>\n\t\t\t\t\t<\/div>\n\t\t\t\t<\/div>\n\t\t<div class=\"elementor-element elementor-element-b71f4bb e-flex e-con-boxed e-con e-parent\" data-id=\"b71f4bb\" data-element_type=\"container\" data-e-type=\"container\">\n\t\t\t\t\t<div class=\"e-con-inner\">\n\t\t\t\t<div class=\"elementor-element elementor-element-159010a elementor-fixed elementor-view-default elementor-widget elementor-widget-global elementor-global-5214 elementor-global-1774 elementor-widget-icon\" data-id=\"159010a\" data-element_type=\"widget\" data-e-type=\"widget\" data-settings=\"{&quot;_position&quot;:&quot;fixed&quot;}\" data-widget_type=\"icon.default\">\n\t\t\t\t<div class=\"elementor-widget-container\">\n\t\t\t\t\t\t\t<div class=\"elementor-icon-wrapper\">\n\t\t\t<a class=\"elementor-icon\" href=\"#header\">\n\t\t\t<i aria-hidden=\"true\" class=\"fas fa-angle-up\"><\/i>\t\t\t<\/a>\n\t\t<\/div>\n\t\t\t\t\t\t<\/div>\n\t\t\t\t<\/div>\n\t\t\t\t\t<\/div>\n\t\t\t\t<\/div>\n\t\t<div class=\"elementor-element elementor-element-7b4f3df e-flex e-con-boxed e-con e-parent\" data-id=\"7b4f3df\" data-element_type=\"container\" data-e-type=\"container\">\n\t\t\t\t\t<div class=\"e-con-inner\">\n\t\t\t\t<div class=\"elementor-element elementor-element-2959238 elementor-widget elementor-widget-global elementor-global-5234 elementor-global-1771 elementor-widget-html\" data-id=\"2959238\" data-element_type=\"widget\" data-e-type=\"widget\" data-widget_type=\"html.default\">\n\t\t\t\t<div class=\"elementor-widget-container\">\n\t\t\t\t\t<script src=\"https:\/\/code.jquery.com\/jquery-3.6.0.min.js\"><\/script><script>\/\/You can replace offset value from here\r\nvar offset = 300\r\n$(window).on('load scroll', function(){\r\n\t\r\n\tif( $(window).scrollTop() > offset ){\r\n        $('body').addClass('show')\r\n\t}else{\r\n        $('body').removeClass('show')\r\n\t}\r\n})\r\n<\/script>\t\t\t\t<\/div>\n\t\t\t\t<\/div>\n\t\t\t\t\t<\/div>\n\t\t\t\t<\/div>\n\t\t\t\t<\/div>\n\t\t","protected":false},"excerpt":{"rendered":"<p>CONDICIONES GENERALES 1. informaci\u00f3n del proveedorStemarly &#8211; Tammer BusinessSchmiedgasse 69100 Herisau, SuizaTel\u00e9fono: +41 77 261 49 92Correo electr\u00f3nico: info@stemarly.comN\u00famero de registro mercantil: CHE-262.902.591 IVA 2. celebraci\u00f3n del contratoAl colocar los productos en la tienda online, Stemarly realiza una oferta vinculante para celebrar un contrato. El contrato se celebra cuando el cliente completa el proceso de [&hellip;]<\/p>\n","protected":false},"author":1,"featured_media":0,"parent":0,"menu_order":0,"comment_status":"closed","ping_status":"closed","template":"","meta":{"footnotes":""},"class_list":["post-5355","page","type-page","status-publish","hentry"],"yoast_head":"<!-- This site is optimized with the Yoast SEO plugin v27.4 - https:\/\/yoast.com\/product\/yoast-seo-wordpress\/ -->\n<title>GTC - Stemarly<\/title>\n<meta name=\"description\" content=\"Lee los t\u00e9rminos y condiciones de Stemarly para obtener toda la informaci\u00f3n importante sobre pedidos, pagos y transacciones. Todo lo que necesitas saber de un vistazo.\" \/>\n<meta name=\"robots\" content=\"index, follow, max-snippet:-1, max-image-preview:large, max-video-preview:-1\" \/>\n<link rel=\"canonical\" href=\"https:\/\/stemarly.com\/es\/gtc\/\" \/>\n<meta property=\"og:locale\" content=\"es_ES\" \/>\n<meta property=\"og:type\" content=\"article\" \/>\n<meta property=\"og:title\" content=\"GTC - Stemarly\" \/>\n<meta property=\"og:description\" content=\"Lee los t\u00e9rminos y condiciones de Stemarly para obtener toda la informaci\u00f3n importante sobre pedidos, pagos y transacciones. Todo lo que necesitas saber de un vistazo.\" \/>\n<meta property=\"og:url\" content=\"https:\/\/stemarly.com\/es\/gtc\/\" \/>\n<meta property=\"og:site_name\" content=\"Stemarly\" \/>\n<meta property=\"article:modified_time\" content=\"2025-04-04T20:16:45+00:00\" \/>\n<meta name=\"twitter:card\" content=\"summary_large_image\" \/>\n<meta name=\"twitter:label1\" content=\"Tiempo de lectura\" \/>\n\t<meta name=\"twitter:data1\" content=\"3 minuto\" \/>\n<script type=\"application\/ld+json\" class=\"yoast-schema-graph\">{\"@context\":\"https:\\\/\\\/schema.org\",\"@graph\":[{\"@type\":\"WebPage\",\"@id\":\"https:\\\/\\\/stemarly.com\\\/es\\\/gtc\\\/\",\"url\":\"https:\\\/\\\/stemarly.com\\\/es\\\/gtc\\\/\",\"name\":\"GTC - Stemarly\",\"isPartOf\":{\"@id\":\"https:\\\/\\\/stemarly.com\\\/es\\\/#website\"},\"datePublished\":\"2025-03-04T19:51:01+00:00\",\"dateModified\":\"2025-04-04T20:16:45+00:00\",\"description\":\"Lee los t\u00e9rminos y condiciones de Stemarly para obtener toda la informaci\u00f3n importante sobre pedidos, pagos y transacciones. Todo lo que necesitas saber de un vistazo.\",\"breadcrumb\":{\"@id\":\"https:\\\/\\\/stemarly.com\\\/es\\\/gtc\\\/#breadcrumb\"},\"inLanguage\":\"es\",\"potentialAction\":[{\"@type\":\"ReadAction\",\"target\":[\"https:\\\/\\\/stemarly.com\\\/es\\\/gtc\\\/\"]}]},{\"@type\":\"BreadcrumbList\",\"@id\":\"https:\\\/\\\/stemarly.com\\\/es\\\/gtc\\\/#breadcrumb\",\"itemListElement\":[{\"@type\":\"ListItem\",\"position\":1,\"name\":\"P\u00e1gina de inicio\",\"item\":\"https:\\\/\\\/stemarly.com\\\/es\\\/\"},{\"@type\":\"ListItem\",\"position\":2,\"name\":\"GTC\"}]},{\"@type\":\"WebSite\",\"@id\":\"https:\\\/\\\/stemarly.com\\\/es\\\/#website\",\"url\":\"https:\\\/\\\/stemarly.com\\\/es\\\/\",\"name\":\"Stemarly\",\"description\":\"elegance to the very essence\",\"publisher\":{\"@id\":\"https:\\\/\\\/stemarly.com\\\/es\\\/#organization\"},\"potentialAction\":[{\"@type\":\"SearchAction\",\"target\":{\"@type\":\"EntryPoint\",\"urlTemplate\":\"https:\\\/\\\/stemarly.com\\\/es\\\/?s={search_term_string}\"},\"query-input\":{\"@type\":\"PropertyValueSpecification\",\"valueRequired\":true,\"valueName\":\"search_term_string\"}}],\"inLanguage\":\"es\"},{\"@type\":\"Organization\",\"@id\":\"https:\\\/\\\/stemarly.com\\\/es\\\/#organization\",\"name\":\"Stemarly - Tammer Business\",\"url\":\"https:\\\/\\\/stemarly.com\\\/es\\\/\",\"logo\":{\"@type\":\"ImageObject\",\"inLanguage\":\"es\",\"@id\":\"https:\\\/\\\/stemarly.com\\\/es\\\/#\\\/schema\\\/logo\\\/image\\\/\",\"url\":\"https:\\\/\\\/i0.wp.com\\\/stemarly.com\\\/wp-content\\\/uploads\\\/2024\\\/01\\\/Logotype-schwarz-e1726514755119.png?fit=1750%2C300&ssl=1\",\"contentUrl\":\"https:\\\/\\\/i0.wp.com\\\/stemarly.com\\\/wp-content\\\/uploads\\\/2024\\\/01\\\/Logotype-schwarz-e1726514755119.png?fit=1750%2C300&ssl=1\",\"width\":1750,\"height\":300,\"caption\":\"Stemarly - Tammer Business\"},\"image\":{\"@id\":\"https:\\\/\\\/stemarly.com\\\/es\\\/#\\\/schema\\\/logo\\\/image\\\/\"},\"sameAs\":[\"https:\\\/\\\/www.instagram.com\\\/stemarly.official\\\/\"]}]}<\/script>\n<!-- \/ Yoast SEO plugin. -->","yoast_head_json":{"title":"GTC - Stemarly","description":"Lee los t\u00e9rminos y condiciones de Stemarly para obtener toda la informaci\u00f3n importante sobre pedidos, pagos y transacciones. Todo lo que necesitas saber de un vistazo.","robots":{"index":"index","follow":"follow","max-snippet":"max-snippet:-1","max-image-preview":"max-image-preview:large","max-video-preview":"max-video-preview:-1"},"canonical":"https:\/\/stemarly.com\/es\/gtc\/","og_locale":"es_ES","og_type":"article","og_title":"GTC - Stemarly","og_description":"Lee los t\u00e9rminos y condiciones de Stemarly para obtener toda la informaci\u00f3n importante sobre pedidos, pagos y transacciones. Todo lo que necesitas saber de un vistazo.","og_url":"https:\/\/stemarly.com\/es\/gtc\/","og_site_name":"Stemarly","article_modified_time":"2025-04-04T20:16:45+00:00","twitter_card":"summary_large_image","twitter_misc":{"Tiempo de lectura":"3 minuto"},"schema":{"@context":"https:\/\/schema.org","@graph":[{"@type":"WebPage","@id":"https:\/\/stemarly.com\/es\/gtc\/","url":"https:\/\/stemarly.com\/es\/gtc\/","name":"GTC - Stemarly","isPartOf":{"@id":"https:\/\/stemarly.com\/es\/#website"},"datePublished":"2025-03-04T19:51:01+00:00","dateModified":"2025-04-04T20:16:45+00:00","description":"Lee los t\u00e9rminos y condiciones de Stemarly para obtener toda la informaci\u00f3n importante sobre pedidos, pagos y transacciones. Todo lo que necesitas saber de un vistazo.","breadcrumb":{"@id":"https:\/\/stemarly.com\/es\/gtc\/#breadcrumb"},"inLanguage":"es","potentialAction":[{"@type":"ReadAction","target":["https:\/\/stemarly.com\/es\/gtc\/"]}]},{"@type":"BreadcrumbList","@id":"https:\/\/stemarly.com\/es\/gtc\/#breadcrumb","itemListElement":[{"@type":"ListItem","position":1,"name":"P\u00e1gina de inicio","item":"https:\/\/stemarly.com\/es\/"},{"@type":"ListItem","position":2,"name":"GTC"}]},{"@type":"WebSite","@id":"https:\/\/stemarly.com\/es\/#website","url":"https:\/\/stemarly.com\/es\/","name":"Stemarly","description":"elegance to the very essence","publisher":{"@id":"https:\/\/stemarly.com\/es\/#organization"},"potentialAction":[{"@type":"SearchAction","target":{"@type":"EntryPoint","urlTemplate":"https:\/\/stemarly.com\/es\/?s={search_term_string}"},"query-input":{"@type":"PropertyValueSpecification","valueRequired":true,"valueName":"search_term_string"}}],"inLanguage":"es"},{"@type":"Organization","@id":"https:\/\/stemarly.com\/es\/#organization","name":"Stemarly - Tammer Business","url":"https:\/\/stemarly.com\/es\/","logo":{"@type":"ImageObject","inLanguage":"es","@id":"https:\/\/stemarly.com\/es\/#\/schema\/logo\/image\/","url":"https:\/\/i0.wp.com\/stemarly.com\/wp-content\/uploads\/2024\/01\/Logotype-schwarz-e1726514755119.png?fit=1750%2C300&ssl=1","contentUrl":"https:\/\/i0.wp.com\/stemarly.com\/wp-content\/uploads\/2024\/01\/Logotype-schwarz-e1726514755119.png?fit=1750%2C300&ssl=1","width":1750,"height":300,"caption":"Stemarly - Tammer Business"},"image":{"@id":"https:\/\/stemarly.com\/es\/#\/schema\/logo\/image\/"},"sameAs":["https:\/\/www.instagram.com\/stemarly.official\/"]}]}},"jetpack_sharing_enabled":true,"_links":{"self":[{"href":"https:\/\/stemarly.com\/es\/wp-json\/wp\/v2\/pages\/5355","targetHints":{"allow":["GET"]}}],"collection":[{"href":"https:\/\/stemarly.com\/es\/wp-json\/wp\/v2\/pages"}],"about":[{"href":"https:\/\/stemarly.com\/es\/wp-json\/wp\/v2\/types\/page"}],"author":[{"embeddable":true,"href":"https:\/\/stemarly.com\/es\/wp-json\/wp\/v2\/users\/1"}],"replies":[{"embeddable":true,"href":"https:\/\/stemarly.com\/es\/wp-json\/wp\/v2\/comments?post=5355"}],"version-history":[{"count":1,"href":"https:\/\/stemarly.com\/es\/wp-json\/wp\/v2\/pages\/5355\/revisions"}],"predecessor-version":[{"id":5357,"href":"https:\/\/stemarly.com\/es\/wp-json\/wp\/v2\/pages\/5355\/revisions\/5357"}],"wp:attachment":[{"href":"https:\/\/stemarly.com\/es\/wp-json\/wp\/v2\/media?parent=5355"}],"curies":[{"name":"wp","href":"https:\/\/api.w.org\/{rel}","templated":true}]}}