{"id":5134,"date":"2025-02-11T19:48:33","date_gmt":"2025-02-11T18:48:33","guid":{"rendered":"https:\/\/stemarly.com\/produkt\/pulsera-figaro-4mm\/"},"modified":"2025-04-04T22:16:46","modified_gmt":"2025-04-04T20:16:46","slug":"pulsera-figaro-4mm","status":"publish","type":"product","link":"https:\/\/stemarly.com\/es\/produkt\/pulsera-figaro-4mm\/","title":{"rendered":"Pulsera Figaro &#8211; 4mm"},"content":{"rendered":"<p>La Pulsera <a href=\"https:\/\/stemarly.com\/es\/produkt\/cadena-figaro-4mm\/\">F\u00edgaro de 4 mm de ancho complementa a la perfecci\u00f3n la Cadena F\u00edgaro<\/a>. La pulsera se puede personalizar con la cadena adicional de 20 mm. Comb\u00ednala con el <a href=\"https:\/\/stemarly.com\/es\/produkt\/colgante-rosa\/\">colgante<\/a> <a href=\"https:\/\/stemarly.com\/es\/produkt\/colgante-de-ala\/\">ala<\/a>, <a href=\"https:\/\/stemarly.com\/es\/produkt\/colgante-brujula\/\">br\u00fajula<\/a>, <a href=\"https:\/\/stemarly.com\/es\/produkt\/colgante-de-monedas\/\">moneda<\/a>, <a href=\"https:\/\/stemarly.com\/es\/produkt\/colgante-en-forma-de-cruz\/\">cruz<\/a> o rosa. El resultado es una pulsera \u00fanica que combina elegancia e individualidad.   <\/p>\n","protected":false},"excerpt":{"rendered":"<p>La Pulsera F\u00edgaro de 4 mm de ancho complementa a la perfecci\u00f3n la Cadena F\u00edgaro. La pulsera se puede personalizar con la cadena adicional de 20 mm. Comb\u00ednala con el colgante ala, br\u00fajula, moneda, cruz o rosa. El resultado es una pulsera \u00fanica que combina elegancia e individualidad.<\/p>\n","protected":false},"featured_media":4922,"comment_status":"open","ping_status":"closed","template":"","meta":[],"product_brand":[],"product_cat":[129],"product_tag":[138,137,135,136,132,130,131,133,134],"class_list":{"0":"post-5134","1":"product","2":"type-product","3":"status-publish","4":"has-post-thumbnail","6":"product_cat-pulsera","7":"product_tag-190mm-es","8":"product_tag-19cm-es","9":"product_tag-20mm-es","10":"product_tag-2cm-es","11":"product_tag-4mm-es","12":"product_tag-plata","13":"product_tag-plata-es","14":"product_tag-pulsera","15":"product_tag-pulsera-es","17":"first","18":"instock","19":"purchasable","20":"product-type-simple"},"yoast_head":"<!-- This site is optimized with the Yoast SEO plugin v27.4 - https:\/\/yoast.com\/product\/yoast-seo-wordpress\/ -->\n<title>Pulsera Figaro - 4mm - Stemarly<\/title>\n<meta name=\"description\" content=\"Descubre la Pulsera F\u00edgaro de 4 mm de ancho. Comb\u00ednala con la Cadena F\u00edgaro y elige charms para conseguir una pulsera \u00fanica y personalizada.\" \/>\n<meta name=\"robots\" content=\"index, follow, max-snippet:-1, max-image-preview:large, max-video-preview:-1\" \/>\n<link rel=\"canonical\" href=\"https:\/\/stemarly.com\/es\/produkt\/pulsera-figaro-4mm\/\" \/>\n<meta property=\"og:locale\" content=\"es_ES\" \/>\n<meta property=\"og:type\" content=\"article\" \/>\n<meta property=\"og:title\" content=\"Pulsera Figaro - 4mm - Stemarly\" \/>\n<meta property=\"og:description\" content=\"Descubre la Pulsera F\u00edgaro de 4 mm de ancho. Comb\u00ednala con la Cadena F\u00edgaro y elige charms para conseguir una pulsera \u00fanica y personalizada.\" \/>\n<meta property=\"og:url\" content=\"https:\/\/stemarly.com\/es\/produkt\/pulsera-figaro-4mm\/\" \/>\n<meta property=\"og:site_name\" content=\"Stemarly\" \/>\n<meta property=\"article:modified_time\" content=\"2025-04-04T20:16:46+00:00\" \/>\n<meta property=\"og:image\" content=\"https:\/\/i0.wp.com\/stemarly.com\/wp-content\/uploads\/2025\/02\/Figaro-Bracelet-Front-view-scaled-scaled.jpg?fit=2560%2C2560&ssl=1\" \/>\n\t<meta property=\"og:image:width\" content=\"2560\" \/>\n\t<meta property=\"og:image:height\" content=\"2560\" \/>\n\t<meta property=\"og:image:type\" content=\"image\/jpeg\" \/>\n<meta name=\"twitter:card\" content=\"summary_large_image\" \/>\n<script type=\"application\/ld+json\" class=\"yoast-schema-graph\">{\"@context\":\"https:\\\/\\\/schema.org\",\"@graph\":[{\"@type\":\"WebPage\",\"@id\":\"https:\\\/\\\/stemarly.com\\\/es\\\/produkt\\\/pulsera-figaro-4mm\\\/\",\"url\":\"https:\\\/\\\/stemarly.com\\\/es\\\/produkt\\\/pulsera-figaro-4mm\\\/\",\"name\":\"Pulsera Figaro - 4mm - Stemarly\",\"isPartOf\":{\"@id\":\"https:\\\/\\\/stemarly.com\\\/es\\\/#website\"},\"primaryImageOfPage\":{\"@id\":\"https:\\\/\\\/stemarly.com\\\/es\\\/produkt\\\/pulsera-figaro-4mm\\\/#primaryimage\"},\"image\":{\"@id\":\"https:\\\/\\\/stemarly.com\\\/es\\\/produkt\\\/pulsera-figaro-4mm\\\/#primaryimage\"},\"thumbnailUrl\":\"https:\\\/\\\/i0.wp.com\\\/stemarly.com\\\/wp-content\\\/uploads\\\/2025\\\/02\\\/Figaro-Bracelet-Front-view-scaled-scaled.jpg?fit=2560%2C2560&ssl=1\",\"datePublished\":\"2025-02-11T18:48:33+00:00\",\"dateModified\":\"2025-04-04T20:16:46+00:00\",\"description\":\"Descubre la Pulsera F\u00edgaro de 4 mm de ancho. Comb\u00ednala con la Cadena F\u00edgaro y elige charms para conseguir una pulsera \u00fanica y personalizada.\",\"breadcrumb\":{\"@id\":\"https:\\\/\\\/stemarly.com\\\/es\\\/produkt\\\/pulsera-figaro-4mm\\\/#breadcrumb\"},\"inLanguage\":\"es\",\"potentialAction\":[{\"@type\":\"ReadAction\",\"target\":[\"https:\\\/\\\/stemarly.com\\\/es\\\/produkt\\\/pulsera-figaro-4mm\\\/\"]}]},{\"@type\":\"ImageObject\",\"inLanguage\":\"es\",\"@id\":\"https:\\\/\\\/stemarly.com\\\/es\\\/produkt\\\/pulsera-figaro-4mm\\\/#primaryimage\",\"url\":\"https:\\\/\\\/i0.wp.com\\\/stemarly.com\\\/wp-content\\\/uploads\\\/2025\\\/02\\\/Figaro-Bracelet-Front-view-scaled-scaled.jpg?fit=2560%2C2560&ssl=1\",\"contentUrl\":\"https:\\\/\\\/i0.wp.com\\\/stemarly.com\\\/wp-content\\\/uploads\\\/2025\\\/02\\\/Figaro-Bracelet-Front-view-scaled-scaled.jpg?fit=2560%2C2560&ssl=1\",\"width\":2560,\"height\":2560,\"caption\":\"Vista de p\u00e1jaro de la pulsera Figaro de acero inoxidable, que confiere un aspecto cl\u00e1sico con sus eslabones elegantes e intemporales y su acabado perfecto.\"},{\"@type\":\"BreadcrumbList\",\"@id\":\"https:\\\/\\\/stemarly.com\\\/es\\\/produkt\\\/pulsera-figaro-4mm\\\/#breadcrumb\",\"itemListElement\":[{\"@type\":\"ListItem\",\"position\":1,\"name\":\"P\u00e1gina de inicio\",\"item\":\"https:\\\/\\\/stemarly.com\\\/es\\\/\"},{\"@type\":\"ListItem\",\"position\":2,\"name\":\"Tienda\",\"item\":\"https:\\\/\\\/stemarly.com\\\/es\\\/tienda\\\/\"},{\"@type\":\"ListItem\",\"position\":3,\"name\":\"Pulsera Figaro &#8211; 4mm\"}]},{\"@type\":\"WebSite\",\"@id\":\"https:\\\/\\\/stemarly.com\\\/es\\\/#website\",\"url\":\"https:\\\/\\\/stemarly.com\\\/es\\\/\",\"name\":\"Stemarly\",\"description\":\"elegance to the very essence\",\"publisher\":{\"@id\":\"https:\\\/\\\/stemarly.com\\\/es\\\/#organization\"},\"potentialAction\":[{\"@type\":\"SearchAction\",\"target\":{\"@type\":\"EntryPoint\",\"urlTemplate\":\"https:\\\/\\\/stemarly.com\\\/es\\\/?s={search_term_string}\"},\"query-input\":{\"@type\":\"PropertyValueSpecification\",\"valueRequired\":true,\"valueName\":\"search_term_string\"}}],\"inLanguage\":\"es\"},{\"@type\":\"Organization\",\"@id\":\"https:\\\/\\\/stemarly.com\\\/es\\\/#organization\",\"name\":\"Stemarly - Tammer Business\",\"url\":\"https:\\\/\\\/stemarly.com\\\/es\\\/\",\"logo\":{\"@type\":\"ImageObject\",\"inLanguage\":\"es\",\"@id\":\"https:\\\/\\\/stemarly.com\\\/es\\\/#\\\/schema\\\/logo\\\/image\\\/\",\"url\":\"https:\\\/\\\/i0.wp.com\\\/stemarly.com\\\/wp-content\\\/uploads\\\/2024\\\/01\\\/Logotype-schwarz-e1726514755119.png?fit=1750%2C300&ssl=1\",\"contentUrl\":\"https:\\\/\\\/i0.wp.com\\\/stemarly.com\\\/wp-content\\\/uploads\\\/2024\\\/01\\\/Logotype-schwarz-e1726514755119.png?fit=1750%2C300&ssl=1\",\"width\":1750,\"height\":300,\"caption\":\"Stemarly - Tammer Business\"},\"image\":{\"@id\":\"https:\\\/\\\/stemarly.com\\\/es\\\/#\\\/schema\\\/logo\\\/image\\\/\"},\"sameAs\":[\"https:\\\/\\\/www.instagram.com\\\/stemarly.official\\\/\"]}]}<\/script>\n<!-- \/ Yoast SEO plugin. -->","yoast_head_json":{"title":"Pulsera Figaro - 4mm - Stemarly","description":"Descubre la Pulsera F\u00edgaro de 4 mm de ancho. Comb\u00ednala con la Cadena F\u00edgaro y elige charms para conseguir una pulsera \u00fanica y personalizada.","robots":{"index":"index","follow":"follow","max-snippet":"max-snippet:-1","max-image-preview":"max-image-preview:large","max-video-preview":"max-video-preview:-1"},"canonical":"https:\/\/stemarly.com\/es\/produkt\/pulsera-figaro-4mm\/","og_locale":"es_ES","og_type":"article","og_title":"Pulsera Figaro - 4mm - Stemarly","og_description":"Descubre la Pulsera F\u00edgaro de 4 mm de ancho. Comb\u00ednala con la Cadena F\u00edgaro y elige charms para conseguir una pulsera \u00fanica y personalizada.","og_url":"https:\/\/stemarly.com\/es\/produkt\/pulsera-figaro-4mm\/","og_site_name":"Stemarly","article_modified_time":"2025-04-04T20:16:46+00:00","og_image":[{"width":2560,"height":2560,"url":"https:\/\/i0.wp.com\/stemarly.com\/wp-content\/uploads\/2025\/02\/Figaro-Bracelet-Front-view-scaled-scaled.jpg?fit=2560%2C2560&ssl=1","type":"image\/jpeg"}],"twitter_card":"summary_large_image","schema":{"@context":"https:\/\/schema.org","@graph":[{"@type":"WebPage","@id":"https:\/\/stemarly.com\/es\/produkt\/pulsera-figaro-4mm\/","url":"https:\/\/stemarly.com\/es\/produkt\/pulsera-figaro-4mm\/","name":"Pulsera Figaro - 4mm - Stemarly","isPartOf":{"@id":"https:\/\/stemarly.com\/es\/#website"},"primaryImageOfPage":{"@id":"https:\/\/stemarly.com\/es\/produkt\/pulsera-figaro-4mm\/#primaryimage"},"image":{"@id":"https:\/\/stemarly.com\/es\/produkt\/pulsera-figaro-4mm\/#primaryimage"},"thumbnailUrl":"https:\/\/i0.wp.com\/stemarly.com\/wp-content\/uploads\/2025\/02\/Figaro-Bracelet-Front-view-scaled-scaled.jpg?fit=2560%2C2560&ssl=1","datePublished":"2025-02-11T18:48:33+00:00","dateModified":"2025-04-04T20:16:46+00:00","description":"Descubre la Pulsera F\u00edgaro de 4 mm de ancho. Comb\u00ednala con la Cadena F\u00edgaro y elige charms para conseguir una pulsera \u00fanica y personalizada.","breadcrumb":{"@id":"https:\/\/stemarly.com\/es\/produkt\/pulsera-figaro-4mm\/#breadcrumb"},"inLanguage":"es","potentialAction":[{"@type":"ReadAction","target":["https:\/\/stemarly.com\/es\/produkt\/pulsera-figaro-4mm\/"]}]},{"@type":"ImageObject","inLanguage":"es","@id":"https:\/\/stemarly.com\/es\/produkt\/pulsera-figaro-4mm\/#primaryimage","url":"https:\/\/i0.wp.com\/stemarly.com\/wp-content\/uploads\/2025\/02\/Figaro-Bracelet-Front-view-scaled-scaled.jpg?fit=2560%2C2560&ssl=1","contentUrl":"https:\/\/i0.wp.com\/stemarly.com\/wp-content\/uploads\/2025\/02\/Figaro-Bracelet-Front-view-scaled-scaled.jpg?fit=2560%2C2560&ssl=1","width":2560,"height":2560,"caption":"Vista de p\u00e1jaro de la pulsera Figaro de acero inoxidable, que confiere un aspecto cl\u00e1sico con sus eslabones elegantes e intemporales y su acabado perfecto."},{"@type":"BreadcrumbList","@id":"https:\/\/stemarly.com\/es\/produkt\/pulsera-figaro-4mm\/#breadcrumb","itemListElement":[{"@type":"ListItem","position":1,"name":"P\u00e1gina de inicio","item":"https:\/\/stemarly.com\/es\/"},{"@type":"ListItem","position":2,"name":"Tienda","item":"https:\/\/stemarly.com\/es\/tienda\/"},{"@type":"ListItem","position":3,"name":"Pulsera Figaro &#8211; 4mm"}]},{"@type":"WebSite","@id":"https:\/\/stemarly.com\/es\/#website","url":"https:\/\/stemarly.com\/es\/","name":"Stemarly","description":"elegance to the very essence","publisher":{"@id":"https:\/\/stemarly.com\/es\/#organization"},"potentialAction":[{"@type":"SearchAction","target":{"@type":"EntryPoint","urlTemplate":"https:\/\/stemarly.com\/es\/?s={search_term_string}"},"query-input":{"@type":"PropertyValueSpecification","valueRequired":true,"valueName":"search_term_string"}}],"inLanguage":"es"},{"@type":"Organization","@id":"https:\/\/stemarly.com\/es\/#organization","name":"Stemarly - Tammer Business","url":"https:\/\/stemarly.com\/es\/","logo":{"@type":"ImageObject","inLanguage":"es","@id":"https:\/\/stemarly.com\/es\/#\/schema\/logo\/image\/","url":"https:\/\/i0.wp.com\/stemarly.com\/wp-content\/uploads\/2024\/01\/Logotype-schwarz-e1726514755119.png?fit=1750%2C300&ssl=1","contentUrl":"https:\/\/i0.wp.com\/stemarly.com\/wp-content\/uploads\/2024\/01\/Logotype-schwarz-e1726514755119.png?fit=1750%2C300&ssl=1","width":1750,"height":300,"caption":"Stemarly - Tammer Business"},"image":{"@id":"https:\/\/stemarly.com\/es\/#\/schema\/logo\/image\/"},"sameAs":["https:\/\/www.instagram.com\/stemarly.official\/"]}]}},"jetpack_sharing_enabled":true,"_links":{"self":[{"href":"https:\/\/stemarly.com\/es\/wp-json\/wp\/v2\/product\/5134","targetHints":{"allow":["GET"]}}],"collection":[{"href":"https:\/\/stemarly.com\/es\/wp-json\/wp\/v2\/product"}],"about":[{"href":"https:\/\/stemarly.com\/es\/wp-json\/wp\/v2\/types\/product"}],"replies":[{"embeddable":true,"href":"https:\/\/stemarly.com\/es\/wp-json\/wp\/v2\/comments?post=5134"}],"version-history":[{"count":1,"href":"https:\/\/stemarly.com\/es\/wp-json\/wp\/v2\/product\/5134\/revisions"}],"predecessor-version":[{"id":5358,"href":"https:\/\/stemarly.com\/es\/wp-json\/wp\/v2\/product\/5134\/revisions\/5358"}],"wp:featuredmedia":[{"embeddable":true,"href":"https:\/\/stemarly.com\/es\/wp-json\/wp\/v2\/media\/4922"}],"wp:attachment":[{"href":"https:\/\/stemarly.com\/es\/wp-json\/wp\/v2\/media?parent=5134"}],"wp:term":[{"taxonomy":"product_brand","embeddable":true,"href":"https:\/\/stemarly.com\/es\/wp-json\/wp\/v2\/product_brand?post=5134"},{"taxonomy":"product_cat","embeddable":true,"href":"https:\/\/stemarly.com\/es\/wp-json\/wp\/v2\/product_cat?post=5134"},{"taxonomy":"product_tag","embeddable":true,"href":"https:\/\/stemarly.com\/es\/wp-json\/wp\/v2\/product_tag?post=5134"}],"curies":[{"name":"wp","href":"https:\/\/api.w.org\/{rel}","templated":true}]}}