{"id":5178,"date":"2024-09-19T20:40:11","date_gmt":"2024-09-19T18:40:11","guid":{"rendered":"https:\/\/stemarly.com\/produkt\/cadena-cubana-8mm\/"},"modified":"2025-04-04T22:19:42","modified_gmt":"2025-04-04T20:19:42","slug":"cadena-cubana-8mm","status":"publish","type":"product","link":"https:\/\/stemarly.com\/es\/produkt\/cadena-cubana-8mm\/","title":{"rendered":"Cadena Cubana &#8211; 8mm"},"content":{"rendered":"<p>Nuestra Cadena Cubana de 8 mm de ancho y 50 cm de largo combina el estilo cl\u00e1sico con una calidad robusta. Fabricada en acero inoxidable de alta calidad, la cadena tiene un dise\u00f1o llamativo. A\u00f1ade un toque moderno y elegante a cualquier look, perfecto para cualquier ocasi\u00f3n. Comb\u00ednala con la <a href=\"https:\/\/stemarly.com\/es\/produkt\/cadena-figaro-4mm\/\">Cadena F\u00edgaro<\/a> para una flexibilidad a\u00fan mayor.   <\/p>\n","protected":false},"excerpt":{"rendered":"<p>Nuestra Cadena Cubana de 8 mm de ancho y 50 cm de largo combina el estilo cl\u00e1sico con una calidad robusta. Fabricada en acero inoxidable de alta calidad, la cadena tiene un dise\u00f1o llamativo. A\u00f1ade un toque moderno y elegante a cualquier look, perfecto para cualquier ocasi\u00f3n. Comb\u00ednala con la Cadena F\u00edgaro para una flexibilidad [&hellip;]<\/p>\n","protected":false},"featured_media":4927,"comment_status":"open","ping_status":"closed","template":"","meta":[],"product_brand":[],"product_cat":[276],"product_tag":[282,284,285,280,278,279,130,131],"class_list":{"0":"post-5178","1":"product","2":"type-product","3":"status-publish","4":"has-post-thumbnail","6":"product_cat-cadenas","7":"product_tag-500mm-es","8":"product_tag-50cm-es-2","9":"product_tag-8mm-es","10":"product_tag-cadena-es","11":"product_tag-cadena-2","12":"product_tag-cadena-cubana","13":"product_tag-plata","14":"product_tag-plata-es","16":"first","17":"instock","18":"purchasable","19":"product-type-simple"},"yoast_head":"<!-- This site is optimized with the Yoast SEO plugin v27.4 - https:\/\/yoast.com\/product\/yoast-seo-wordpress\/ -->\n<title>Cadena Cubana - 8mm - Stemarly<\/title>\n<meta name=\"description\" content=\"La Cadena Cubana de 8 mm de ancho (50 cm) combina el estilo cl\u00e1sico con una calidad robusta. Su llamativo dise\u00f1o da a tu look un toque moderno y elegante.\" \/>\n<meta name=\"robots\" content=\"index, follow, max-snippet:-1, max-image-preview:large, max-video-preview:-1\" \/>\n<link rel=\"canonical\" href=\"https:\/\/stemarly.com\/es\/produkt\/cadena-cubana-8mm\/\" \/>\n<meta property=\"og:locale\" content=\"es_ES\" \/>\n<meta property=\"og:type\" content=\"article\" \/>\n<meta property=\"og:title\" content=\"Cadena Cubana - 8mm - Stemarly\" \/>\n<meta property=\"og:description\" content=\"La Cadena Cubana de 8 mm de ancho (50 cm) combina el estilo cl\u00e1sico con una calidad robusta. Su llamativo dise\u00f1o da a tu look un toque moderno y elegante.\" \/>\n<meta property=\"og:url\" content=\"https:\/\/stemarly.com\/es\/produkt\/cadena-cubana-8mm\/\" \/>\n<meta property=\"og:site_name\" content=\"Stemarly\" \/>\n<meta property=\"article:modified_time\" content=\"2025-04-04T20:19:42+00:00\" \/>\n<meta property=\"og:image\" content=\"https:\/\/i0.wp.com\/stemarly.com\/wp-content\/uploads\/2025\/02\/Cuban-Chain-Front-hanging-scaled-scaled.jpg?fit=2560%2C2560&ssl=1\" \/>\n\t<meta property=\"og:image:width\" content=\"2560\" \/>\n\t<meta property=\"og:image:height\" content=\"2560\" \/>\n\t<meta property=\"og:image:type\" content=\"image\/jpeg\" \/>\n<meta name=\"twitter:card\" content=\"summary_large_image\" \/>\n<script type=\"application\/ld+json\" class=\"yoast-schema-graph\">{\"@context\":\"https:\\\/\\\/schema.org\",\"@graph\":[{\"@type\":\"WebPage\",\"@id\":\"https:\\\/\\\/stemarly.com\\\/es\\\/produkt\\\/cadena-cubana-8mm\\\/\",\"url\":\"https:\\\/\\\/stemarly.com\\\/es\\\/produkt\\\/cadena-cubana-8mm\\\/\",\"name\":\"Cadena Cubana - 8mm - Stemarly\",\"isPartOf\":{\"@id\":\"https:\\\/\\\/stemarly.com\\\/es\\\/#website\"},\"primaryImageOfPage\":{\"@id\":\"https:\\\/\\\/stemarly.com\\\/es\\\/produkt\\\/cadena-cubana-8mm\\\/#primaryimage\"},\"image\":{\"@id\":\"https:\\\/\\\/stemarly.com\\\/es\\\/produkt\\\/cadena-cubana-8mm\\\/#primaryimage\"},\"thumbnailUrl\":\"https:\\\/\\\/i0.wp.com\\\/stemarly.com\\\/wp-content\\\/uploads\\\/2025\\\/02\\\/Cuban-Chain-Front-hanging-scaled-scaled.jpg?fit=2560%2C2560&ssl=1\",\"datePublished\":\"2024-09-19T18:40:11+00:00\",\"dateModified\":\"2025-04-04T20:19:42+00:00\",\"description\":\"La Cadena Cubana de 8 mm de ancho (50 cm) combina el estilo cl\u00e1sico con una calidad robusta. Su llamativo dise\u00f1o da a tu look un toque moderno y elegante.\",\"breadcrumb\":{\"@id\":\"https:\\\/\\\/stemarly.com\\\/es\\\/produkt\\\/cadena-cubana-8mm\\\/#breadcrumb\"},\"inLanguage\":\"es\",\"potentialAction\":[{\"@type\":\"ReadAction\",\"target\":[\"https:\\\/\\\/stemarly.com\\\/es\\\/produkt\\\/cadena-cubana-8mm\\\/\"]}]},{\"@type\":\"ImageObject\",\"inLanguage\":\"es\",\"@id\":\"https:\\\/\\\/stemarly.com\\\/es\\\/produkt\\\/cadena-cubana-8mm\\\/#primaryimage\",\"url\":\"https:\\\/\\\/i0.wp.com\\\/stemarly.com\\\/wp-content\\\/uploads\\\/2025\\\/02\\\/Cuban-Chain-Front-hanging-scaled-scaled.jpg?fit=2560%2C2560&ssl=1\",\"contentUrl\":\"https:\\\/\\\/i0.wp.com\\\/stemarly.com\\\/wp-content\\\/uploads\\\/2025\\\/02\\\/Cuban-Chain-Front-hanging-scaled-scaled.jpg?fit=2560%2C2560&ssl=1\",\"width\":2560,\"height\":2560,\"caption\":\"Vista frontal de la Cadena Cubana de 8 mm de ancho fabricada en acero inoxidable, que ofrece un aspecto llamativo con su llamativo dise\u00f1o y robusta calidad.\"},{\"@type\":\"BreadcrumbList\",\"@id\":\"https:\\\/\\\/stemarly.com\\\/es\\\/produkt\\\/cadena-cubana-8mm\\\/#breadcrumb\",\"itemListElement\":[{\"@type\":\"ListItem\",\"position\":1,\"name\":\"P\u00e1gina de inicio\",\"item\":\"https:\\\/\\\/stemarly.com\\\/es\\\/\"},{\"@type\":\"ListItem\",\"position\":2,\"name\":\"Tienda\",\"item\":\"https:\\\/\\\/stemarly.com\\\/es\\\/tienda\\\/\"},{\"@type\":\"ListItem\",\"position\":3,\"name\":\"Cadena Cubana &#8211; 8mm\"}]},{\"@type\":\"WebSite\",\"@id\":\"https:\\\/\\\/stemarly.com\\\/es\\\/#website\",\"url\":\"https:\\\/\\\/stemarly.com\\\/es\\\/\",\"name\":\"Stemarly\",\"description\":\"elegance to the very essence\",\"publisher\":{\"@id\":\"https:\\\/\\\/stemarly.com\\\/es\\\/#organization\"},\"potentialAction\":[{\"@type\":\"SearchAction\",\"target\":{\"@type\":\"EntryPoint\",\"urlTemplate\":\"https:\\\/\\\/stemarly.com\\\/es\\\/?s={search_term_string}\"},\"query-input\":{\"@type\":\"PropertyValueSpecification\",\"valueRequired\":true,\"valueName\":\"search_term_string\"}}],\"inLanguage\":\"es\"},{\"@type\":\"Organization\",\"@id\":\"https:\\\/\\\/stemarly.com\\\/es\\\/#organization\",\"name\":\"Stemarly - Tammer Business\",\"url\":\"https:\\\/\\\/stemarly.com\\\/es\\\/\",\"logo\":{\"@type\":\"ImageObject\",\"inLanguage\":\"es\",\"@id\":\"https:\\\/\\\/stemarly.com\\\/es\\\/#\\\/schema\\\/logo\\\/image\\\/\",\"url\":\"https:\\\/\\\/i0.wp.com\\\/stemarly.com\\\/wp-content\\\/uploads\\\/2024\\\/01\\\/Logotype-schwarz-e1726514755119.png?fit=1750%2C300&ssl=1\",\"contentUrl\":\"https:\\\/\\\/i0.wp.com\\\/stemarly.com\\\/wp-content\\\/uploads\\\/2024\\\/01\\\/Logotype-schwarz-e1726514755119.png?fit=1750%2C300&ssl=1\",\"width\":1750,\"height\":300,\"caption\":\"Stemarly - Tammer Business\"},\"image\":{\"@id\":\"https:\\\/\\\/stemarly.com\\\/es\\\/#\\\/schema\\\/logo\\\/image\\\/\"},\"sameAs\":[\"https:\\\/\\\/www.instagram.com\\\/stemarly.official\\\/\"]}]}<\/script>\n<!-- \/ Yoast SEO plugin. -->","yoast_head_json":{"title":"Cadena Cubana - 8mm - Stemarly","description":"La Cadena Cubana de 8 mm de ancho (50 cm) combina el estilo cl\u00e1sico con una calidad robusta. Su llamativo dise\u00f1o da a tu look un toque moderno y elegante.","robots":{"index":"index","follow":"follow","max-snippet":"max-snippet:-1","max-image-preview":"max-image-preview:large","max-video-preview":"max-video-preview:-1"},"canonical":"https:\/\/stemarly.com\/es\/produkt\/cadena-cubana-8mm\/","og_locale":"es_ES","og_type":"article","og_title":"Cadena Cubana - 8mm - Stemarly","og_description":"La Cadena Cubana de 8 mm de ancho (50 cm) combina el estilo cl\u00e1sico con una calidad robusta. Su llamativo dise\u00f1o da a tu look un toque moderno y elegante.","og_url":"https:\/\/stemarly.com\/es\/produkt\/cadena-cubana-8mm\/","og_site_name":"Stemarly","article_modified_time":"2025-04-04T20:19:42+00:00","og_image":[{"width":2560,"height":2560,"url":"https:\/\/i0.wp.com\/stemarly.com\/wp-content\/uploads\/2025\/02\/Cuban-Chain-Front-hanging-scaled-scaled.jpg?fit=2560%2C2560&ssl=1","type":"image\/jpeg"}],"twitter_card":"summary_large_image","schema":{"@context":"https:\/\/schema.org","@graph":[{"@type":"WebPage","@id":"https:\/\/stemarly.com\/es\/produkt\/cadena-cubana-8mm\/","url":"https:\/\/stemarly.com\/es\/produkt\/cadena-cubana-8mm\/","name":"Cadena Cubana - 8mm - Stemarly","isPartOf":{"@id":"https:\/\/stemarly.com\/es\/#website"},"primaryImageOfPage":{"@id":"https:\/\/stemarly.com\/es\/produkt\/cadena-cubana-8mm\/#primaryimage"},"image":{"@id":"https:\/\/stemarly.com\/es\/produkt\/cadena-cubana-8mm\/#primaryimage"},"thumbnailUrl":"https:\/\/i0.wp.com\/stemarly.com\/wp-content\/uploads\/2025\/02\/Cuban-Chain-Front-hanging-scaled-scaled.jpg?fit=2560%2C2560&ssl=1","datePublished":"2024-09-19T18:40:11+00:00","dateModified":"2025-04-04T20:19:42+00:00","description":"La Cadena Cubana de 8 mm de ancho (50 cm) combina el estilo cl\u00e1sico con una calidad robusta. Su llamativo dise\u00f1o da a tu look un toque moderno y elegante.","breadcrumb":{"@id":"https:\/\/stemarly.com\/es\/produkt\/cadena-cubana-8mm\/#breadcrumb"},"inLanguage":"es","potentialAction":[{"@type":"ReadAction","target":["https:\/\/stemarly.com\/es\/produkt\/cadena-cubana-8mm\/"]}]},{"@type":"ImageObject","inLanguage":"es","@id":"https:\/\/stemarly.com\/es\/produkt\/cadena-cubana-8mm\/#primaryimage","url":"https:\/\/i0.wp.com\/stemarly.com\/wp-content\/uploads\/2025\/02\/Cuban-Chain-Front-hanging-scaled-scaled.jpg?fit=2560%2C2560&ssl=1","contentUrl":"https:\/\/i0.wp.com\/stemarly.com\/wp-content\/uploads\/2025\/02\/Cuban-Chain-Front-hanging-scaled-scaled.jpg?fit=2560%2C2560&ssl=1","width":2560,"height":2560,"caption":"Vista frontal de la Cadena Cubana de 8 mm de ancho fabricada en acero inoxidable, que ofrece un aspecto llamativo con su llamativo dise\u00f1o y robusta calidad."},{"@type":"BreadcrumbList","@id":"https:\/\/stemarly.com\/es\/produkt\/cadena-cubana-8mm\/#breadcrumb","itemListElement":[{"@type":"ListItem","position":1,"name":"P\u00e1gina de inicio","item":"https:\/\/stemarly.com\/es\/"},{"@type":"ListItem","position":2,"name":"Tienda","item":"https:\/\/stemarly.com\/es\/tienda\/"},{"@type":"ListItem","position":3,"name":"Cadena Cubana &#8211; 8mm"}]},{"@type":"WebSite","@id":"https:\/\/stemarly.com\/es\/#website","url":"https:\/\/stemarly.com\/es\/","name":"Stemarly","description":"elegance to the very essence","publisher":{"@id":"https:\/\/stemarly.com\/es\/#organization"},"potentialAction":[{"@type":"SearchAction","target":{"@type":"EntryPoint","urlTemplate":"https:\/\/stemarly.com\/es\/?s={search_term_string}"},"query-input":{"@type":"PropertyValueSpecification","valueRequired":true,"valueName":"search_term_string"}}],"inLanguage":"es"},{"@type":"Organization","@id":"https:\/\/stemarly.com\/es\/#organization","name":"Stemarly - Tammer Business","url":"https:\/\/stemarly.com\/es\/","logo":{"@type":"ImageObject","inLanguage":"es","@id":"https:\/\/stemarly.com\/es\/#\/schema\/logo\/image\/","url":"https:\/\/i0.wp.com\/stemarly.com\/wp-content\/uploads\/2024\/01\/Logotype-schwarz-e1726514755119.png?fit=1750%2C300&ssl=1","contentUrl":"https:\/\/i0.wp.com\/stemarly.com\/wp-content\/uploads\/2024\/01\/Logotype-schwarz-e1726514755119.png?fit=1750%2C300&ssl=1","width":1750,"height":300,"caption":"Stemarly - Tammer Business"},"image":{"@id":"https:\/\/stemarly.com\/es\/#\/schema\/logo\/image\/"},"sameAs":["https:\/\/www.instagram.com\/stemarly.official\/"]}]}},"jetpack_sharing_enabled":true,"_links":{"self":[{"href":"https:\/\/stemarly.com\/es\/wp-json\/wp\/v2\/product\/5178","targetHints":{"allow":["GET"]}}],"collection":[{"href":"https:\/\/stemarly.com\/es\/wp-json\/wp\/v2\/product"}],"about":[{"href":"https:\/\/stemarly.com\/es\/wp-json\/wp\/v2\/types\/product"}],"replies":[{"embeddable":true,"href":"https:\/\/stemarly.com\/es\/wp-json\/wp\/v2\/comments?post=5178"}],"version-history":[{"count":1,"href":"https:\/\/stemarly.com\/es\/wp-json\/wp\/v2\/product\/5178\/revisions"}],"predecessor-version":[{"id":5402,"href":"https:\/\/stemarly.com\/es\/wp-json\/wp\/v2\/product\/5178\/revisions\/5402"}],"wp:featuredmedia":[{"embeddable":true,"href":"https:\/\/stemarly.com\/es\/wp-json\/wp\/v2\/media\/4927"}],"wp:attachment":[{"href":"https:\/\/stemarly.com\/es\/wp-json\/wp\/v2\/media?parent=5178"}],"wp:term":[{"taxonomy":"product_brand","embeddable":true,"href":"https:\/\/stemarly.com\/es\/wp-json\/wp\/v2\/product_brand?post=5178"},{"taxonomy":"product_cat","embeddable":true,"href":"https:\/\/stemarly.com\/es\/wp-json\/wp\/v2\/product_cat?post=5178"},{"taxonomy":"product_tag","embeddable":true,"href":"https:\/\/stemarly.com\/es\/wp-json\/wp\/v2\/product_tag?post=5178"}],"curies":[{"name":"wp","href":"https:\/\/api.w.org\/{rel}","templated":true}]}}