{"id":4687,"date":"2025-04-04T21:53:33","date_gmt":"2025-04-04T19:53:33","guid":{"rendered":"https:\/\/stemarly.com\/panier\/"},"modified":"2025-04-04T21:53:37","modified_gmt":"2025-04-04T19:53:37","slug":"panier","status":"publish","type":"page","link":"https:\/\/stemarly.com\/fr\/panier\/","title":{"rendered":"Panier"},"content":{"rendered":"\n<div data-block-name=\"woocommerce\/cart\" class=\"wp-block-woocommerce-cart alignwide is-loading\">\n<div data-block-name=\"woocommerce\/filled-cart-block\" class=\"wp-block-woocommerce-filled-cart-block\">\n<div data-block-name=\"woocommerce\/cart-items-block\" class=\"wp-block-woocommerce-cart-items-block\">\n<div data-block-name=\"woocommerce\/cart-line-items-block\" class=\"wp-block-woocommerce-cart-line-items-block\"><\/div>\n\n\n\n<div data-block-name=\"woocommerce\/cart-cross-sells-block\" class=\"wp-block-woocommerce-cart-cross-sells-block\">\n<h2 class=\"wp-block-heading has-large-font-size\">Das interessiert dich vielleicht\u00a0\u2026<\/h2>\n\n\n\n<div data-block-name=\"woocommerce\/cart-cross-sells-products-block\" class=\"wp-block-woocommerce-cart-cross-sells-products-block\"><\/div>\n<\/div>\n<\/div>\n\n\n\n<div data-block-name=\"woocommerce\/cart-totals-block\" class=\"wp-block-woocommerce-cart-totals-block\">\n<div data-block-name=\"woocommerce\/cart-order-summary-block\" class=\"wp-block-woocommerce-cart-order-summary-block\">\n<div data-block-name=\"woocommerce\/cart-order-summary-heading-block\" class=\"wp-block-woocommerce-cart-order-summary-heading-block\"><\/div><div data-block-name=\"woocommerce\/cart-order-summary-coupon-form-block\" class=\"wp-block-woocommerce-cart-order-summary-coupon-form-block\"><\/div><div data-block-name=\"woocommerce\/cart-order-summary-totals-block\" class=\"wp-block-woocommerce-cart-order-summary-totals-block\">\n<div data-block-name=\"woocommerce\/cart-order-summary-subtotal-block\" class=\"wp-block-woocommerce-cart-order-summary-subtotal-block\"><\/div>\n<div data-block-name=\"woocommerce\/cart-order-summary-discount-block\" class=\"wp-block-woocommerce-cart-order-summary-discount-block\"><\/div>\n<div data-block-name=\"woocommerce\/cart-order-summary-fee-block\" class=\"wp-block-woocommerce-cart-order-summary-fee-block\"><\/div>\n<div data-block-name=\"woocommerce\/cart-order-summary-shipping-block\" class=\"wp-block-woocommerce-cart-order-summary-shipping-block\"><\/div>\n<div data-block-name=\"woocommerce\/cart-order-summary-taxes-block\" class=\"wp-block-woocommerce-cart-order-summary-taxes-block\"><\/div><\/div>\n<\/div>\n\n\n\n<div data-block-name=\"woocommerce\/cart-express-payment-block\" class=\"wp-block-woocommerce-cart-express-payment-block\"><\/div>\n\n\n\n<div data-block-name=\"woocommerce\/proceed-to-checkout-block\" class=\"wp-block-woocommerce-proceed-to-checkout-block\"><\/div>\n\n\n\n<div data-block-name=\"woocommerce\/cart-accepted-payment-methods-block\" class=\"wp-block-woocommerce-cart-accepted-payment-methods-block\"><\/div>\n<\/div>\n<\/div>\n\n\n\n<div data-block-name=\"woocommerce\/empty-cart-block\" class=\"wp-block-woocommerce-empty-cart-block\">\n<h2 class=\"wp-block-heading has-text-align-center with-empty-cart-icon wc-block-cart__empty-cart__title\">Dein Warenkorb ist gerade leer!<\/h2>\n\n\n\n<hr class=\"wp-block-separator has-alpha-channel-opacity is-style-dots\"\/>\n\n\n\n<h2 class=\"wp-block-heading has-text-align-center\">Neu im Shop<\/h2>\n\n\n<div data-block-name=\"woocommerce\/product-new\" data-columns=\"4\" data-rows=\"1\" class=\"wc-block-grid wp-block-product-new wp-block-woocommerce-product-new wc-block-product-new has-4-columns\"><ul class=\"wc-block-grid__products\"><li class=\"wc-block-grid__product\">\n\t\t\t\t<a href=\"https:\/\/stemarly.com\/fr\/produkt\/bracelet-figaro-4mm\/\" class=\"wc-block-grid__product-link\">\n\t\t\t\t\t\n\t\t\t\t\t<div class=\"wc-block-grid__product-image\"><img fetchpriority=\"high\" decoding=\"async\" width=\"500\" height=\"500\" src=\"https:\/\/i0.wp.com\/stemarly.com\/wp-content\/uploads\/2025\/02\/Figaro-Bracelet-Front-view-scaled-scaled.jpg?resize=500%2C500&amp;ssl=1\" class=\"attachment-woocommerce_thumbnail size-woocommerce_thumbnail\" alt=\"Vue a\u00e9rienne du bracelet Figaro en acier inoxydable, dont les maillons \u00e9l\u00e9gants et intemporels et la finition parfaite lui conf\u00e8rent un look classique.\" srcset=\"https:\/\/i0.wp.com\/stemarly.com\/wp-content\/uploads\/2025\/02\/Figaro-Bracelet-Front-view-scaled-scaled.jpg?w=2560&amp;ssl=1 2560w, https:\/\/i0.wp.com\/stemarly.com\/wp-content\/uploads\/2025\/02\/Figaro-Bracelet-Front-view-scaled-scaled.jpg?resize=300%2C300&amp;ssl=1 300w, https:\/\/i0.wp.com\/stemarly.com\/wp-content\/uploads\/2025\/02\/Figaro-Bracelet-Front-view-scaled-scaled.jpg?resize=1024%2C1024&amp;ssl=1 1024w, https:\/\/i0.wp.com\/stemarly.com\/wp-content\/uploads\/2025\/02\/Figaro-Bracelet-Front-view-scaled-scaled.jpg?resize=150%2C150&amp;ssl=1 150w, https:\/\/i0.wp.com\/stemarly.com\/wp-content\/uploads\/2025\/02\/Figaro-Bracelet-Front-view-scaled-scaled.jpg?resize=768%2C768&amp;ssl=1 768w, https:\/\/i0.wp.com\/stemarly.com\/wp-content\/uploads\/2025\/02\/Figaro-Bracelet-Front-view-scaled-scaled.jpg?resize=1536%2C1536&amp;ssl=1 1536w, https:\/\/i0.wp.com\/stemarly.com\/wp-content\/uploads\/2025\/02\/Figaro-Bracelet-Front-view-scaled-scaled.jpg?resize=2048%2C2048&amp;ssl=1 2048w, https:\/\/i0.wp.com\/stemarly.com\/wp-content\/uploads\/2025\/02\/Figaro-Bracelet-Front-view-scaled-scaled.jpg?resize=1320%2C1320&amp;ssl=1 1320w, https:\/\/i0.wp.com\/stemarly.com\/wp-content\/uploads\/2025\/02\/Figaro-Bracelet-Front-view-scaled-scaled.jpg?resize=500%2C500&amp;ssl=1 500w, https:\/\/i0.wp.com\/stemarly.com\/wp-content\/uploads\/2025\/02\/Figaro-Bracelet-Front-view-scaled-scaled.jpg?resize=800%2C800&amp;ssl=1 800w, https:\/\/i0.wp.com\/stemarly.com\/wp-content\/uploads\/2025\/02\/Figaro-Bracelet-Front-view-scaled-scaled.jpg?resize=100%2C100&amp;ssl=1 100w, https:\/\/i0.wp.com\/stemarly.com\/wp-content\/uploads\/2025\/02\/Figaro-Bracelet-Front-view-scaled-scaled.jpg?w=1600&amp;ssl=1 1600w, https:\/\/i0.wp.com\/stemarly.com\/wp-content\/uploads\/2025\/02\/Figaro-Bracelet-Front-view-scaled-scaled.jpg?w=2400&amp;ssl=1 2400w\" sizes=\"(max-width: 500px) 100vw, 500px\" \/><\/div>\n\t\t\t\t\t<div class=\"wc-block-grid__product-title\">Bracelet Figaro &#8211; 4mm<\/div>\n\t\t\t\t<\/a>\n\t\t\t\t<div class=\"wc-block-grid__product-price price\"><span class=\"woocommerce-Price-amount amount\"><span class=\"woocommerce-Price-currencySymbol\">&#067;&#072;&#070;<\/span>&nbsp;19.95<\/span><\/div>\n\t\t\t\t\n\t\t\t\t<div class=\"wp-block-button wc-block-grid__product-add-to-cart\"><a href=\"\/fr\/wp-json\/wp\/v2\/pages\/4687?add-to-cart=5132\" aria-label=\"Ajouter au panier\u00a0: &ldquo;Bracelet Figaro - 4mm&rdquo;\" data-quantity=\"1\" data-product_id=\"5132\" data-product_sku=\"7649988210204\" data-price=\"19.95\" rel=\"nofollow\" class=\"wp-block-button__link  add_to_cart_button ajax_add_to_cart\">Ajouter au panier<\/a><\/div>\n\t\t\t<\/li><li class=\"wc-block-grid__product\">\n\t\t\t\t<a href=\"https:\/\/stemarly.com\/fr\/produkt\/anneau-mat-5mm\/\" class=\"wc-block-grid__product-link\">\n\t\t\t\t\t\n\t\t\t\t\t<div class=\"wc-block-grid__product-image\"><img decoding=\"async\" width=\"500\" height=\"500\" src=\"https:\/\/i0.wp.com\/stemarly.com\/wp-content\/uploads\/2025\/02\/Ring-matte-Side-view-scaled-scaled.jpg?resize=500%2C500&amp;ssl=1\" class=\"attachment-woocommerce_thumbnail size-woocommerce_thumbnail\" alt=\"Gros plan sur l&#039;anneau mat en acier inoxydable de 5 mm de large en vue a\u00e9rienne. Le design minimaliste et la surface bross\u00e9e soulignent son \u00e9l\u00e9gance simple.\" srcset=\"https:\/\/i0.wp.com\/stemarly.com\/wp-content\/uploads\/2025\/02\/Ring-matte-Side-view-scaled-scaled.jpg?w=2560&amp;ssl=1 2560w, https:\/\/i0.wp.com\/stemarly.com\/wp-content\/uploads\/2025\/02\/Ring-matte-Side-view-scaled-scaled.jpg?resize=300%2C300&amp;ssl=1 300w, https:\/\/i0.wp.com\/stemarly.com\/wp-content\/uploads\/2025\/02\/Ring-matte-Side-view-scaled-scaled.jpg?resize=1024%2C1024&amp;ssl=1 1024w, https:\/\/i0.wp.com\/stemarly.com\/wp-content\/uploads\/2025\/02\/Ring-matte-Side-view-scaled-scaled.jpg?resize=150%2C150&amp;ssl=1 150w, https:\/\/i0.wp.com\/stemarly.com\/wp-content\/uploads\/2025\/02\/Ring-matte-Side-view-scaled-scaled.jpg?resize=768%2C768&amp;ssl=1 768w, https:\/\/i0.wp.com\/stemarly.com\/wp-content\/uploads\/2025\/02\/Ring-matte-Side-view-scaled-scaled.jpg?resize=1536%2C1536&amp;ssl=1 1536w, https:\/\/i0.wp.com\/stemarly.com\/wp-content\/uploads\/2025\/02\/Ring-matte-Side-view-scaled-scaled.jpg?resize=2048%2C2048&amp;ssl=1 2048w, https:\/\/i0.wp.com\/stemarly.com\/wp-content\/uploads\/2025\/02\/Ring-matte-Side-view-scaled-scaled.jpg?resize=1320%2C1320&amp;ssl=1 1320w, https:\/\/i0.wp.com\/stemarly.com\/wp-content\/uploads\/2025\/02\/Ring-matte-Side-view-scaled-scaled.jpg?resize=500%2C500&amp;ssl=1 500w, https:\/\/i0.wp.com\/stemarly.com\/wp-content\/uploads\/2025\/02\/Ring-matte-Side-view-scaled-scaled.jpg?resize=800%2C800&amp;ssl=1 800w, https:\/\/i0.wp.com\/stemarly.com\/wp-content\/uploads\/2025\/02\/Ring-matte-Side-view-scaled-scaled.jpg?resize=100%2C100&amp;ssl=1 100w, https:\/\/i0.wp.com\/stemarly.com\/wp-content\/uploads\/2025\/02\/Ring-matte-Side-view-scaled-scaled.jpg?w=1600&amp;ssl=1 1600w, https:\/\/i0.wp.com\/stemarly.com\/wp-content\/uploads\/2025\/02\/Ring-matte-Side-view-scaled-scaled.jpg?w=2400&amp;ssl=1 2400w\" sizes=\"(max-width: 500px) 100vw, 500px\" \/><\/div>\n\t\t\t\t\t<div class=\"wc-block-grid__product-title\">Anneau mat &#8211; 5mm<\/div>\n\t\t\t\t<\/a>\n\t\t\t\t<div class=\"wc-block-grid__product-price price\"><span class=\"woocommerce-Price-amount amount\"><span class=\"woocommerce-Price-currencySymbol\">&#067;&#072;&#070;<\/span>&nbsp;14.95<\/span><\/div>\n\t\t\t\t\n\t\t\t\t<div class=\"wp-block-button wc-block-grid__product-add-to-cart\"><a href=\"\/fr\/wp-json\/wp\/v2\/pages\/4687?add-to-cart=5140\" aria-label=\"Ajouter au panier\u00a0: &ldquo;Anneau mat - 5mm&rdquo;\" data-quantity=\"1\" data-product_id=\"5140\" data-product_sku=\"7649988210297\" data-price=\"14.95\" rel=\"nofollow\" class=\"wp-block-button__link  add_to_cart_button ajax_add_to_cart\">Ajouter au panier<\/a><\/div>\n\t\t\t<\/li><li class=\"wc-block-grid__product\">\n\t\t\t\t<a href=\"https:\/\/stemarly.com\/fr\/produkt\/bague-polie-4mm\/\" class=\"wc-block-grid__product-link\">\n\t\t\t\t\t\n\t\t\t\t\t<div class=\"wc-block-grid__product-image\"><img decoding=\"async\" width=\"500\" height=\"500\" src=\"https:\/\/i0.wp.com\/stemarly.com\/wp-content\/uploads\/2025\/02\/ring-polished-Side-view-scaled.jpg?resize=500%2C500&amp;ssl=1\" class=\"attachment-woocommerce_thumbnail size-woocommerce_thumbnail\" alt=\"D\u00e9tail de la bague polie de 4 mm de large en vue a\u00e9rienne, la finition brillante met en valeur le design raffin\u00e9 et la finesse de la fabrication.\" srcset=\"https:\/\/i0.wp.com\/stemarly.com\/wp-content\/uploads\/2025\/02\/ring-polished-Side-view-scaled.jpg?w=2560&amp;ssl=1 2560w, https:\/\/i0.wp.com\/stemarly.com\/wp-content\/uploads\/2025\/02\/ring-polished-Side-view-scaled.jpg?resize=300%2C300&amp;ssl=1 300w, https:\/\/i0.wp.com\/stemarly.com\/wp-content\/uploads\/2025\/02\/ring-polished-Side-view-scaled.jpg?resize=1024%2C1024&amp;ssl=1 1024w, https:\/\/i0.wp.com\/stemarly.com\/wp-content\/uploads\/2025\/02\/ring-polished-Side-view-scaled.jpg?resize=150%2C150&amp;ssl=1 150w, https:\/\/i0.wp.com\/stemarly.com\/wp-content\/uploads\/2025\/02\/ring-polished-Side-view-scaled.jpg?resize=768%2C768&amp;ssl=1 768w, https:\/\/i0.wp.com\/stemarly.com\/wp-content\/uploads\/2025\/02\/ring-polished-Side-view-scaled.jpg?resize=1536%2C1536&amp;ssl=1 1536w, https:\/\/i0.wp.com\/stemarly.com\/wp-content\/uploads\/2025\/02\/ring-polished-Side-view-scaled.jpg?resize=2048%2C2048&amp;ssl=1 2048w, https:\/\/i0.wp.com\/stemarly.com\/wp-content\/uploads\/2025\/02\/ring-polished-Side-view-scaled.jpg?resize=1320%2C1320&amp;ssl=1 1320w, https:\/\/i0.wp.com\/stemarly.com\/wp-content\/uploads\/2025\/02\/ring-polished-Side-view-scaled.jpg?resize=500%2C500&amp;ssl=1 500w, https:\/\/i0.wp.com\/stemarly.com\/wp-content\/uploads\/2025\/02\/ring-polished-Side-view-scaled.jpg?resize=800%2C800&amp;ssl=1 800w, https:\/\/i0.wp.com\/stemarly.com\/wp-content\/uploads\/2025\/02\/ring-polished-Side-view-scaled.jpg?resize=100%2C100&amp;ssl=1 100w, https:\/\/i0.wp.com\/stemarly.com\/wp-content\/uploads\/2025\/02\/ring-polished-Side-view-scaled.jpg?w=1600&amp;ssl=1 1600w, https:\/\/i0.wp.com\/stemarly.com\/wp-content\/uploads\/2025\/02\/ring-polished-Side-view-scaled.jpg?w=2400&amp;ssl=1 2400w\" sizes=\"(max-width: 500px) 100vw, 500px\" \/><\/div>\n\t\t\t\t\t<div class=\"wc-block-grid__product-title\">Bague polie &#8211; 4mm<\/div>\n\t\t\t\t<\/a>\n\t\t\t\t<div class=\"wc-block-grid__product-price price\"><span class=\"woocommerce-Price-amount amount\"><span class=\"woocommerce-Price-currencySymbol\">&#067;&#072;&#070;<\/span>&nbsp;14.95<\/span><\/div>\n\t\t\t\t\n\t\t\t\t<div class=\"wp-block-button wc-block-grid__product-add-to-cart\"><a href=\"\/fr\/wp-json\/wp\/v2\/pages\/4687?add-to-cart=5139\" aria-label=\"Ajouter au panier\u00a0: &ldquo;Bague polie - 4mm&rdquo;\" data-quantity=\"1\" data-product_id=\"5139\" data-product_sku=\"7649988210280\" data-price=\"14.95\" rel=\"nofollow\" class=\"wp-block-button__link  add_to_cart_button ajax_add_to_cart\">Ajouter au panier<\/a><\/div>\n\t\t\t<\/li><li class=\"wc-block-grid__product\">\n\t\t\t\t<a href=\"https:\/\/stemarly.com\/fr\/produkt\/pendentif-rose\/\" class=\"wc-block-grid__product-link\">\n\t\t\t\t\t\n\t\t\t\t\t<div class=\"wc-block-grid__product-image\"><img loading=\"lazy\" decoding=\"async\" width=\"500\" height=\"500\" src=\"https:\/\/i0.wp.com\/stemarly.com\/wp-content\/uploads\/2025\/02\/Rose-Pendant-Side-view-scaled-scaled.jpg?resize=500%2C500&amp;ssl=1\" class=\"attachment-woocommerce_thumbnail size-woocommerce_thumbnail\" alt=\"Gros plan sur le d\u00e9licat pendentif rose en acier inoxydable aux d\u00e9tails pr\u00e9cis et au design \u00e9l\u00e9gant, symbole d&#039;amour et de passion.\" srcset=\"https:\/\/i0.wp.com\/stemarly.com\/wp-content\/uploads\/2025\/02\/Rose-Pendant-Side-view-scaled-scaled.jpg?w=2560&amp;ssl=1 2560w, https:\/\/i0.wp.com\/stemarly.com\/wp-content\/uploads\/2025\/02\/Rose-Pendant-Side-view-scaled-scaled.jpg?resize=300%2C300&amp;ssl=1 300w, https:\/\/i0.wp.com\/stemarly.com\/wp-content\/uploads\/2025\/02\/Rose-Pendant-Side-view-scaled-scaled.jpg?resize=1024%2C1024&amp;ssl=1 1024w, https:\/\/i0.wp.com\/stemarly.com\/wp-content\/uploads\/2025\/02\/Rose-Pendant-Side-view-scaled-scaled.jpg?resize=150%2C150&amp;ssl=1 150w, https:\/\/i0.wp.com\/stemarly.com\/wp-content\/uploads\/2025\/02\/Rose-Pendant-Side-view-scaled-scaled.jpg?resize=768%2C768&amp;ssl=1 768w, https:\/\/i0.wp.com\/stemarly.com\/wp-content\/uploads\/2025\/02\/Rose-Pendant-Side-view-scaled-scaled.jpg?resize=1536%2C1536&amp;ssl=1 1536w, https:\/\/i0.wp.com\/stemarly.com\/wp-content\/uploads\/2025\/02\/Rose-Pendant-Side-view-scaled-scaled.jpg?resize=2048%2C2048&amp;ssl=1 2048w, https:\/\/i0.wp.com\/stemarly.com\/wp-content\/uploads\/2025\/02\/Rose-Pendant-Side-view-scaled-scaled.jpg?resize=1320%2C1320&amp;ssl=1 1320w, https:\/\/i0.wp.com\/stemarly.com\/wp-content\/uploads\/2025\/02\/Rose-Pendant-Side-view-scaled-scaled.jpg?resize=500%2C500&amp;ssl=1 500w, https:\/\/i0.wp.com\/stemarly.com\/wp-content\/uploads\/2025\/02\/Rose-Pendant-Side-view-scaled-scaled.jpg?resize=800%2C800&amp;ssl=1 800w, https:\/\/i0.wp.com\/stemarly.com\/wp-content\/uploads\/2025\/02\/Rose-Pendant-Side-view-scaled-scaled.jpg?resize=100%2C100&amp;ssl=1 100w, https:\/\/i0.wp.com\/stemarly.com\/wp-content\/uploads\/2025\/02\/Rose-Pendant-Side-view-scaled-scaled.jpg?w=1600&amp;ssl=1 1600w, https:\/\/i0.wp.com\/stemarly.com\/wp-content\/uploads\/2025\/02\/Rose-Pendant-Side-view-scaled-scaled.jpg?w=2400&amp;ssl=1 2400w\" sizes=\"(max-width: 500px) 100vw, 500px\" \/><\/div>\n\t\t\t\t\t<div class=\"wc-block-grid__product-title\">Pendentif rose<\/div>\n\t\t\t\t<\/a>\n\t\t\t\t<div class=\"wc-block-grid__product-price price\"><span class=\"woocommerce-Price-amount amount\"><span class=\"woocommerce-Price-currencySymbol\">&#067;&#072;&#070;<\/span>&nbsp;14.95<\/span><\/div>\n\t\t\t\t\n\t\t\t\t<div class=\"wp-block-button wc-block-grid__product-add-to-cart\"><a href=\"\/fr\/wp-json\/wp\/v2\/pages\/4687?add-to-cart=5149\" aria-label=\"Ajouter au panier\u00a0: &ldquo;Pendentif rose&rdquo;\" data-quantity=\"1\" data-product_id=\"5149\" data-product_sku=\"7649988210273\" data-price=\"14.95\" rel=\"nofollow\" class=\"wp-block-button__link  add_to_cart_button ajax_add_to_cart\">Ajouter au panier<\/a><\/div>\n\t\t\t<\/li><\/ul><\/div><\/div>\n<\/div>\n","protected":false},"excerpt":{"rendered":"","protected":false},"author":1,"featured_media":0,"parent":0,"menu_order":0,"comment_status":"closed","ping_status":"closed","template":"","meta":{"footnotes":""},"class_list":["post-4687","page","type-page","status-publish","hentry"],"yoast_head":"<!-- This site is optimized with the Yoast SEO plugin v27.4 - https:\/\/yoast.com\/product\/yoast-seo-wordpress\/ -->\n<title>Panier - Stemarly<\/title>\n<meta name=\"robots\" content=\"index, follow, max-snippet:-1, max-image-preview:large, max-video-preview:-1\" \/>\n<link rel=\"canonical\" href=\"https:\/\/stemarly.com\/fr\/panier\/\" \/>\n<meta property=\"og:locale\" content=\"fr_FR\" \/>\n<meta property=\"og:type\" content=\"article\" \/>\n<meta property=\"og:title\" content=\"Panier - Stemarly\" \/>\n<meta property=\"og:url\" content=\"https:\/\/stemarly.com\/fr\/panier\/\" \/>\n<meta property=\"og:site_name\" content=\"Stemarly\" \/>\n<meta property=\"article:modified_time\" content=\"2025-04-04T19:53:37+00:00\" \/>\n<meta name=\"twitter:card\" content=\"summary_large_image\" \/>\n<script type=\"application\/ld+json\" class=\"yoast-schema-graph\">{\"@context\":\"https:\\\/\\\/schema.org\",\"@graph\":[{\"@type\":\"WebPage\",\"@id\":\"https:\\\/\\\/stemarly.com\\\/fr\\\/panier\\\/\",\"url\":\"https:\\\/\\\/stemarly.com\\\/fr\\\/panier\\\/\",\"name\":\"Panier - Stemarly\",\"isPartOf\":{\"@id\":\"https:\\\/\\\/stemarly.com\\\/fr\\\/#website\"},\"datePublished\":\"2025-04-04T19:53:33+00:00\",\"dateModified\":\"2025-04-04T19:53:37+00:00\",\"breadcrumb\":{\"@id\":\"https:\\\/\\\/stemarly.com\\\/fr\\\/panier\\\/#breadcrumb\"},\"inLanguage\":\"fr-FR\",\"potentialAction\":[{\"@type\":\"ReadAction\",\"target\":[\"https:\\\/\\\/stemarly.com\\\/fr\\\/panier\\\/\"]}]},{\"@type\":\"BreadcrumbList\",\"@id\":\"https:\\\/\\\/stemarly.com\\\/fr\\\/panier\\\/#breadcrumb\",\"itemListElement\":[{\"@type\":\"ListItem\",\"position\":1,\"name\":\"Startseite\",\"item\":\"https:\\\/\\\/stemarly.com\\\/fr\\\/\"},{\"@type\":\"ListItem\",\"position\":2,\"name\":\"Panier\"}]},{\"@type\":\"WebSite\",\"@id\":\"https:\\\/\\\/stemarly.com\\\/fr\\\/#website\",\"url\":\"https:\\\/\\\/stemarly.com\\\/fr\\\/\",\"name\":\"Stemarly\",\"description\":\"elegance to the very essence\",\"publisher\":{\"@id\":\"https:\\\/\\\/stemarly.com\\\/fr\\\/#organization\"},\"potentialAction\":[{\"@type\":\"SearchAction\",\"target\":{\"@type\":\"EntryPoint\",\"urlTemplate\":\"https:\\\/\\\/stemarly.com\\\/fr\\\/?s={search_term_string}\"},\"query-input\":{\"@type\":\"PropertyValueSpecification\",\"valueRequired\":true,\"valueName\":\"search_term_string\"}}],\"inLanguage\":\"fr-FR\"},{\"@type\":\"Organization\",\"@id\":\"https:\\\/\\\/stemarly.com\\\/fr\\\/#organization\",\"name\":\"Stemarly - Tammer Business\",\"url\":\"https:\\\/\\\/stemarly.com\\\/fr\\\/\",\"logo\":{\"@type\":\"ImageObject\",\"inLanguage\":\"fr-FR\",\"@id\":\"https:\\\/\\\/stemarly.com\\\/fr\\\/#\\\/schema\\\/logo\\\/image\\\/\",\"url\":\"https:\\\/\\\/i0.wp.com\\\/stemarly.com\\\/wp-content\\\/uploads\\\/2024\\\/01\\\/Logotype-schwarz-e1726514755119.png?fit=1750%2C300&ssl=1\",\"contentUrl\":\"https:\\\/\\\/i0.wp.com\\\/stemarly.com\\\/wp-content\\\/uploads\\\/2024\\\/01\\\/Logotype-schwarz-e1726514755119.png?fit=1750%2C300&ssl=1\",\"width\":1750,\"height\":300,\"caption\":\"Stemarly - Tammer Business\"},\"image\":{\"@id\":\"https:\\\/\\\/stemarly.com\\\/fr\\\/#\\\/schema\\\/logo\\\/image\\\/\"},\"sameAs\":[\"https:\\\/\\\/www.instagram.com\\\/stemarly.official\\\/\"]}]}<\/script>\n<!-- \/ Yoast SEO plugin. -->","yoast_head_json":{"title":"Panier - Stemarly","robots":{"index":"index","follow":"follow","max-snippet":"max-snippet:-1","max-image-preview":"max-image-preview:large","max-video-preview":"max-video-preview:-1"},"canonical":"https:\/\/stemarly.com\/fr\/panier\/","og_locale":"fr_FR","og_type":"article","og_title":"Panier - Stemarly","og_url":"https:\/\/stemarly.com\/fr\/panier\/","og_site_name":"Stemarly","article_modified_time":"2025-04-04T19:53:37+00:00","twitter_card":"summary_large_image","schema":{"@context":"https:\/\/schema.org","@graph":[{"@type":"WebPage","@id":"https:\/\/stemarly.com\/fr\/panier\/","url":"https:\/\/stemarly.com\/fr\/panier\/","name":"Panier - Stemarly","isPartOf":{"@id":"https:\/\/stemarly.com\/fr\/#website"},"datePublished":"2025-04-04T19:53:33+00:00","dateModified":"2025-04-04T19:53:37+00:00","breadcrumb":{"@id":"https:\/\/stemarly.com\/fr\/panier\/#breadcrumb"},"inLanguage":"fr-FR","potentialAction":[{"@type":"ReadAction","target":["https:\/\/stemarly.com\/fr\/panier\/"]}]},{"@type":"BreadcrumbList","@id":"https:\/\/stemarly.com\/fr\/panier\/#breadcrumb","itemListElement":[{"@type":"ListItem","position":1,"name":"Startseite","item":"https:\/\/stemarly.com\/fr\/"},{"@type":"ListItem","position":2,"name":"Panier"}]},{"@type":"WebSite","@id":"https:\/\/stemarly.com\/fr\/#website","url":"https:\/\/stemarly.com\/fr\/","name":"Stemarly","description":"elegance to the very essence","publisher":{"@id":"https:\/\/stemarly.com\/fr\/#organization"},"potentialAction":[{"@type":"SearchAction","target":{"@type":"EntryPoint","urlTemplate":"https:\/\/stemarly.com\/fr\/?s={search_term_string}"},"query-input":{"@type":"PropertyValueSpecification","valueRequired":true,"valueName":"search_term_string"}}],"inLanguage":"fr-FR"},{"@type":"Organization","@id":"https:\/\/stemarly.com\/fr\/#organization","name":"Stemarly - Tammer Business","url":"https:\/\/stemarly.com\/fr\/","logo":{"@type":"ImageObject","inLanguage":"fr-FR","@id":"https:\/\/stemarly.com\/fr\/#\/schema\/logo\/image\/","url":"https:\/\/i0.wp.com\/stemarly.com\/wp-content\/uploads\/2024\/01\/Logotype-schwarz-e1726514755119.png?fit=1750%2C300&ssl=1","contentUrl":"https:\/\/i0.wp.com\/stemarly.com\/wp-content\/uploads\/2024\/01\/Logotype-schwarz-e1726514755119.png?fit=1750%2C300&ssl=1","width":1750,"height":300,"caption":"Stemarly - Tammer Business"},"image":{"@id":"https:\/\/stemarly.com\/fr\/#\/schema\/logo\/image\/"},"sameAs":["https:\/\/www.instagram.com\/stemarly.official\/"]}]}},"jetpack_sharing_enabled":true,"_links":{"self":[{"href":"https:\/\/stemarly.com\/fr\/wp-json\/wp\/v2\/pages\/4687","targetHints":{"allow":["GET"]}}],"collection":[{"href":"https:\/\/stemarly.com\/fr\/wp-json\/wp\/v2\/pages"}],"about":[{"href":"https:\/\/stemarly.com\/fr\/wp-json\/wp\/v2\/types\/page"}],"author":[{"embeddable":true,"href":"https:\/\/stemarly.com\/fr\/wp-json\/wp\/v2\/users\/1"}],"replies":[{"embeddable":true,"href":"https:\/\/stemarly.com\/fr\/wp-json\/wp\/v2\/comments?post=4687"}],"version-history":[{"count":0,"href":"https:\/\/stemarly.com\/fr\/wp-json\/wp\/v2\/pages\/4687\/revisions"}],"wp:attachment":[{"href":"https:\/\/stemarly.com\/fr\/wp-json\/wp\/v2\/media?parent=4687"}],"curies":[{"name":"wp","href":"https:\/\/api.w.org\/{rel}","templated":true}]}}