{"id":4977,"date":"2024-11-08T20:26:12","date_gmt":"2024-11-08T19:26:12","guid":{"rendered":"https:\/\/stemarly.com\/expedition\/"},"modified":"2025-04-04T21:58:03","modified_gmt":"2025-04-04T19:58:03","slug":"expedition","status":"publish","type":"page","link":"https:\/\/stemarly.com\/fr\/expedition\/","title":{"rendered":"Exp\u00e9dition"},"content":{"rendered":"\t\t<div data-elementor-type=\"wp-page\" data-elementor-id=\"4977\" class=\"elementor elementor-4977 elementor-1180\" data-elementor-post-type=\"page\">\n\t\t\t\t<div class=\"elementor-element elementor-element-d946a4e e-flex e-con-boxed e-con e-parent\" data-id=\"d946a4e\" data-element_type=\"container\" data-e-type=\"container\">\n\t\t\t\t\t<div class=\"e-con-inner\">\n\t\t\t\t<div class=\"elementor-element elementor-element-3409b0b elementor-widget elementor-widget-heading\" data-id=\"3409b0b\" data-element_type=\"widget\" data-e-type=\"widget\" data-widget_type=\"heading.default\">\n\t\t\t\t<div class=\"elementor-widget-container\">\n\t\t\t\t\t<h1 class=\"elementor-heading-title elementor-size-default\">EXP\u00c9DITION<\/h1>\t\t\t\t<\/div>\n\t\t\t\t<\/div>\n\t\t\t\t<div class=\"elementor-element elementor-element-a36badd elementor-widget elementor-widget-text-editor\" data-id=\"a36badd\" data-element_type=\"widget\" data-e-type=\"widget\" data-widget_type=\"text-editor.default\">\n\t\t\t\t<div class=\"elementor-widget-container\">\n\t\t\t\t\t\t\t\t\t<p><b>Votre<\/b> commande<br>Votre commande sur Stemarly sera trait\u00e9e imm\u00e9diatement et exp\u00e9di\u00e9e dans les plus brefs d\u00e9lais par notre partenaire de livraison DHL. Nous mettons un point d&rsquo;honneur \u00e0 vous offrir le meilleur service possible. <\/p>\t\t\t\t\t\t\t\t<\/div>\n\t\t\t\t<\/div>\n\t\t\t\t<div class=\"elementor-element elementor-element-bd172c6 elementor-widget elementor-widget-text-editor\" data-id=\"bd172c6\" data-element_type=\"widget\" data-e-type=\"widget\" data-widget_type=\"text-editor.default\">\n\t\t\t\t<div class=\"elementor-widget-container\">\n\t\t\t\t\t\t\t\t\t<p><strong>Exp\u00e9dition en Suisse<\/strong><br>Sauf indication contraire, tous les articles sont pr\u00eats \u00e0 \u00eatre exp\u00e9di\u00e9s imm\u00e9diatement et quittent notre entrep\u00f4t dans un d\u00e9lai de 1 \u00e0 5 jours ouvrables. La livraison est g\u00e9n\u00e9ralement effectu\u00e9e dans les 2 \u00e0 10 jours ouvrables suivant l&rsquo;exp\u00e9dition.<br>Le d\u00e9lai de livraison commence \u00e0 courir le jour de la r\u00e9ception du paiement en cas de paiement anticip\u00e9. Les jours f\u00e9ri\u00e9s ainsi que les week-ends, le traitement peut \u00eatre l\u00e9g\u00e8rement retard\u00e9.  <br><br>Frais de port Suisse : <strong>CHF 4.95, gratuit \u00e0 partir de CHF 50<\/strong><br>D\u00e9lai de livraison : <strong>1-5 jours ouvrables<\/strong><\/p>\t\t\t\t\t\t\t\t<\/div>\n\t\t\t\t<\/div>\n\t\t\t\t<div class=\"elementor-element elementor-element-8195020 elementor-widget elementor-widget-text-editor\" data-id=\"8195020\" data-element_type=\"widget\" data-e-type=\"widget\" data-widget_type=\"text-editor.default\">\n\t\t\t\t<div class=\"elementor-widget-container\">\n\t\t\t\t\t\t\t\t\t<p><strong>Livraison dans le monde entier<\/strong><br>Nous proposons en outre une livraison dans le monde entier.<br><br>Frais de livraison dans le monde entier : <strong>CHF 9.95<\/strong><br>D\u00e9lai de livraison : <strong>3-15 jours ouvrables<\/strong><\/p>\t\t\t\t\t\t\t\t<\/div>\n\t\t\t\t<\/div>\n\t\t\t\t<div class=\"elementor-element elementor-element-5a8fcd4 elementor-widget elementor-widget-text-editor\" data-id=\"5a8fcd4\" data-element_type=\"widget\" data-e-type=\"widget\" data-widget_type=\"text-editor.default\">\n\t\t\t\t<div class=\"elementor-widget-container\">\n\t\t\t\t\t\t\t\t\t<p><strong>Retours<br><\/strong>Les frais de retour sont \u00e0 la charge du client. Pour un traitement rapide des retours, veuillez contacter notre service client via le <span style=\"text-decoration: underline;\"><a href=\"https:\/\/stemarly.com\/kontakt\/\">formulaire de contact<\/a><\/span>. <\/p>\t\t\t\t\t\t\t\t<\/div>\n\t\t\t\t<\/div>\n\t\t\t\t<div class=\"elementor-element elementor-element-dd07322 elementor-widget elementor-widget-text-editor\" data-id=\"dd07322\" data-element_type=\"widget\" data-e-type=\"widget\" data-widget_type=\"text-editor.default\">\n\t\t\t\t<div class=\"elementor-widget-container\">\n\t\t\t\t\t\t\t\t\t<p>Droits <strong>de douane et d&rsquo;importation<br><\/strong>Les livraisons en dehors de l&rsquo;UE peuvent \u00eatre soumises \u00e0 des droits de douane ou d&rsquo;importation. Ces frais sont \u00e0 la charge du destinataire. Veuillez vous renseigner sur les \u00e9ventuels frais suppl\u00e9mentaires avant de passer commande.  <\/p>\t\t\t\t\t\t\t\t<\/div>\n\t\t\t\t<\/div>\n\t\t\t\t<div class=\"elementor-element elementor-element-caff20a elementor-widget elementor-widget-text-editor\" data-id=\"caff20a\" data-element_type=\"widget\" data-e-type=\"widget\" data-widget_type=\"text-editor.default\">\n\t\t\t\t<div class=\"elementor-widget-container\">\n\t\t\t\t\t\t\t\t\t<p><strong>Modes de paiement possibles pour les consommateurs finaux<br><br><\/strong><strong>PayPal :<\/strong> Exp\u00e9dition imm\u00e9diate apr\u00e8s r\u00e9ception du paiement.<br><strong>Klarna (virement imm\u00e9diat, facture) :<\/strong> Exp\u00e9dition d\u00e8s confirmation du paiement.<br><strong>Virement bancaire :<\/strong> Exp\u00e9dition d\u00e8s r\u00e9ception du paiement.<br><strong>Shopify Payments :<\/strong> Klarna Virement imm\u00e9diat, Carte de cr\u00e9dit (Visa\/Mastercard\/Maestro), Shop Pay.<br><strong>Google Pay &amp; Apple Pay :<\/strong> Exp\u00e9dition d\u00e8s r\u00e9ception du paiement.<\/p>\t\t\t\t\t\t\t\t<\/div>\n\t\t\t\t<\/div>\n\t\t\t\t<div class=\"elementor-element elementor-element-41cfb92 elementor-hidden-tablet elementor-hidden-mobile elementor-widget elementor-widget-spacer\" data-id=\"41cfb92\" data-element_type=\"widget\" data-e-type=\"widget\" data-widget_type=\"spacer.default\">\n\t\t\t\t<div class=\"elementor-widget-container\">\n\t\t\t\t\t\t\t<div class=\"elementor-spacer\">\n\t\t\t<div class=\"elementor-spacer-inner\"><\/div>\n\t\t<\/div>\n\t\t\t\t\t\t<\/div>\n\t\t\t\t<\/div>\n\t\t\t\t\t<\/div>\n\t\t\t\t<\/div>\n\t\t<div class=\"elementor-element elementor-element-bf2599f e-flex e-con-boxed e-con e-parent\" data-id=\"bf2599f\" data-element_type=\"container\" data-e-type=\"container\">\n\t\t\t\t\t<div class=\"e-con-inner\">\n\t\t\t\t<div class=\"elementor-element elementor-element-1771 elementor-widget elementor-widget-global elementor-global-5230 elementor-global-1771 elementor-widget-html\" data-id=\"1771\" data-element_type=\"widget\" data-e-type=\"widget\" data-widget_type=\"html.default\">\n\t\t\t\t<div class=\"elementor-widget-container\">\n\t\t\t\t\t<script src=\"https:\/\/code.jquery.com\/jquery-3.6.0.min.js\"><\/script><script>\/\/You can replace offset value from here\r\nvar offset = 300\r\n$(window).on('load scroll', function(){\r\n\t\r\n\tif( $(window).scrollTop() > offset ){\r\n        $('body').addClass('show')\r\n\t}else{\r\n        $('body').removeClass('show')\r\n\t}\r\n})\r\n<\/script>\t\t\t\t<\/div>\n\t\t\t\t<\/div>\n\t\t\t\t<div class=\"elementor-element elementor-element-931ce66 elementor-fixed elementor-view-default elementor-widget elementor-widget-global elementor-global-5210 elementor-global-1774 elementor-widget-icon\" data-id=\"931ce66\" data-element_type=\"widget\" data-e-type=\"widget\" data-settings=\"{&quot;_position&quot;:&quot;fixed&quot;}\" data-widget_type=\"icon.default\">\n\t\t\t\t<div class=\"elementor-widget-container\">\n\t\t\t\t\t\t\t<div class=\"elementor-icon-wrapper\">\n\t\t\t<a class=\"elementor-icon\" href=\"#header\">\n\t\t\t<i aria-hidden=\"true\" class=\"fas fa-angle-up\"><\/i>\t\t\t<\/a>\n\t\t<\/div>\n\t\t\t\t\t\t<\/div>\n\t\t\t\t<\/div>\n\t\t\t\t<div class=\"elementor-element elementor-element-1774 elementor-fixed elementor-view-default elementor-widget elementor-widget-global elementor-global-5210 elementor-global-1774 elementor-widget-icon\" data-id=\"1774\" data-element_type=\"widget\" data-e-type=\"widget\" data-settings=\"{&quot;_position&quot;:&quot;fixed&quot;}\" data-widget_type=\"icon.default\">\n\t\t\t\t<div class=\"elementor-widget-container\">\n\t\t\t\t\t\t\t<div class=\"elementor-icon-wrapper\">\n\t\t\t<a class=\"elementor-icon\" href=\"#header\">\n\t\t\t<i aria-hidden=\"true\" class=\"fas fa-angle-up\"><\/i>\t\t\t<\/a>\n\t\t<\/div>\n\t\t\t\t\t\t<\/div>\n\t\t\t\t<\/div>\n\t\t\t\t\t<\/div>\n\t\t\t\t<\/div>\n\t\t\t\t<\/div>\n\t\t","protected":false},"excerpt":{"rendered":"<p>EXP\u00c9DITION Votre commandeVotre commande sur Stemarly sera trait\u00e9e imm\u00e9diatement et exp\u00e9di\u00e9e dans les plus brefs d\u00e9lais par notre partenaire de livraison DHL. Nous mettons un point d&rsquo;honneur \u00e0 vous offrir le meilleur service possible. Exp\u00e9dition en SuisseSauf indication contraire, tous les articles sont pr\u00eats \u00e0 \u00eatre exp\u00e9di\u00e9s imm\u00e9diatement et quittent notre entrep\u00f4t dans un d\u00e9lai [&hellip;]<\/p>\n","protected":false},"author":1,"featured_media":0,"parent":0,"menu_order":0,"comment_status":"closed","ping_status":"closed","template":"","meta":{"footnotes":""},"class_list":["post-4977","page","type-page","status-publish","hentry"],"yoast_head":"<!-- This site is optimized with the Yoast SEO plugin v27.4 - https:\/\/yoast.com\/product\/yoast-seo-wordpress\/ -->\n<title>Exp\u00e9dition - Stemarly<\/title>\n<meta name=\"description\" content=\"Stemarly propose une exp\u00e9dition rapide et une livraison gratuite \u00e0 partir de 50 CHF en Suisse. Vous trouverez toutes les informations sur le processus d&#039;exp\u00e9dition ici.\" \/>\n<meta name=\"robots\" content=\"index, follow, max-snippet:-1, max-image-preview:large, max-video-preview:-1\" \/>\n<link rel=\"canonical\" href=\"https:\/\/stemarly.com\/fr\/expedition\/\" \/>\n<meta property=\"og:locale\" content=\"fr_FR\" \/>\n<meta property=\"og:type\" content=\"article\" \/>\n<meta property=\"og:title\" content=\"Exp\u00e9dition - Stemarly\" \/>\n<meta property=\"og:description\" content=\"Stemarly propose une exp\u00e9dition rapide et une livraison gratuite \u00e0 partir de 50 CHF en Suisse. Vous trouverez toutes les informations sur le processus d&#039;exp\u00e9dition ici.\" \/>\n<meta property=\"og:url\" content=\"https:\/\/stemarly.com\/fr\/expedition\/\" \/>\n<meta property=\"og:site_name\" content=\"Stemarly\" \/>\n<meta property=\"article:modified_time\" content=\"2025-04-04T19:58:03+00:00\" \/>\n<meta name=\"twitter:card\" content=\"summary_large_image\" \/>\n<meta name=\"twitter:label1\" content=\"Dur\u00e9e de lecture estim\u00e9e\" \/>\n\t<meta name=\"twitter:data1\" content=\"1 minute\" \/>\n<script type=\"application\/ld+json\" class=\"yoast-schema-graph\">{\"@context\":\"https:\\\/\\\/schema.org\",\"@graph\":[{\"@type\":\"WebPage\",\"@id\":\"https:\\\/\\\/stemarly.com\\\/fr\\\/expedition\\\/\",\"url\":\"https:\\\/\\\/stemarly.com\\\/fr\\\/expedition\\\/\",\"name\":\"Exp\u00e9dition - Stemarly\",\"isPartOf\":{\"@id\":\"https:\\\/\\\/stemarly.com\\\/fr\\\/#website\"},\"datePublished\":\"2024-11-08T19:26:12+00:00\",\"dateModified\":\"2025-04-04T19:58:03+00:00\",\"description\":\"Stemarly propose une exp\u00e9dition rapide et une livraison gratuite \u00e0 partir de 50 CHF en Suisse. Vous trouverez toutes les informations sur le processus d'exp\u00e9dition ici.\",\"breadcrumb\":{\"@id\":\"https:\\\/\\\/stemarly.com\\\/fr\\\/expedition\\\/#breadcrumb\"},\"inLanguage\":\"fr-FR\",\"potentialAction\":[{\"@type\":\"ReadAction\",\"target\":[\"https:\\\/\\\/stemarly.com\\\/fr\\\/expedition\\\/\"]}]},{\"@type\":\"BreadcrumbList\",\"@id\":\"https:\\\/\\\/stemarly.com\\\/fr\\\/expedition\\\/#breadcrumb\",\"itemListElement\":[{\"@type\":\"ListItem\",\"position\":1,\"name\":\"Startseite\",\"item\":\"https:\\\/\\\/stemarly.com\\\/fr\\\/\"},{\"@type\":\"ListItem\",\"position\":2,\"name\":\"Exp\u00e9dition\"}]},{\"@type\":\"WebSite\",\"@id\":\"https:\\\/\\\/stemarly.com\\\/fr\\\/#website\",\"url\":\"https:\\\/\\\/stemarly.com\\\/fr\\\/\",\"name\":\"Stemarly\",\"description\":\"elegance to the very essence\",\"publisher\":{\"@id\":\"https:\\\/\\\/stemarly.com\\\/fr\\\/#organization\"},\"potentialAction\":[{\"@type\":\"SearchAction\",\"target\":{\"@type\":\"EntryPoint\",\"urlTemplate\":\"https:\\\/\\\/stemarly.com\\\/fr\\\/?s={search_term_string}\"},\"query-input\":{\"@type\":\"PropertyValueSpecification\",\"valueRequired\":true,\"valueName\":\"search_term_string\"}}],\"inLanguage\":\"fr-FR\"},{\"@type\":\"Organization\",\"@id\":\"https:\\\/\\\/stemarly.com\\\/fr\\\/#organization\",\"name\":\"Stemarly - Tammer Business\",\"url\":\"https:\\\/\\\/stemarly.com\\\/fr\\\/\",\"logo\":{\"@type\":\"ImageObject\",\"inLanguage\":\"fr-FR\",\"@id\":\"https:\\\/\\\/stemarly.com\\\/fr\\\/#\\\/schema\\\/logo\\\/image\\\/\",\"url\":\"https:\\\/\\\/i0.wp.com\\\/stemarly.com\\\/wp-content\\\/uploads\\\/2024\\\/01\\\/Logotype-schwarz-e1726514755119.png?fit=1750%2C300&ssl=1\",\"contentUrl\":\"https:\\\/\\\/i0.wp.com\\\/stemarly.com\\\/wp-content\\\/uploads\\\/2024\\\/01\\\/Logotype-schwarz-e1726514755119.png?fit=1750%2C300&ssl=1\",\"width\":1750,\"height\":300,\"caption\":\"Stemarly - Tammer Business\"},\"image\":{\"@id\":\"https:\\\/\\\/stemarly.com\\\/fr\\\/#\\\/schema\\\/logo\\\/image\\\/\"},\"sameAs\":[\"https:\\\/\\\/www.instagram.com\\\/stemarly.official\\\/\"]}]}<\/script>\n<!-- \/ Yoast SEO plugin. -->","yoast_head_json":{"title":"Exp\u00e9dition - Stemarly","description":"Stemarly propose une exp\u00e9dition rapide et une livraison gratuite \u00e0 partir de 50 CHF en Suisse. Vous trouverez toutes les informations sur le processus d'exp\u00e9dition ici.","robots":{"index":"index","follow":"follow","max-snippet":"max-snippet:-1","max-image-preview":"max-image-preview:large","max-video-preview":"max-video-preview:-1"},"canonical":"https:\/\/stemarly.com\/fr\/expedition\/","og_locale":"fr_FR","og_type":"article","og_title":"Exp\u00e9dition - Stemarly","og_description":"Stemarly propose une exp\u00e9dition rapide et une livraison gratuite \u00e0 partir de 50 CHF en Suisse. Vous trouverez toutes les informations sur le processus d'exp\u00e9dition ici.","og_url":"https:\/\/stemarly.com\/fr\/expedition\/","og_site_name":"Stemarly","article_modified_time":"2025-04-04T19:58:03+00:00","twitter_card":"summary_large_image","twitter_misc":{"Dur\u00e9e de lecture estim\u00e9e":"1 minute"},"schema":{"@context":"https:\/\/schema.org","@graph":[{"@type":"WebPage","@id":"https:\/\/stemarly.com\/fr\/expedition\/","url":"https:\/\/stemarly.com\/fr\/expedition\/","name":"Exp\u00e9dition - Stemarly","isPartOf":{"@id":"https:\/\/stemarly.com\/fr\/#website"},"datePublished":"2024-11-08T19:26:12+00:00","dateModified":"2025-04-04T19:58:03+00:00","description":"Stemarly propose une exp\u00e9dition rapide et une livraison gratuite \u00e0 partir de 50 CHF en Suisse. Vous trouverez toutes les informations sur le processus d'exp\u00e9dition ici.","breadcrumb":{"@id":"https:\/\/stemarly.com\/fr\/expedition\/#breadcrumb"},"inLanguage":"fr-FR","potentialAction":[{"@type":"ReadAction","target":["https:\/\/stemarly.com\/fr\/expedition\/"]}]},{"@type":"BreadcrumbList","@id":"https:\/\/stemarly.com\/fr\/expedition\/#breadcrumb","itemListElement":[{"@type":"ListItem","position":1,"name":"Startseite","item":"https:\/\/stemarly.com\/fr\/"},{"@type":"ListItem","position":2,"name":"Exp\u00e9dition"}]},{"@type":"WebSite","@id":"https:\/\/stemarly.com\/fr\/#website","url":"https:\/\/stemarly.com\/fr\/","name":"Stemarly","description":"elegance to the very essence","publisher":{"@id":"https:\/\/stemarly.com\/fr\/#organization"},"potentialAction":[{"@type":"SearchAction","target":{"@type":"EntryPoint","urlTemplate":"https:\/\/stemarly.com\/fr\/?s={search_term_string}"},"query-input":{"@type":"PropertyValueSpecification","valueRequired":true,"valueName":"search_term_string"}}],"inLanguage":"fr-FR"},{"@type":"Organization","@id":"https:\/\/stemarly.com\/fr\/#organization","name":"Stemarly - Tammer Business","url":"https:\/\/stemarly.com\/fr\/","logo":{"@type":"ImageObject","inLanguage":"fr-FR","@id":"https:\/\/stemarly.com\/fr\/#\/schema\/logo\/image\/","url":"https:\/\/i0.wp.com\/stemarly.com\/wp-content\/uploads\/2024\/01\/Logotype-schwarz-e1726514755119.png?fit=1750%2C300&ssl=1","contentUrl":"https:\/\/i0.wp.com\/stemarly.com\/wp-content\/uploads\/2024\/01\/Logotype-schwarz-e1726514755119.png?fit=1750%2C300&ssl=1","width":1750,"height":300,"caption":"Stemarly - Tammer Business"},"image":{"@id":"https:\/\/stemarly.com\/fr\/#\/schema\/logo\/image\/"},"sameAs":["https:\/\/www.instagram.com\/stemarly.official\/"]}]}},"jetpack_sharing_enabled":true,"_links":{"self":[{"href":"https:\/\/stemarly.com\/fr\/wp-json\/wp\/v2\/pages\/4977","targetHints":{"allow":["GET"]}}],"collection":[{"href":"https:\/\/stemarly.com\/fr\/wp-json\/wp\/v2\/pages"}],"about":[{"href":"https:\/\/stemarly.com\/fr\/wp-json\/wp\/v2\/types\/page"}],"author":[{"embeddable":true,"href":"https:\/\/stemarly.com\/fr\/wp-json\/wp\/v2\/users\/1"}],"replies":[{"embeddable":true,"href":"https:\/\/stemarly.com\/fr\/wp-json\/wp\/v2\/comments?post=4977"}],"version-history":[{"count":1,"href":"https:\/\/stemarly.com\/fr\/wp-json\/wp\/v2\/pages\/4977\/revisions"}],"predecessor-version":[{"id":4978,"href":"https:\/\/stemarly.com\/fr\/wp-json\/wp\/v2\/pages\/4977\/revisions\/4978"}],"wp:attachment":[{"href":"https:\/\/stemarly.com\/fr\/wp-json\/wp\/v2\/media?parent=4977"}],"curies":[{"name":"wp","href":"https:\/\/api.w.org\/{rel}","templated":true}]}}