{"id":5035,"date":"2025-03-04T20:51:01","date_gmt":"2025-03-04T19:51:01","guid":{"rendered":"https:\/\/stemarly.com\/conditions-generales-de-vente\/"},"modified":"2025-04-04T22:08:28","modified_gmt":"2025-04-04T20:08:28","slug":"conditions-generales-de-vente","status":"publish","type":"page","link":"https:\/\/stemarly.com\/fr\/conditions-generales-de-vente\/","title":{"rendered":"CONDITIONS G\u00c9N\u00c9RALES DE VENTE"},"content":{"rendered":"\t\t<div data-elementor-type=\"wp-page\" data-elementor-id=\"5035\" class=\"elementor elementor-5035 elementor-4099\" data-elementor-post-type=\"page\">\n\t\t\t\t<div class=\"elementor-element elementor-element-9f55fdb e-flex e-con-boxed e-con e-parent\" data-id=\"9f55fdb\" data-element_type=\"container\" data-e-type=\"container\" id=\"header\">\n\t\t\t\t\t<div class=\"e-con-inner\">\n\t\t\t\t<div class=\"elementor-element elementor-element-222242e elementor-widget elementor-widget-heading\" data-id=\"222242e\" data-element_type=\"widget\" data-e-type=\"widget\" data-widget_type=\"heading.default\">\n\t\t\t\t<div class=\"elementor-widget-container\">\n\t\t\t\t\t<h1 class=\"elementor-heading-title elementor-size-default\">CONDITIONS G\u00c9N\u00c9RALES DE VENTE (CGV)<\/h1>\t\t\t\t<\/div>\n\t\t\t\t<\/div>\n\t\t\t\t<div class=\"elementor-element elementor-element-187a3f6 elementor-widget elementor-widget-text-editor\" data-id=\"187a3f6\" data-element_type=\"widget\" data-e-type=\"widget\" data-widget_type=\"text-editor.default\">\n\t\t\t\t<div class=\"elementor-widget-container\">\n\t\t\t\t\t\t\t\t\t<p><strong>1. informations sur le fournisseur<\/strong><br>Stemarly &#8211; Tammer Business<br>Schmiedgasse 6<br>9100 Herisau, Suisse<br>T\u00e9l\u00e9phone : +41 77 261 49 92<br>E-mail : <a href=\"mailto:info@stemarly.com\">info@stemarly.com<\/a><br>Num\u00e9ro de registre du commerce : CHE-262.902.591 TVA<\/p>\t\t\t\t\t\t\t\t<\/div>\n\t\t\t\t<\/div>\n\t\t\t\t<div class=\"elementor-element elementor-element-7046aab elementor-widget elementor-widget-text-editor\" data-id=\"7046aab\" data-element_type=\"widget\" data-e-type=\"widget\" data-widget_type=\"text-editor.default\">\n\t\t\t\t<div class=\"elementor-widget-container\">\n\t\t\t\t\t\t\t\t\t<p><strong>2. conclusion du contrat<\/strong><br>En pla\u00e7ant les produits dans la boutique en ligne, Stemarly fait une offre ferme de conclusion de contrat. Le contrat est conclu lorsque le client termine le processus de commande en cliquant sur le bouton de commande. Une fois la commande termin\u00e9e, le client re\u00e7oit une confirmation de commande par e-mail.  <\/p>\t\t\t\t\t\t\t\t<\/div>\n\t\t\t\t<\/div>\n\t\t\t\t<div class=\"elementor-element elementor-element-264dde7 elementor-widget elementor-widget-text-editor\" data-id=\"264dde7\" data-element_type=\"widget\" data-e-type=\"widget\" data-widget_type=\"text-editor.default\">\n\t\t\t\t<div class=\"elementor-widget-container\">\n\t\t\t\t\t\t\t\t\t<p><strong>3. prix et frais de livraison<\/strong><br>Tous les prix sont indiqu\u00e9s en francs suisses (CHF) et incluent la TVA. Les commandes d&rsquo;une valeur totale sup\u00e9rieure \u00e0 50 CHF sont livr\u00e9es en Suisse sans frais d&rsquo;exp\u00e9dition. Pour les commandes inf\u00e9rieures \u00e0 50 CHF, les frais de livraison sont indiqu\u00e9s \u00e0 la caisse. Vous trouverez plus d&rsquo;informations sur notre <a href=\"https:\/\/stemarly.com\/fr\/expedition\/\"><span style=\"text-decoration: underline;\">Page Exp\u00e9dition<\/span><\/a>.   <\/p>\t\t\t\t\t\t\t\t<\/div>\n\t\t\t\t<\/div>\n\t\t\t\t<div class=\"elementor-element elementor-element-4d29224 elementor-widget elementor-widget-text-editor\" data-id=\"4d29224\" data-element_type=\"widget\" data-e-type=\"widget\" data-widget_type=\"text-editor.default\">\n\t\t\t\t<div class=\"elementor-widget-container\">\n\t\t\t\t\t\t\t\t\t<p><strong>4. conditions de paiement<\/strong><br>Les m\u00e9thodes de paiement accept\u00e9es sont les cartes de cr\u00e9dit et les paiements en ligne tels que PayPal. Le d\u00e9lai de paiement est de 30 jours \u00e0 compter de la r\u00e9ception de la marchandise. <\/p>\t\t\t\t\t\t\t\t<\/div>\n\t\t\t\t<\/div>\n\t\t\t\t<div class=\"elementor-element elementor-element-88280c5 elementor-widget elementor-widget-text-editor\" data-id=\"88280c5\" data-element_type=\"widget\" data-e-type=\"widget\" data-widget_type=\"text-editor.default\">\n\t\t\t\t<div class=\"elementor-widget-container\">\n\t\t\t\t\t\t\t\t\t<p><strong>5. r\u00e9serve de propri\u00e9t\u00e9<\/strong><br>Le vendeur se r\u00e9serve la propri\u00e9t\u00e9 de la marchandise jusqu&rsquo;au paiement int\u00e9gral du prix d&rsquo;achat.<br>Pour les entrepreneurs, la r\u00e8gle compl\u00e9mentaire est la suivante : Stemarly se r\u00e9serve la propri\u00e9t\u00e9 de la marchandise jusqu&rsquo;au paiement int\u00e9gral de toutes les cr\u00e9ances r\u00e9sultant d&rsquo;une relation commerciale en cours. L&rsquo;acheteur peut revendre la marchandise sous r\u00e9serve de propri\u00e9t\u00e9 dans le cadre d&rsquo;une activit\u00e9 commerciale normale ; il c\u00e8de par avance \u00e0 Stemarly toutes les cr\u00e9ances r\u00e9sultant de cette revente \u00e0 hauteur du montant de la facture ; la cession est accept\u00e9e par la pr\u00e9sente. L&rsquo;acheteur reste autoris\u00e9 \u00e0 recouvrer les cr\u00e9ances, mais Stemarly peut \u00e9galement recouvrer lui-m\u00eame les cr\u00e9ances dans la mesure o\u00f9 l&rsquo;acheteur ne remplit pas ses obligations de paiement.  <\/p>\t\t\t\t\t\t\t\t<\/div>\n\t\t\t\t<\/div>\n\t\t\t\t<div class=\"elementor-element elementor-element-1ce1ecb elementor-widget elementor-widget-text-editor\" data-id=\"1ce1ecb\" data-element_type=\"widget\" data-e-type=\"widget\" data-widget_type=\"text-editor.default\">\n\t\t\t\t<div class=\"elementor-widget-container\">\n\t\t\t\t\t\t\t\t\t<p><strong>6. exp\u00e9dition et conditions de livraison<\/strong><br>Le d\u00e9lai de livraison est d&rsquo;environ 2 \u00e0 10 jours ouvrables en Suisse et de 3 \u00e0 15 jours ouvrables pour les pays de l&rsquo;UE. L&rsquo;exp\u00e9dition est assur\u00e9e par la Poste suisse. Stemarly n&rsquo;est pas responsable des retards caus\u00e9s par le service d&rsquo;exp\u00e9dition.  <\/p>\t\t\t\t\t\t\t\t<\/div>\n\t\t\t\t<\/div>\n\t\t\t\t<div class=\"elementor-element elementor-element-1775c87 elementor-widget elementor-widget-text-editor\" data-id=\"1775c87\" data-element_type=\"widget\" data-e-type=\"widget\" data-widget_type=\"text-editor.default\">\n\t\t\t\t<div class=\"elementor-widget-container\">\n\t\t\t\t\t\t\t\t\t<p><strong>7. droit de r\u00e9tractation et conditions de retour<\/strong><br>Les clients ont le droit de se r\u00e9tracter du contrat de vente dans un d\u00e9lai de 14 jours sans avoir \u00e0 justifier de motifs. Les frais de retour en Suisse sont pris en charge par Stemarly ; pour les retours depuis d&rsquo;autres pays, les frais sont \u00e0 la charge du client. <\/p>\t\t\t\t\t\t\t\t<\/div>\n\t\t\t\t<\/div>\n\t\t\t\t<div class=\"elementor-element elementor-element-8e7c822 elementor-widget elementor-widget-text-editor\" data-id=\"8e7c822\" data-element_type=\"widget\" data-e-type=\"widget\" data-widget_type=\"text-editor.default\">\n\t\t\t\t<div class=\"elementor-widget-container\">\n\t\t\t\t\t\t\t\t\t<p><strong>8. responsabilit\u00e9<\/strong><br>Stemarly n&rsquo;est responsable des dommages que dans le cadre des dispositions l\u00e9gales. Toute autre responsabilit\u00e9, notamment pour des dommages indirects ou cons\u00e9cutifs, est exclue dans la mesure o\u00f9 la loi le permet. <\/p>\t\t\t\t\t\t\t\t<\/div>\n\t\t\t\t<\/div>\n\t\t\t\t<div class=\"elementor-element elementor-element-86b93d5 elementor-widget elementor-widget-text-editor\" data-id=\"86b93d5\" data-element_type=\"widget\" data-e-type=\"widget\" data-widget_type=\"text-editor.default\">\n\t\t\t\t<div class=\"elementor-widget-container\">\n\t\t\t\t\t\t\t\t\t<p><strong>9. garantie<\/strong><br>Les droits de garantie l\u00e9gaux s&rsquo;appliquent. Stemarly garantit que les produits livr\u00e9s sont exempts de d\u00e9fauts et conformes aux caract\u00e9ristiques convenues. <\/p>\t\t\t\t\t\t\t\t<\/div>\n\t\t\t\t<\/div>\n\t\t\t\t<div class=\"elementor-element elementor-element-130e153 elementor-widget elementor-widget-text-editor\" data-id=\"130e153\" data-element_type=\"widget\" data-e-type=\"widget\" data-widget_type=\"text-editor.default\">\n\t\t\t\t<div class=\"elementor-widget-container\">\n\t\t\t\t\t\t\t\t\t<p><strong>10. protection des donn\u00e9es<\/strong><br>Dans le cadre du traitement des commandes, les donn\u00e9es personnelles du client sont enregistr\u00e9es et trait\u00e9es. Stemarly traite toutes les donn\u00e9es des clients de mani\u00e8re confidentielle et respecte les dispositions l\u00e9gales en mati\u00e8re de protection des donn\u00e9es. Pour plus d&rsquo;informations sur le traitement des donn\u00e9es, veuillez consulter notre d\u00e9claration de confidentialit\u00e9.  <\/p>\t\t\t\t\t\t\t\t<\/div>\n\t\t\t\t<\/div>\n\t\t\t\t<div class=\"elementor-element elementor-element-5b9d642 elementor-widget elementor-widget-text-editor\" data-id=\"5b9d642\" data-element_type=\"widget\" data-e-type=\"widget\" data-widget_type=\"text-editor.default\">\n\t\t\t\t<div class=\"elementor-widget-container\">\n\t\t\t\t\t\t\t\t\t<p><strong>11. droit applicable et juridiction comp\u00e9tente<\/strong><br>Le droit suisse s&rsquo;applique \u00e0 toutes les relations juridiques entre Stemarly et le client. Le tribunal comp\u00e9tent est Herisau, Suisse. <\/p>\t\t\t\t\t\t\t\t<\/div>\n\t\t\t\t<\/div>\n\t\t\t\t<div class=\"elementor-element elementor-element-ab72b7a elementor-hidden-tablet elementor-hidden-mobile elementor-widget elementor-widget-spacer\" data-id=\"ab72b7a\" data-element_type=\"widget\" data-e-type=\"widget\" data-widget_type=\"spacer.default\">\n\t\t\t\t<div class=\"elementor-widget-container\">\n\t\t\t\t\t\t\t<div class=\"elementor-spacer\">\n\t\t\t<div class=\"elementor-spacer-inner\"><\/div>\n\t\t<\/div>\n\t\t\t\t\t\t<\/div>\n\t\t\t\t<\/div>\n\t\t\t\t\t<\/div>\n\t\t\t\t<\/div>\n\t\t<div class=\"elementor-element elementor-element-b71f4bb e-flex e-con-boxed e-con e-parent\" data-id=\"b71f4bb\" data-element_type=\"container\" data-e-type=\"container\">\n\t\t\t\t\t<div class=\"e-con-inner\">\n\t\t\t\t<div class=\"elementor-element elementor-element-159010a elementor-fixed elementor-view-default elementor-widget elementor-widget-global elementor-global-5210 elementor-global-1774 elementor-widget-icon\" data-id=\"159010a\" data-element_type=\"widget\" data-e-type=\"widget\" data-settings=\"{&quot;_position&quot;:&quot;fixed&quot;}\" data-widget_type=\"icon.default\">\n\t\t\t\t<div class=\"elementor-widget-container\">\n\t\t\t\t\t\t\t<div class=\"elementor-icon-wrapper\">\n\t\t\t<a class=\"elementor-icon\" href=\"#header\">\n\t\t\t<i aria-hidden=\"true\" class=\"fas fa-angle-up\"><\/i>\t\t\t<\/a>\n\t\t<\/div>\n\t\t\t\t\t\t<\/div>\n\t\t\t\t<\/div>\n\t\t\t\t\t<\/div>\n\t\t\t\t<\/div>\n\t\t<div class=\"elementor-element elementor-element-7b4f3df e-flex e-con-boxed e-con e-parent\" data-id=\"7b4f3df\" data-element_type=\"container\" data-e-type=\"container\">\n\t\t\t\t\t<div class=\"e-con-inner\">\n\t\t\t\t<div class=\"elementor-element elementor-element-2959238 elementor-widget elementor-widget-global elementor-global-5230 elementor-global-1771 elementor-widget-html\" data-id=\"2959238\" data-element_type=\"widget\" data-e-type=\"widget\" data-widget_type=\"html.default\">\n\t\t\t\t<div class=\"elementor-widget-container\">\n\t\t\t\t\t<script src=\"https:\/\/code.jquery.com\/jquery-3.6.0.min.js\"><\/script><script>\/\/You can replace offset value from here\r\nvar offset = 300\r\n$(window).on('load scroll', function(){\r\n\t\r\n\tif( $(window).scrollTop() > offset ){\r\n        $('body').addClass('show')\r\n\t}else{\r\n        $('body').removeClass('show')\r\n\t}\r\n})\r\n<\/script>\t\t\t\t<\/div>\n\t\t\t\t<\/div>\n\t\t\t\t\t<\/div>\n\t\t\t\t<\/div>\n\t\t\t\t<\/div>\n\t\t","protected":false},"excerpt":{"rendered":"<p>CONDITIONS G\u00c9N\u00c9RALES DE VENTE (CGV) 1. informations sur le fournisseurStemarly &#8211; Tammer BusinessSchmiedgasse 69100 Herisau, SuisseT\u00e9l\u00e9phone : +41 77 261 49 92E-mail : info@stemarly.comNum\u00e9ro de registre du commerce : CHE-262.902.591 TVA 2. conclusion du contratEn pla\u00e7ant les produits dans la boutique en ligne, Stemarly fait une offre ferme de conclusion de contrat. Le contrat est [&hellip;]<\/p>\n","protected":false},"author":1,"featured_media":0,"parent":0,"menu_order":0,"comment_status":"closed","ping_status":"closed","template":"","meta":{"footnotes":""},"class_list":["post-5035","page","type-page","status-publish","hentry"],"yoast_head":"<!-- This site is optimized with the Yoast SEO plugin v27.4 - https:\/\/yoast.com\/product\/yoast-seo-wordpress\/ -->\n<title>CONDITIONS G\u00c9N\u00c9RALES DE VENTE - Stemarly<\/title>\n<meta name=\"description\" content=\"Lisez les conditions g\u00e9n\u00e9rales de Stemarly pour toutes les informations importantes concernant les commandes, les paiements et les transactions. Tout ce que vous devez savoir en un coup d&#039;\u0153il.\" \/>\n<meta name=\"robots\" content=\"index, follow, max-snippet:-1, max-image-preview:large, max-video-preview:-1\" \/>\n<link rel=\"canonical\" href=\"https:\/\/stemarly.com\/fr\/conditions-generales-de-vente\/\" \/>\n<meta property=\"og:locale\" content=\"fr_FR\" \/>\n<meta property=\"og:type\" content=\"article\" \/>\n<meta property=\"og:title\" content=\"CONDITIONS G\u00c9N\u00c9RALES DE VENTE - Stemarly\" \/>\n<meta property=\"og:description\" content=\"Lisez les conditions g\u00e9n\u00e9rales de Stemarly pour toutes les informations importantes concernant les commandes, les paiements et les transactions. Tout ce que vous devez savoir en un coup d&#039;\u0153il.\" \/>\n<meta property=\"og:url\" content=\"https:\/\/stemarly.com\/fr\/conditions-generales-de-vente\/\" \/>\n<meta property=\"og:site_name\" content=\"Stemarly\" \/>\n<meta property=\"article:modified_time\" content=\"2025-04-04T20:08:28+00:00\" \/>\n<meta name=\"twitter:card\" content=\"summary_large_image\" \/>\n<meta name=\"twitter:label1\" content=\"Dur\u00e9e de lecture estim\u00e9e\" \/>\n\t<meta name=\"twitter:data1\" content=\"3 minutes\" \/>\n<script type=\"application\/ld+json\" class=\"yoast-schema-graph\">{\"@context\":\"https:\\\/\\\/schema.org\",\"@graph\":[{\"@type\":\"WebPage\",\"@id\":\"https:\\\/\\\/stemarly.com\\\/fr\\\/conditions-generales-de-vente\\\/\",\"url\":\"https:\\\/\\\/stemarly.com\\\/fr\\\/conditions-generales-de-vente\\\/\",\"name\":\"CONDITIONS G\u00c9N\u00c9RALES DE VENTE - Stemarly\",\"isPartOf\":{\"@id\":\"https:\\\/\\\/stemarly.com\\\/fr\\\/#website\"},\"datePublished\":\"2025-03-04T19:51:01+00:00\",\"dateModified\":\"2025-04-04T20:08:28+00:00\",\"description\":\"Lisez les conditions g\u00e9n\u00e9rales de Stemarly pour toutes les informations importantes concernant les commandes, les paiements et les transactions. Tout ce que vous devez savoir en un coup d'\u0153il.\",\"breadcrumb\":{\"@id\":\"https:\\\/\\\/stemarly.com\\\/fr\\\/conditions-generales-de-vente\\\/#breadcrumb\"},\"inLanguage\":\"fr-FR\",\"potentialAction\":[{\"@type\":\"ReadAction\",\"target\":[\"https:\\\/\\\/stemarly.com\\\/fr\\\/conditions-generales-de-vente\\\/\"]}]},{\"@type\":\"BreadcrumbList\",\"@id\":\"https:\\\/\\\/stemarly.com\\\/fr\\\/conditions-generales-de-vente\\\/#breadcrumb\",\"itemListElement\":[{\"@type\":\"ListItem\",\"position\":1,\"name\":\"Startseite\",\"item\":\"https:\\\/\\\/stemarly.com\\\/fr\\\/\"},{\"@type\":\"ListItem\",\"position\":2,\"name\":\"CONDITIONS G\u00c9N\u00c9RALES DE VENTE\"}]},{\"@type\":\"WebSite\",\"@id\":\"https:\\\/\\\/stemarly.com\\\/fr\\\/#website\",\"url\":\"https:\\\/\\\/stemarly.com\\\/fr\\\/\",\"name\":\"Stemarly\",\"description\":\"elegance to the very essence\",\"publisher\":{\"@id\":\"https:\\\/\\\/stemarly.com\\\/fr\\\/#organization\"},\"potentialAction\":[{\"@type\":\"SearchAction\",\"target\":{\"@type\":\"EntryPoint\",\"urlTemplate\":\"https:\\\/\\\/stemarly.com\\\/fr\\\/?s={search_term_string}\"},\"query-input\":{\"@type\":\"PropertyValueSpecification\",\"valueRequired\":true,\"valueName\":\"search_term_string\"}}],\"inLanguage\":\"fr-FR\"},{\"@type\":\"Organization\",\"@id\":\"https:\\\/\\\/stemarly.com\\\/fr\\\/#organization\",\"name\":\"Stemarly - Tammer Business\",\"url\":\"https:\\\/\\\/stemarly.com\\\/fr\\\/\",\"logo\":{\"@type\":\"ImageObject\",\"inLanguage\":\"fr-FR\",\"@id\":\"https:\\\/\\\/stemarly.com\\\/fr\\\/#\\\/schema\\\/logo\\\/image\\\/\",\"url\":\"https:\\\/\\\/i0.wp.com\\\/stemarly.com\\\/wp-content\\\/uploads\\\/2024\\\/01\\\/Logotype-schwarz-e1726514755119.png?fit=1750%2C300&ssl=1\",\"contentUrl\":\"https:\\\/\\\/i0.wp.com\\\/stemarly.com\\\/wp-content\\\/uploads\\\/2024\\\/01\\\/Logotype-schwarz-e1726514755119.png?fit=1750%2C300&ssl=1\",\"width\":1750,\"height\":300,\"caption\":\"Stemarly - Tammer Business\"},\"image\":{\"@id\":\"https:\\\/\\\/stemarly.com\\\/fr\\\/#\\\/schema\\\/logo\\\/image\\\/\"},\"sameAs\":[\"https:\\\/\\\/www.instagram.com\\\/stemarly.official\\\/\"]}]}<\/script>\n<!-- \/ Yoast SEO plugin. -->","yoast_head_json":{"title":"CONDITIONS G\u00c9N\u00c9RALES DE VENTE - Stemarly","description":"Lisez les conditions g\u00e9n\u00e9rales de Stemarly pour toutes les informations importantes concernant les commandes, les paiements et les transactions. Tout ce que vous devez savoir en un coup d'\u0153il.","robots":{"index":"index","follow":"follow","max-snippet":"max-snippet:-1","max-image-preview":"max-image-preview:large","max-video-preview":"max-video-preview:-1"},"canonical":"https:\/\/stemarly.com\/fr\/conditions-generales-de-vente\/","og_locale":"fr_FR","og_type":"article","og_title":"CONDITIONS G\u00c9N\u00c9RALES DE VENTE - Stemarly","og_description":"Lisez les conditions g\u00e9n\u00e9rales de Stemarly pour toutes les informations importantes concernant les commandes, les paiements et les transactions. Tout ce que vous devez savoir en un coup d'\u0153il.","og_url":"https:\/\/stemarly.com\/fr\/conditions-generales-de-vente\/","og_site_name":"Stemarly","article_modified_time":"2025-04-04T20:08:28+00:00","twitter_card":"summary_large_image","twitter_misc":{"Dur\u00e9e de lecture estim\u00e9e":"3 minutes"},"schema":{"@context":"https:\/\/schema.org","@graph":[{"@type":"WebPage","@id":"https:\/\/stemarly.com\/fr\/conditions-generales-de-vente\/","url":"https:\/\/stemarly.com\/fr\/conditions-generales-de-vente\/","name":"CONDITIONS G\u00c9N\u00c9RALES DE VENTE - Stemarly","isPartOf":{"@id":"https:\/\/stemarly.com\/fr\/#website"},"datePublished":"2025-03-04T19:51:01+00:00","dateModified":"2025-04-04T20:08:28+00:00","description":"Lisez les conditions g\u00e9n\u00e9rales de Stemarly pour toutes les informations importantes concernant les commandes, les paiements et les transactions. Tout ce que vous devez savoir en un coup d'\u0153il.","breadcrumb":{"@id":"https:\/\/stemarly.com\/fr\/conditions-generales-de-vente\/#breadcrumb"},"inLanguage":"fr-FR","potentialAction":[{"@type":"ReadAction","target":["https:\/\/stemarly.com\/fr\/conditions-generales-de-vente\/"]}]},{"@type":"BreadcrumbList","@id":"https:\/\/stemarly.com\/fr\/conditions-generales-de-vente\/#breadcrumb","itemListElement":[{"@type":"ListItem","position":1,"name":"Startseite","item":"https:\/\/stemarly.com\/fr\/"},{"@type":"ListItem","position":2,"name":"CONDITIONS G\u00c9N\u00c9RALES DE VENTE"}]},{"@type":"WebSite","@id":"https:\/\/stemarly.com\/fr\/#website","url":"https:\/\/stemarly.com\/fr\/","name":"Stemarly","description":"elegance to the very essence","publisher":{"@id":"https:\/\/stemarly.com\/fr\/#organization"},"potentialAction":[{"@type":"SearchAction","target":{"@type":"EntryPoint","urlTemplate":"https:\/\/stemarly.com\/fr\/?s={search_term_string}"},"query-input":{"@type":"PropertyValueSpecification","valueRequired":true,"valueName":"search_term_string"}}],"inLanguage":"fr-FR"},{"@type":"Organization","@id":"https:\/\/stemarly.com\/fr\/#organization","name":"Stemarly - Tammer Business","url":"https:\/\/stemarly.com\/fr\/","logo":{"@type":"ImageObject","inLanguage":"fr-FR","@id":"https:\/\/stemarly.com\/fr\/#\/schema\/logo\/image\/","url":"https:\/\/i0.wp.com\/stemarly.com\/wp-content\/uploads\/2024\/01\/Logotype-schwarz-e1726514755119.png?fit=1750%2C300&ssl=1","contentUrl":"https:\/\/i0.wp.com\/stemarly.com\/wp-content\/uploads\/2024\/01\/Logotype-schwarz-e1726514755119.png?fit=1750%2C300&ssl=1","width":1750,"height":300,"caption":"Stemarly - Tammer Business"},"image":{"@id":"https:\/\/stemarly.com\/fr\/#\/schema\/logo\/image\/"},"sameAs":["https:\/\/www.instagram.com\/stemarly.official\/"]}]}},"jetpack_sharing_enabled":true,"_links":{"self":[{"href":"https:\/\/stemarly.com\/fr\/wp-json\/wp\/v2\/pages\/5035","targetHints":{"allow":["GET"]}}],"collection":[{"href":"https:\/\/stemarly.com\/fr\/wp-json\/wp\/v2\/pages"}],"about":[{"href":"https:\/\/stemarly.com\/fr\/wp-json\/wp\/v2\/types\/page"}],"author":[{"embeddable":true,"href":"https:\/\/stemarly.com\/fr\/wp-json\/wp\/v2\/users\/1"}],"replies":[{"embeddable":true,"href":"https:\/\/stemarly.com\/fr\/wp-json\/wp\/v2\/comments?post=5035"}],"version-history":[{"count":1,"href":"https:\/\/stemarly.com\/fr\/wp-json\/wp\/v2\/pages\/5035\/revisions"}],"predecessor-version":[{"id":5037,"href":"https:\/\/stemarly.com\/fr\/wp-json\/wp\/v2\/pages\/5035\/revisions\/5037"}],"wp:attachment":[{"href":"https:\/\/stemarly.com\/fr\/wp-json\/wp\/v2\/media?parent=5035"}],"curies":[{"name":"wp","href":"https:\/\/api.w.org\/{rel}","templated":true}]}}