{"id":5089,"date":"2024-11-11T20:24:42","date_gmt":"2024-11-11T19:24:42","guid":{"rendered":"https:\/\/stemarly.com\/cookies\/"},"modified":"2025-04-04T22:08:58","modified_gmt":"2025-04-04T20:08:58","slug":"cookies","status":"publish","type":"page","link":"https:\/\/stemarly.com\/fr\/cookies\/","title":{"rendered":"Cookies"},"content":{"rendered":"\t\t<div data-elementor-type=\"wp-page\" data-elementor-id=\"5089\" class=\"elementor elementor-5089 elementor-1280\" data-elementor-post-type=\"page\">\n\t\t\t\t<div class=\"elementor-element elementor-element-898b34b e-flex e-con-boxed e-con e-parent\" data-id=\"898b34b\" data-element_type=\"container\" data-e-type=\"container\">\n\t\t\t\t\t<div class=\"e-con-inner\">\n\t\t\t\t<div class=\"elementor-element elementor-element-eb3f5ba elementor-widget elementor-widget-heading\" data-id=\"eb3f5ba\" data-element_type=\"widget\" data-e-type=\"widget\" data-widget_type=\"heading.default\">\n\t\t\t\t<div class=\"elementor-widget-container\">\n\t\t\t\t\t<h1 class=\"elementor-heading-title elementor-size-default\">COOKIES<\/h1>\t\t\t\t<\/div>\n\t\t\t\t<\/div>\n\t\t\t\t<div class=\"elementor-element elementor-element-5b6cff1 elementor-widget elementor-widget-text-editor\" data-id=\"5b6cff1\" data-element_type=\"widget\" data-e-type=\"widget\" data-widget_type=\"text-editor.default\">\n\t\t\t\t<div class=\"elementor-widget-container\">\n\t\t\t\t\t\t\t\t\t<p><strong>1. que sont les cookies ?<br><\/strong>Les cookies sont de petits fichiers texte qui sont stock\u00e9s sur votre appareil (ordinateur, smartphone ou tablette) lorsque vous visitez un site web. Ils contiennent des informations qui permettent au site de vous reconna\u00eetre lors de visites ult\u00e9rieures et contribuent \u00e0 am\u00e9liorer l&rsquo;exp\u00e9rience utilisateur. <\/p>\t\t\t\t\t\t\t\t<\/div>\n\t\t\t\t<\/div>\n\t\t\t\t<div class=\"elementor-element elementor-element-3a55380 elementor-widget elementor-widget-text-editor\" data-id=\"3a55380\" data-element_type=\"widget\" data-e-type=\"widget\" data-widget_type=\"text-editor.default\">\n\t\t\t\t<div class=\"elementor-widget-container\">\n\t\t\t\t\t\t\t\t\t<p><strong>2. quels cookies utilisons-nous ?<br><\/strong>Nous utilisons diff\u00e9rents types de cookies sur notre site web :<\/p>\t\t\t\t\t\t\t\t<\/div>\n\t\t\t\t<\/div>\n\t\t\t\t<div class=\"elementor-element elementor-element-80fe464 elementor-widget elementor-widget-text-editor\" data-id=\"80fe464\" data-element_type=\"widget\" data-e-type=\"widget\" data-widget_type=\"text-editor.default\">\n\t\t\t\t<div class=\"elementor-widget-container\">\n\t\t\t\t\t\t\t\t\t<ul><li><strong>Cookies n\u00e9cessaires :<\/strong> ces cookies sont essentiels pour les fonctions de base du site, telles que le stockage du contenu du panier d&rsquo;achat ou le remplissage de formulaires.<\/li><li><strong>Cookies d&rsquo;analyse :<\/strong> ils nous aident \u00e0 analyser l&rsquo;utilisation de notre site et \u00e0 comprendre comment les visiteurs interagissent avec le site afin d&rsquo;en am\u00e9liorer les performances.<\/li><li><strong>Cookies fonctionnels :<\/strong> ils enregistrent vos param\u00e8tres et pr\u00e9f\u00e9rences (par exemple, langue, r\u00e9gion) afin de vous offrir une exp\u00e9rience personnalis\u00e9e.<\/li><li><strong>Cookies de marketing :<\/strong> ils sont utilis\u00e9s pour la publicit\u00e9 cibl\u00e9e et nous aident \u00e0 mesurer l&rsquo;efficacit\u00e9 des mesures publicitaires.<\/li><\/ul>\t\t\t\t\t\t\t\t<\/div>\n\t\t\t\t<\/div>\n\t\t\t\t<div class=\"elementor-element elementor-element-02dbfe9 elementor-widget elementor-widget-text-editor\" data-id=\"02dbfe9\" data-element_type=\"widget\" data-e-type=\"widget\" data-widget_type=\"text-editor.default\">\n\t\t\t\t<div class=\"elementor-widget-container\">\n\t\t\t\t\t\t\t\t\t<p><strong>3. transmission et protection des donn\u00e9es<br><\/strong>Pour le traitement de votre commande et l&rsquo;optimisation de notre offre, nous travaillons avec des fournisseurs tiers (p. ex. prestataires de services de paiement, entreprises d&rsquo;exp\u00e9dition). Vous trouverez des informations sur le traitement des donn\u00e9es \u00e0 caract\u00e8re personnel, y compris leur transmission \u00e0 des prestataires tiers, dans notre <span style=\"text-decoration: underline;\"><a href=\"https:\/\/stemarly.com\/datenschutzerklaerung\/\" rel=\"noopener\">d\u00e9claration de confidentialit\u00e9<\/a><\/span>Vous pouvez \u00e9galement la consulter sur notre site web. <\/p>\t\t\t\t\t\t\t\t<\/div>\n\t\t\t\t<\/div>\n\t\t\t\t<div class=\"elementor-element elementor-element-177da8d elementor-widget elementor-widget-text-editor\" data-id=\"177da8d\" data-element_type=\"widget\" data-e-type=\"widget\" data-widget_type=\"text-editor.default\">\n\t\t\t\t<div class=\"elementor-widget-container\">\n\t\t\t\t\t\t\t\t\t<strong>4. comment g\u00e9rer les cookies ?\n<\/strong>Si vous ne souhaitez pas que des cookies soient enregistr\u00e9s, vous pouvez le faire en modifiant les param\u00e8tres de votre navigateur ou en cliquant sur la banni\u00e8re des cookies sur notre site. Notez que cela peut limiter les fonctionnalit\u00e9s du site. \t\t\t\t\t\t\t\t<\/div>\n\t\t\t\t<\/div>\n\t\t\t\t<div class=\"elementor-element elementor-element-0ed5bf3 elementor-widget elementor-widget-text-editor\" data-id=\"0ed5bf3\" data-element_type=\"widget\" data-e-type=\"widget\" data-widget_type=\"text-editor.default\">\n\t\t\t\t<div class=\"elementor-widget-container\">\n\t\t\t\t\t\t\t\t\t<p><strong>5. consentement \u00e0 l&rsquo;utilisation de cookies<br><\/strong>En utilisant notre site Web et en confirmant les param\u00e8tres des cookies, vous acceptez l&rsquo;utilisation de cookies conform\u00e9ment \u00e0 la pr\u00e9sente politique. Ce consentement peut \u00eatre retir\u00e9 \u00e0 tout moment en ajustant vos pr\u00e9f\u00e9rences en mati\u00e8re de cookies. <\/p>\t\t\t\t\t\t\t\t<\/div>\n\t\t\t\t<\/div>\n\t\t\t\t<div class=\"elementor-element elementor-element-11059bb elementor-widget elementor-widget-text-editor\" data-id=\"11059bb\" data-element_type=\"widget\" data-e-type=\"widget\" data-widget_type=\"text-editor.default\">\n\t\t\t\t<div class=\"elementor-widget-container\">\n\t\t\t\t\t\t\t\t\t<p><strong>6. contact<br><\/strong>Si vous avez des questions sur nos cookies ou sur le traitement des donn\u00e9es, vous pouvez nous contacter \u00e0 l&rsquo;adresse suivante :<br>Stemarly &#8211; Tammer Business<br>Schmiedgasse 6,<br>9100 Herisau, Suisse<br>E-mail : <span style=\"text-decoration: underline;\"><a href=\"mailto:info@stemarly.com\" rel=\"noopener\">info@stemarly.com<\/a><\/span><\/p>\t\t\t\t\t\t\t\t<\/div>\n\t\t\t\t<\/div>\n\t\t\t\t<div class=\"elementor-element elementor-element-2002669 elementor-hidden-tablet elementor-hidden-mobile elementor-widget elementor-widget-spacer\" data-id=\"2002669\" data-element_type=\"widget\" data-e-type=\"widget\" data-widget_type=\"spacer.default\">\n\t\t\t\t<div class=\"elementor-widget-container\">\n\t\t\t\t\t\t\t<div class=\"elementor-spacer\">\n\t\t\t<div class=\"elementor-spacer-inner\"><\/div>\n\t\t<\/div>\n\t\t\t\t\t\t<\/div>\n\t\t\t\t<\/div>\n\t\t\t\t\t<\/div>\n\t\t\t\t<\/div>\n\t\t<div class=\"elementor-element elementor-element-0114908 e-flex e-con-boxed e-con e-parent\" data-id=\"0114908\" data-element_type=\"container\" data-e-type=\"container\">\n\t\t\t\t\t<div class=\"e-con-inner\">\n\t\t\t\t<div class=\"elementor-element elementor-element-1771 elementor-widget elementor-widget-global elementor-global-5230 elementor-global-1771 elementor-widget-html\" data-id=\"1771\" data-element_type=\"widget\" data-e-type=\"widget\" data-widget_type=\"html.default\">\n\t\t\t\t<div class=\"elementor-widget-container\">\n\t\t\t\t\t<script src=\"https:\/\/code.jquery.com\/jquery-3.6.0.min.js\"><\/script><script>\/\/You can replace offset value from here\r\nvar offset = 300\r\n$(window).on('load scroll', function(){\r\n\t\r\n\tif( $(window).scrollTop() > offset ){\r\n        $('body').addClass('show')\r\n\t}else{\r\n        $('body').removeClass('show')\r\n\t}\r\n})\r\n<\/script>\t\t\t\t<\/div>\n\t\t\t\t<\/div>\n\t\t\t\t<div class=\"elementor-element elementor-element-df30a48 elementor-fixed elementor-view-default elementor-widget elementor-widget-global elementor-global-5210 elementor-global-1774 elementor-widget-icon\" data-id=\"df30a48\" data-element_type=\"widget\" data-e-type=\"widget\" data-settings=\"{&quot;_position&quot;:&quot;fixed&quot;}\" data-widget_type=\"icon.default\">\n\t\t\t\t<div class=\"elementor-widget-container\">\n\t\t\t\t\t\t\t<div class=\"elementor-icon-wrapper\">\n\t\t\t<a class=\"elementor-icon\" href=\"#header\">\n\t\t\t<i aria-hidden=\"true\" class=\"fas fa-angle-up\"><\/i>\t\t\t<\/a>\n\t\t<\/div>\n\t\t\t\t\t\t<\/div>\n\t\t\t\t<\/div>\n\t\t\t\t\t<\/div>\n\t\t\t\t<\/div>\n\t\t\t\t<\/div>\n\t\t","protected":false},"excerpt":{"rendered":"<p>COOKIES 1. que sont les cookies ?Les cookies sont de petits fichiers texte qui sont stock\u00e9s sur votre appareil (ordinateur, smartphone ou tablette) lorsque vous visitez un site web. Ils contiennent des informations qui permettent au site de vous reconna\u00eetre lors de visites ult\u00e9rieures et contribuent \u00e0 am\u00e9liorer l&rsquo;exp\u00e9rience utilisateur. 2. quels cookies utilisons-nous ?Nous [&hellip;]<\/p>\n","protected":false},"author":1,"featured_media":0,"parent":0,"menu_order":0,"comment_status":"closed","ping_status":"closed","template":"","meta":{"footnotes":""},"class_list":["post-5089","page","type-page","status-publish","hentry"],"yoast_head":"<!-- This site is optimized with the Yoast SEO plugin v27.4 - https:\/\/yoast.com\/product\/yoast-seo-wordpress\/ -->\n<title>Cookies - Stemarly<\/title>\n<meta name=\"description\" content=\"D\u00e9couvrez comment nous utilisons les cookies chez Stemarly pour am\u00e9liorer votre exp\u00e9rience utilisateur et adapter le site \u00e0 vos besoins.\" \/>\n<meta name=\"robots\" content=\"index, follow, max-snippet:-1, max-image-preview:large, max-video-preview:-1\" \/>\n<link rel=\"canonical\" href=\"https:\/\/stemarly.com\/fr\/cookies\/\" \/>\n<meta property=\"og:locale\" content=\"fr_FR\" \/>\n<meta property=\"og:type\" content=\"article\" \/>\n<meta property=\"og:title\" content=\"Cookies - Stemarly\" \/>\n<meta property=\"og:description\" content=\"D\u00e9couvrez comment nous utilisons les cookies chez Stemarly pour am\u00e9liorer votre exp\u00e9rience utilisateur et adapter le site \u00e0 vos besoins.\" \/>\n<meta property=\"og:url\" content=\"https:\/\/stemarly.com\/fr\/cookies\/\" \/>\n<meta property=\"og:site_name\" content=\"Stemarly\" \/>\n<meta property=\"article:modified_time\" content=\"2025-04-04T20:08:58+00:00\" \/>\n<meta name=\"twitter:card\" content=\"summary_large_image\" \/>\n<meta name=\"twitter:label1\" content=\"Dur\u00e9e de lecture estim\u00e9e\" \/>\n\t<meta name=\"twitter:data1\" content=\"2 minutes\" \/>\n<script type=\"application\/ld+json\" class=\"yoast-schema-graph\">{\"@context\":\"https:\\\/\\\/schema.org\",\"@graph\":[{\"@type\":\"WebPage\",\"@id\":\"https:\\\/\\\/stemarly.com\\\/fr\\\/cookies\\\/\",\"url\":\"https:\\\/\\\/stemarly.com\\\/fr\\\/cookies\\\/\",\"name\":\"Cookies - Stemarly\",\"isPartOf\":{\"@id\":\"https:\\\/\\\/stemarly.com\\\/fr\\\/#website\"},\"datePublished\":\"2024-11-11T19:24:42+00:00\",\"dateModified\":\"2025-04-04T20:08:58+00:00\",\"description\":\"D\u00e9couvrez comment nous utilisons les cookies chez Stemarly pour am\u00e9liorer votre exp\u00e9rience utilisateur et adapter le site \u00e0 vos besoins.\",\"breadcrumb\":{\"@id\":\"https:\\\/\\\/stemarly.com\\\/fr\\\/cookies\\\/#breadcrumb\"},\"inLanguage\":\"fr-FR\",\"potentialAction\":[{\"@type\":\"ReadAction\",\"target\":[\"https:\\\/\\\/stemarly.com\\\/fr\\\/cookies\\\/\"]}]},{\"@type\":\"BreadcrumbList\",\"@id\":\"https:\\\/\\\/stemarly.com\\\/fr\\\/cookies\\\/#breadcrumb\",\"itemListElement\":[{\"@type\":\"ListItem\",\"position\":1,\"name\":\"Startseite\",\"item\":\"https:\\\/\\\/stemarly.com\\\/fr\\\/\"},{\"@type\":\"ListItem\",\"position\":2,\"name\":\"Cookies\"}]},{\"@type\":\"WebSite\",\"@id\":\"https:\\\/\\\/stemarly.com\\\/fr\\\/#website\",\"url\":\"https:\\\/\\\/stemarly.com\\\/fr\\\/\",\"name\":\"Stemarly\",\"description\":\"elegance to the very essence\",\"publisher\":{\"@id\":\"https:\\\/\\\/stemarly.com\\\/fr\\\/#organization\"},\"potentialAction\":[{\"@type\":\"SearchAction\",\"target\":{\"@type\":\"EntryPoint\",\"urlTemplate\":\"https:\\\/\\\/stemarly.com\\\/fr\\\/?s={search_term_string}\"},\"query-input\":{\"@type\":\"PropertyValueSpecification\",\"valueRequired\":true,\"valueName\":\"search_term_string\"}}],\"inLanguage\":\"fr-FR\"},{\"@type\":\"Organization\",\"@id\":\"https:\\\/\\\/stemarly.com\\\/fr\\\/#organization\",\"name\":\"Stemarly - Tammer Business\",\"url\":\"https:\\\/\\\/stemarly.com\\\/fr\\\/\",\"logo\":{\"@type\":\"ImageObject\",\"inLanguage\":\"fr-FR\",\"@id\":\"https:\\\/\\\/stemarly.com\\\/fr\\\/#\\\/schema\\\/logo\\\/image\\\/\",\"url\":\"https:\\\/\\\/i0.wp.com\\\/stemarly.com\\\/wp-content\\\/uploads\\\/2024\\\/01\\\/Logotype-schwarz-e1726514755119.png?fit=1750%2C300&ssl=1\",\"contentUrl\":\"https:\\\/\\\/i0.wp.com\\\/stemarly.com\\\/wp-content\\\/uploads\\\/2024\\\/01\\\/Logotype-schwarz-e1726514755119.png?fit=1750%2C300&ssl=1\",\"width\":1750,\"height\":300,\"caption\":\"Stemarly - Tammer Business\"},\"image\":{\"@id\":\"https:\\\/\\\/stemarly.com\\\/fr\\\/#\\\/schema\\\/logo\\\/image\\\/\"},\"sameAs\":[\"https:\\\/\\\/www.instagram.com\\\/stemarly.official\\\/\"]}]}<\/script>\n<!-- \/ Yoast SEO plugin. -->","yoast_head_json":{"title":"Cookies - Stemarly","description":"D\u00e9couvrez comment nous utilisons les cookies chez Stemarly pour am\u00e9liorer votre exp\u00e9rience utilisateur et adapter le site \u00e0 vos besoins.","robots":{"index":"index","follow":"follow","max-snippet":"max-snippet:-1","max-image-preview":"max-image-preview:large","max-video-preview":"max-video-preview:-1"},"canonical":"https:\/\/stemarly.com\/fr\/cookies\/","og_locale":"fr_FR","og_type":"article","og_title":"Cookies - Stemarly","og_description":"D\u00e9couvrez comment nous utilisons les cookies chez Stemarly pour am\u00e9liorer votre exp\u00e9rience utilisateur et adapter le site \u00e0 vos besoins.","og_url":"https:\/\/stemarly.com\/fr\/cookies\/","og_site_name":"Stemarly","article_modified_time":"2025-04-04T20:08:58+00:00","twitter_card":"summary_large_image","twitter_misc":{"Dur\u00e9e de lecture estim\u00e9e":"2 minutes"},"schema":{"@context":"https:\/\/schema.org","@graph":[{"@type":"WebPage","@id":"https:\/\/stemarly.com\/fr\/cookies\/","url":"https:\/\/stemarly.com\/fr\/cookies\/","name":"Cookies - Stemarly","isPartOf":{"@id":"https:\/\/stemarly.com\/fr\/#website"},"datePublished":"2024-11-11T19:24:42+00:00","dateModified":"2025-04-04T20:08:58+00:00","description":"D\u00e9couvrez comment nous utilisons les cookies chez Stemarly pour am\u00e9liorer votre exp\u00e9rience utilisateur et adapter le site \u00e0 vos besoins.","breadcrumb":{"@id":"https:\/\/stemarly.com\/fr\/cookies\/#breadcrumb"},"inLanguage":"fr-FR","potentialAction":[{"@type":"ReadAction","target":["https:\/\/stemarly.com\/fr\/cookies\/"]}]},{"@type":"BreadcrumbList","@id":"https:\/\/stemarly.com\/fr\/cookies\/#breadcrumb","itemListElement":[{"@type":"ListItem","position":1,"name":"Startseite","item":"https:\/\/stemarly.com\/fr\/"},{"@type":"ListItem","position":2,"name":"Cookies"}]},{"@type":"WebSite","@id":"https:\/\/stemarly.com\/fr\/#website","url":"https:\/\/stemarly.com\/fr\/","name":"Stemarly","description":"elegance to the very essence","publisher":{"@id":"https:\/\/stemarly.com\/fr\/#organization"},"potentialAction":[{"@type":"SearchAction","target":{"@type":"EntryPoint","urlTemplate":"https:\/\/stemarly.com\/fr\/?s={search_term_string}"},"query-input":{"@type":"PropertyValueSpecification","valueRequired":true,"valueName":"search_term_string"}}],"inLanguage":"fr-FR"},{"@type":"Organization","@id":"https:\/\/stemarly.com\/fr\/#organization","name":"Stemarly - Tammer Business","url":"https:\/\/stemarly.com\/fr\/","logo":{"@type":"ImageObject","inLanguage":"fr-FR","@id":"https:\/\/stemarly.com\/fr\/#\/schema\/logo\/image\/","url":"https:\/\/i0.wp.com\/stemarly.com\/wp-content\/uploads\/2024\/01\/Logotype-schwarz-e1726514755119.png?fit=1750%2C300&ssl=1","contentUrl":"https:\/\/i0.wp.com\/stemarly.com\/wp-content\/uploads\/2024\/01\/Logotype-schwarz-e1726514755119.png?fit=1750%2C300&ssl=1","width":1750,"height":300,"caption":"Stemarly - Tammer Business"},"image":{"@id":"https:\/\/stemarly.com\/fr\/#\/schema\/logo\/image\/"},"sameAs":["https:\/\/www.instagram.com\/stemarly.official\/"]}]}},"jetpack_sharing_enabled":true,"_links":{"self":[{"href":"https:\/\/stemarly.com\/fr\/wp-json\/wp\/v2\/pages\/5089","targetHints":{"allow":["GET"]}}],"collection":[{"href":"https:\/\/stemarly.com\/fr\/wp-json\/wp\/v2\/pages"}],"about":[{"href":"https:\/\/stemarly.com\/fr\/wp-json\/wp\/v2\/types\/page"}],"author":[{"embeddable":true,"href":"https:\/\/stemarly.com\/fr\/wp-json\/wp\/v2\/users\/1"}],"replies":[{"embeddable":true,"href":"https:\/\/stemarly.com\/fr\/wp-json\/wp\/v2\/comments?post=5089"}],"version-history":[{"count":1,"href":"https:\/\/stemarly.com\/fr\/wp-json\/wp\/v2\/pages\/5089\/revisions"}],"predecessor-version":[{"id":5091,"href":"https:\/\/stemarly.com\/fr\/wp-json\/wp\/v2\/pages\/5089\/revisions\/5091"}],"wp:attachment":[{"href":"https:\/\/stemarly.com\/fr\/wp-json\/wp\/v2\/media?parent=5089"}],"curies":[{"name":"wp","href":"https:\/\/api.w.org\/{rel}","templated":true}]}}