{"id":5107,"date":"2024-11-10T20:48:05","date_gmt":"2024-11-10T19:48:05","guid":{"rendered":"https:\/\/stemarly.com\/declaration-de-confidentialite\/"},"modified":"2025-04-04T22:09:10","modified_gmt":"2025-04-04T20:09:10","slug":"declaration-de-confidentialite","status":"publish","type":"page","link":"https:\/\/stemarly.com\/fr\/declaration-de-confidentialite\/","title":{"rendered":"D\u00e9claration de confidentialit\u00e9"},"content":{"rendered":"\t\t<div data-elementor-type=\"wp-page\" data-elementor-id=\"5107\" class=\"elementor elementor-5107 elementor-1245\" data-elementor-post-type=\"page\">\n\t\t\t\t<div class=\"elementor-element elementor-element-0ad161b e-flex e-con-boxed e-con e-parent\" data-id=\"0ad161b\" data-element_type=\"container\" data-e-type=\"container\">\n\t\t\t\t\t<div class=\"e-con-inner\">\n\t\t\t\t<div class=\"elementor-element elementor-element-1cbe309 elementor-widget elementor-widget-heading\" data-id=\"1cbe309\" data-element_type=\"widget\" data-e-type=\"widget\" data-widget_type=\"heading.default\">\n\t\t\t\t<div class=\"elementor-widget-container\">\n\t\t\t\t\t<h1 class=\"elementor-heading-title elementor-size-default\">D\u00c9CLARATION DE CONFIDENTIALIT\u00c9<\/h1>\t\t\t\t<\/div>\n\t\t\t\t<\/div>\n\t\t\t\t<div class=\"elementor-element elementor-element-d87c7f5 elementor-widget elementor-widget-text-editor\" data-id=\"d87c7f5\" data-element_type=\"widget\" data-e-type=\"widget\" data-widget_type=\"text-editor.default\">\n\t\t\t\t<div class=\"elementor-widget-container\">\n\t\t\t\t\t\t\t\t\t<p><strong>Votre vie priv\u00e9e est importante pour nous<\/strong><br>La protection de vos donn\u00e9es personnelles est tr\u00e8s importante pour nous. Lorsque vous visitez notre site Web, certaines informations sont automatiquement collect\u00e9es par nos serveurs Web, telles que l&rsquo;adresse IP de votre fournisseur d&rsquo;acc\u00e8s Internet, le site Web \u00e0 partir duquel vous avez acc\u00e9d\u00e9 \u00e0 notre site, les pages que vous avez consult\u00e9es sur notre site, ainsi que la date et la dur\u00e9e de votre visite. Ces donn\u00e9es sont n\u00e9cessaires au fonctionnement technique du site et \u00e0 la garantie d&rsquo;une connexion s\u00e9curis\u00e9e. Ces informations ne font pas l&rsquo;objet d&rsquo;une analyse personnalis\u00e9e.   <br><br>Nous mettons tout en \u0153uvre pour prot\u00e9ger votre vie priv\u00e9e et vous informer de mani\u00e8re transparente sur la mani\u00e8re dont vos donn\u00e9es sont trait\u00e9es.<br><br>Stemarly s&rsquo;engage \u00e0 prot\u00e9ger vos donn\u00e9es personnelles et \u00e0 respecter votre vie priv\u00e9e. Cette d\u00e9claration de confidentialit\u00e9 explique quelles donn\u00e9es personnelles nous collectons, comment nous les utilisons et quels sont vos droits en tant que personne concern\u00e9e. <\/p>\t\t\t\t\t\t\t\t<\/div>\n\t\t\t\t<\/div>\n\t\t\t\t<div class=\"elementor-element elementor-element-f3e1c10 elementor-widget elementor-widget-text-editor\" data-id=\"f3e1c10\" data-element_type=\"widget\" data-e-type=\"widget\" data-widget_type=\"text-editor.default\">\n\t\t\t\t<div class=\"elementor-widget-container\">\n\t\t\t\t\t\t\t\t\t<p><strong>1. collecte et utilisation des donn\u00e9es personnelles<\/strong><br>Nous collectons les donn\u00e9es personnelles suivantes lorsque vous visitez notre site web ou effectuez des achats chez nous :<\/p>\t\t\t\t\t\t\t\t<\/div>\n\t\t\t\t<\/div>\n\t\t\t\t<div class=\"elementor-element elementor-element-d99454f elementor-widget elementor-widget-text-editor\" data-id=\"d99454f\" data-element_type=\"widget\" data-e-type=\"widget\" data-widget_type=\"text-editor.default\">\n\t\t\t\t<div class=\"elementor-widget-container\">\n\t\t\t\t\t\t\t\t\t<ul><li>Nom<\/li><li>Adresse<\/li><li>Adresse \u00e9lectronique<\/li><li>Informations sur le paiement<\/li><li>Cookies (par exemple, pour am\u00e9liorer l&rsquo;exp\u00e9rience de l&rsquo;utilisateur et analyser le trafic du site)<\/li><\/ul>\t\t\t\t\t\t\t\t<\/div>\n\t\t\t\t<\/div>\n\t\t\t\t<div class=\"elementor-element elementor-element-615b656 elementor-widget elementor-widget-text-editor\" data-id=\"615b656\" data-element_type=\"widget\" data-e-type=\"widget\" data-widget_type=\"text-editor.default\">\n\t\t\t\t<div class=\"elementor-widget-container\">\n\t\t\t\t\t\t\t\t\t<p>Les donn\u00e9es collect\u00e9es sont utilis\u00e9es par nous aux fins suivantes :<\/p>\t\t\t\t\t\t\t\t<\/div>\n\t\t\t\t<\/div>\n\t\t\t\t<div class=\"elementor-element elementor-element-85a3f9b elementor-widget elementor-widget-text-editor\" data-id=\"85a3f9b\" data-element_type=\"widget\" data-e-type=\"widget\" data-widget_type=\"text-editor.default\">\n\t\t\t\t<div class=\"elementor-widget-container\">\n\t\t\t\t\t\t\t\t\t<ul><li>Traitement des commandes<\/li><li>Service client et communication<\/li><li>Am\u00e9liorer nos services et notre site web<\/li><\/ul>\t\t\t\t\t\t\t\t<\/div>\n\t\t\t\t<\/div>\n\t\t\t\t<div class=\"elementor-element elementor-element-c4efe2d elementor-widget elementor-widget-text-editor\" data-id=\"c4efe2d\" data-element_type=\"widget\" data-e-type=\"widget\" data-widget_type=\"text-editor.default\">\n\t\t\t\t<div class=\"elementor-widget-container\">\n\t\t\t\t\t\t\t\t\t<p><strong>2. transmission des donn\u00e9es<\/strong><br>Nous ne transmettons vos donn\u00e9es personnelles \u00e0 des tiers que si cela est n\u00e9cessaire pour le traitement de votre commande. Cela concerne notamment <\/p>\t\t\t\t\t\t\t\t<\/div>\n\t\t\t\t<\/div>\n\t\t\t\t<div class=\"elementor-element elementor-element-deb4962 elementor-widget elementor-widget-text-editor\" data-id=\"deb4962\" data-element_type=\"widget\" data-e-type=\"widget\" data-widget_type=\"text-editor.default\">\n\t\t\t\t<div class=\"elementor-widget-container\">\n\t\t\t\t\t\t\t\t\t<ul><li>Prestataires de services de paiement (par ex. PayPal et soci\u00e9t\u00e9s de cartes de cr\u00e9dit)<\/li><li>Entreprises d&rsquo;exp\u00e9dition (par ex. La Poste Suisse)<br>La transmission n&rsquo;a lieu que dans la mesure o\u00f9 elle est n\u00e9cessaire \u00e0 la r\u00e9alisation de l&rsquo;objectif respectif.<\/li><\/ul>\t\t\t\t\t\t\t\t<\/div>\n\t\t\t\t<\/div>\n\t\t\t\t<div class=\"elementor-element elementor-element-fd68ae1 elementor-widget elementor-widget-text-editor\" data-id=\"fd68ae1\" data-element_type=\"widget\" data-e-type=\"widget\" data-widget_type=\"text-editor.default\">\n\t\t\t\t<div class=\"elementor-widget-container\">\n\t\t\t\t\t\t\t\t\t<p><strong>3. p\u00e9riodes de stockage<\/strong><br>Nous ne conservons les donn\u00e9es \u00e0 caract\u00e8re personnel qu&rsquo;aussi longtemps qu&rsquo;elles sont n\u00e9cessaires \u00e0 la r\u00e9alisation des objectifs susmentionn\u00e9s ou qu&rsquo;elles sont prescrites par la loi. Une fois les d\u00e9lais de conservation expir\u00e9s, les donn\u00e9es sont supprim\u00e9es ou rendues anonymes. <\/p>\t\t\t\t\t\t\t\t<\/div>\n\t\t\t\t<\/div>\n\t\t\t\t<div class=\"elementor-element elementor-element-0a81d1a elementor-widget elementor-widget-text-editor\" data-id=\"0a81d1a\" data-element_type=\"widget\" data-e-type=\"widget\" data-widget_type=\"text-editor.default\">\n\t\t\t\t<div class=\"elementor-widget-container\">\n\t\t\t\t\t\t\t\t\t<p><strong>4. droits des personnes concern\u00e9es<\/strong><br>Vous avez le droit d&rsquo;obtenir des informations sur les donn\u00e9es \u00e0 caract\u00e8re personnel que nous d\u00e9tenons et vous pouvez demander la rectification, l&rsquo;effacement ou la limitation du traitement. De m\u00eame, vous avez le droit de vous opposer au traitement de vos donn\u00e9es.<br>Pour ce faire, veuillez nous contacter en utilisant les coordonn\u00e9es indiqu\u00e9es ci-dessous. <\/p>\t\t\t\t\t\t\t\t<\/div>\n\t\t\t\t<\/div>\n\t\t\t\t<div class=\"elementor-element elementor-element-05b9222 elementor-widget elementor-widget-text-editor\" data-id=\"05b9222\" data-element_type=\"widget\" data-e-type=\"widget\" data-widget_type=\"text-editor.default\">\n\t\t\t\t<div class=\"elementor-widget-container\">\n\t\t\t\t\t\t\t\t\t<p><strong>5. cookies<\/strong><br>Sur notre site web, nous utilisons des cookies pour am\u00e9liorer l&rsquo;exp\u00e9rience de l&rsquo;utilisateur et analyser l&rsquo;utilisation de notre site web. De plus amples informations sur le type de cookies utilis\u00e9s et vos options de gestion sont expliqu\u00e9es dans une politique de cookies distincte. <\/p>\t\t\t\t\t\t\t\t<\/div>\n\t\t\t\t<\/div>\n\t\t\t\t<div class=\"elementor-element elementor-element-9087e49 elementor-widget elementor-widget-text-editor\" data-id=\"9087e49\" data-element_type=\"widget\" data-e-type=\"widget\" data-widget_type=\"text-editor.default\">\n\t\t\t\t<div class=\"elementor-widget-container\">\n\t\t\t\t\t\t\t\t\t<p><strong>6. transfert et s\u00e9curit\u00e9 des donn\u00e9es<\/strong><br>Nous prenons toutes les mesures techniques et organisationnelles n\u00e9cessaires pour prot\u00e9ger vos donn\u00e9es personnelles contre tout acc\u00e8s non autoris\u00e9, toute utilisation abusive et toute perte.<br>Nous pouvons \u00eatre amen\u00e9s \u00e0 transf\u00e9rer des donn\u00e9es personnelles vers des serveurs situ\u00e9s en dehors de la Suisse, notamment lorsque nous utilisons des services de cloud computing.<\/p>\t\t\t\t\t\t\t\t<\/div>\n\t\t\t\t<\/div>\n\t\t\t\t<div class=\"elementor-element elementor-element-68969eb elementor-widget elementor-widget-text-editor\" data-id=\"68969eb\" data-element_type=\"widget\" data-e-type=\"widget\" data-widget_type=\"text-editor.default\">\n\t\t\t\t<div class=\"elementor-widget-container\">\n\t\t\t\t\t\t\t\t\t<p><strong>7. abonnement \u00e0 la newsletter<br><\/strong>Lorsque vous vous inscrivez \u00e0 notre newsletter, nous collectons les donn\u00e9es personnelles que vous nous fournissez, comme votre adresse e-mail, afin de vous envoyer r\u00e9guli\u00e8rement des informations sur nos produits, nos offres et nos nouveaut\u00e9s.<br>Le traitement de votre adresse e-mail est bas\u00e9 sur votre consentement volontaire. Vous pouvez vous d\u00e9sinscrire de la newsletter \u00e0 tout moment en utilisant le lien de d\u00e9sinscription situ\u00e9 au bas de chaque newsletter ou en nous contactant directement.<br>Vos donn\u00e9es seront utilis\u00e9es exclusivement pour l&rsquo;envoi de la newsletter et ne seront pas transmises \u00e0 des tiers. Nous ne conservons vos donn\u00e9es qu&rsquo;aussi longtemps que vous \u00eates abonn\u00e9 \u00e0 la newsletter.  <\/p>\t\t\t\t\t\t\t\t<\/div>\n\t\t\t\t<\/div>\n\t\t\t\t<div class=\"elementor-element elementor-element-e5e556e elementor-widget elementor-widget-text-editor\" data-id=\"e5e556e\" data-element_type=\"widget\" data-e-type=\"widget\" data-widget_type=\"text-editor.default\">\n\t\t\t\t<div class=\"elementor-widget-container\">\n\t\t\t\t\t\t\t\t\t<p><strong>8. responsable<\/strong><br>Le responsable de la collecte, du traitement et de l&rsquo;utilisation de vos donn\u00e9es personnelles est :<br>Stemarly &#8211; Tammer Business<br>Schmiedgasse 6<br>9100 Herisau, Suisse<br>E-mail : <span style=\"text-decoration: underline;\"><a href=\"mailto:info@stemarly.com\" rel=\"noopener\">info@stemarly.com<\/a><\/span><\/p>\t\t\t\t\t\t\t\t<\/div>\n\t\t\t\t<\/div>\n\t\t\t\t<div class=\"elementor-element elementor-element-05b3b71 elementor-widget elementor-widget-text-editor\" data-id=\"05b3b71\" data-element_type=\"widget\" data-e-type=\"widget\" data-widget_type=\"text-editor.default\">\n\t\t\t\t<div class=\"elementor-widget-container\">\n\t\t\t\t\t\t\t\t\t<p><strong>9. modifications de la d\u00e9claration de confidentialit\u00e9<\/strong><br>Nous nous r\u00e9servons le droit de modifier la pr\u00e9sente d\u00e9claration de confidentialit\u00e9 \u00e0 tout moment. Les modifications seront publi\u00e9es sur cette page. Veuillez consulter r\u00e9guli\u00e8rement cette d\u00e9claration afin de vous assurer que vous \u00eates d&rsquo;accord avec la version actuelle.  <\/p>\t\t\t\t\t\t\t\t<\/div>\n\t\t\t\t<\/div>\n\t\t\t\t<div class=\"elementor-element elementor-element-6df5a3f elementor-hidden-tablet elementor-hidden-mobile elementor-widget elementor-widget-spacer\" data-id=\"6df5a3f\" data-element_type=\"widget\" data-e-type=\"widget\" data-widget_type=\"spacer.default\">\n\t\t\t\t<div class=\"elementor-widget-container\">\n\t\t\t\t\t\t\t<div class=\"elementor-spacer\">\n\t\t\t<div class=\"elementor-spacer-inner\"><\/div>\n\t\t<\/div>\n\t\t\t\t\t\t<\/div>\n\t\t\t\t<\/div>\n\t\t\t\t\t<\/div>\n\t\t\t\t<\/div>\n\t\t<div class=\"elementor-element elementor-element-9fa7522 e-flex e-con-boxed e-con e-parent\" data-id=\"9fa7522\" data-element_type=\"container\" data-e-type=\"container\">\n\t\t\t\t\t<div class=\"e-con-inner\">\n\t\t\t\t<div class=\"elementor-element elementor-element-51585d1 elementor-fixed elementor-view-default elementor-widget elementor-widget-global elementor-global-5210 elementor-global-1774 elementor-widget-icon\" data-id=\"51585d1\" data-element_type=\"widget\" data-e-type=\"widget\" data-settings=\"{&quot;_position&quot;:&quot;fixed&quot;}\" data-widget_type=\"icon.default\">\n\t\t\t\t<div class=\"elementor-widget-container\">\n\t\t\t\t\t\t\t<div class=\"elementor-icon-wrapper\">\n\t\t\t<a class=\"elementor-icon\" href=\"#header\">\n\t\t\t<i aria-hidden=\"true\" class=\"fas fa-angle-up\"><\/i>\t\t\t<\/a>\n\t\t<\/div>\n\t\t\t\t\t\t<\/div>\n\t\t\t\t<\/div>\n\t\t\t\t\t<\/div>\n\t\t\t\t<\/div>\n\t\t<div class=\"elementor-element elementor-element-888ae6a e-flex e-con-boxed e-con e-parent\" data-id=\"888ae6a\" data-element_type=\"container\" data-e-type=\"container\">\n\t\t\t\t\t<div class=\"e-con-inner\">\n\t\t\t\t<div class=\"elementor-element elementor-element-42a983d elementor-widget elementor-widget-global elementor-global-5230 elementor-global-1771 elementor-widget-html\" data-id=\"42a983d\" data-element_type=\"widget\" data-e-type=\"widget\" data-widget_type=\"html.default\">\n\t\t\t\t<div class=\"elementor-widget-container\">\n\t\t\t\t\t<script src=\"https:\/\/code.jquery.com\/jquery-3.6.0.min.js\"><\/script><script>\/\/You can replace offset value from here\r\nvar offset = 300\r\n$(window).on('load scroll', function(){\r\n\t\r\n\tif( $(window).scrollTop() > offset ){\r\n        $('body').addClass('show')\r\n\t}else{\r\n        $('body').removeClass('show')\r\n\t}\r\n})\r\n<\/script>\t\t\t\t<\/div>\n\t\t\t\t<\/div>\n\t\t\t\t\t<\/div>\n\t\t\t\t<\/div>\n\t\t\t\t<\/div>\n\t\t","protected":false},"excerpt":{"rendered":"<p>D\u00c9CLARATION DE CONFIDENTIALIT\u00c9 Votre vie priv\u00e9e est importante pour nousLa protection de vos donn\u00e9es personnelles est tr\u00e8s importante pour nous. Lorsque vous visitez notre site Web, certaines informations sont automatiquement collect\u00e9es par nos serveurs Web, telles que l&rsquo;adresse IP de votre fournisseur d&rsquo;acc\u00e8s Internet, le site Web \u00e0 partir duquel vous avez acc\u00e9d\u00e9 \u00e0 notre [&hellip;]<\/p>\n","protected":false},"author":1,"featured_media":0,"parent":0,"menu_order":0,"comment_status":"closed","ping_status":"closed","template":"","meta":{"footnotes":""},"class_list":["post-5107","page","type-page","status-publish","hentry"],"yoast_head":"<!-- This site is optimized with the Yoast SEO plugin v27.4 - https:\/\/yoast.com\/product\/yoast-seo-wordpress\/ -->\n<title>D\u00e9claration de confidentialit\u00e9 - Stemarly<\/title>\n<meta name=\"description\" content=\"Lisez la politique de confidentialit\u00e9 de Stemarly pour savoir comment nous collectons, stockons et prot\u00e9geons vos donn\u00e9es personnelles. Votre vie priv\u00e9e est importante pour nous.\" \/>\n<meta name=\"robots\" content=\"index, follow, max-snippet:-1, max-image-preview:large, max-video-preview:-1\" \/>\n<link rel=\"canonical\" href=\"https:\/\/stemarly.com\/fr\/declaration-de-confidentialite\/\" \/>\n<meta property=\"og:locale\" content=\"fr_FR\" \/>\n<meta property=\"og:type\" content=\"article\" \/>\n<meta property=\"og:title\" content=\"D\u00e9claration de confidentialit\u00e9 - Stemarly\" \/>\n<meta property=\"og:description\" content=\"Lisez la politique de confidentialit\u00e9 de Stemarly pour savoir comment nous collectons, stockons et prot\u00e9geons vos donn\u00e9es personnelles. Votre vie priv\u00e9e est importante pour nous.\" \/>\n<meta property=\"og:url\" content=\"https:\/\/stemarly.com\/fr\/declaration-de-confidentialite\/\" \/>\n<meta property=\"og:site_name\" content=\"Stemarly\" \/>\n<meta property=\"article:modified_time\" content=\"2025-04-04T20:09:10+00:00\" \/>\n<meta name=\"twitter:card\" content=\"summary_large_image\" \/>\n<meta name=\"twitter:label1\" content=\"Dur\u00e9e de lecture estim\u00e9e\" \/>\n\t<meta name=\"twitter:data1\" content=\"4 minutes\" \/>\n<script type=\"application\/ld+json\" class=\"yoast-schema-graph\">{\"@context\":\"https:\\\/\\\/schema.org\",\"@graph\":[{\"@type\":\"WebPage\",\"@id\":\"https:\\\/\\\/stemarly.com\\\/fr\\\/declaration-de-confidentialite\\\/\",\"url\":\"https:\\\/\\\/stemarly.com\\\/fr\\\/declaration-de-confidentialite\\\/\",\"name\":\"D\u00e9claration de confidentialit\u00e9 - Stemarly\",\"isPartOf\":{\"@id\":\"https:\\\/\\\/stemarly.com\\\/fr\\\/#website\"},\"datePublished\":\"2024-11-10T19:48:05+00:00\",\"dateModified\":\"2025-04-04T20:09:10+00:00\",\"description\":\"Lisez la politique de confidentialit\u00e9 de Stemarly pour savoir comment nous collectons, stockons et prot\u00e9geons vos donn\u00e9es personnelles. Votre vie priv\u00e9e est importante pour nous.\",\"breadcrumb\":{\"@id\":\"https:\\\/\\\/stemarly.com\\\/fr\\\/declaration-de-confidentialite\\\/#breadcrumb\"},\"inLanguage\":\"fr-FR\",\"potentialAction\":[{\"@type\":\"ReadAction\",\"target\":[\"https:\\\/\\\/stemarly.com\\\/fr\\\/declaration-de-confidentialite\\\/\"]}]},{\"@type\":\"BreadcrumbList\",\"@id\":\"https:\\\/\\\/stemarly.com\\\/fr\\\/declaration-de-confidentialite\\\/#breadcrumb\",\"itemListElement\":[{\"@type\":\"ListItem\",\"position\":1,\"name\":\"Startseite\",\"item\":\"https:\\\/\\\/stemarly.com\\\/fr\\\/\"},{\"@type\":\"ListItem\",\"position\":2,\"name\":\"D\u00e9claration de confidentialit\u00e9\"}]},{\"@type\":\"WebSite\",\"@id\":\"https:\\\/\\\/stemarly.com\\\/fr\\\/#website\",\"url\":\"https:\\\/\\\/stemarly.com\\\/fr\\\/\",\"name\":\"Stemarly\",\"description\":\"elegance to the very essence\",\"publisher\":{\"@id\":\"https:\\\/\\\/stemarly.com\\\/fr\\\/#organization\"},\"potentialAction\":[{\"@type\":\"SearchAction\",\"target\":{\"@type\":\"EntryPoint\",\"urlTemplate\":\"https:\\\/\\\/stemarly.com\\\/fr\\\/?s={search_term_string}\"},\"query-input\":{\"@type\":\"PropertyValueSpecification\",\"valueRequired\":true,\"valueName\":\"search_term_string\"}}],\"inLanguage\":\"fr-FR\"},{\"@type\":\"Organization\",\"@id\":\"https:\\\/\\\/stemarly.com\\\/fr\\\/#organization\",\"name\":\"Stemarly - Tammer Business\",\"url\":\"https:\\\/\\\/stemarly.com\\\/fr\\\/\",\"logo\":{\"@type\":\"ImageObject\",\"inLanguage\":\"fr-FR\",\"@id\":\"https:\\\/\\\/stemarly.com\\\/fr\\\/#\\\/schema\\\/logo\\\/image\\\/\",\"url\":\"https:\\\/\\\/i0.wp.com\\\/stemarly.com\\\/wp-content\\\/uploads\\\/2024\\\/01\\\/Logotype-schwarz-e1726514755119.png?fit=1750%2C300&ssl=1\",\"contentUrl\":\"https:\\\/\\\/i0.wp.com\\\/stemarly.com\\\/wp-content\\\/uploads\\\/2024\\\/01\\\/Logotype-schwarz-e1726514755119.png?fit=1750%2C300&ssl=1\",\"width\":1750,\"height\":300,\"caption\":\"Stemarly - Tammer Business\"},\"image\":{\"@id\":\"https:\\\/\\\/stemarly.com\\\/fr\\\/#\\\/schema\\\/logo\\\/image\\\/\"},\"sameAs\":[\"https:\\\/\\\/www.instagram.com\\\/stemarly.official\\\/\"]}]}<\/script>\n<!-- \/ Yoast SEO plugin. -->","yoast_head_json":{"title":"D\u00e9claration de confidentialit\u00e9 - Stemarly","description":"Lisez la politique de confidentialit\u00e9 de Stemarly pour savoir comment nous collectons, stockons et prot\u00e9geons vos donn\u00e9es personnelles. Votre vie priv\u00e9e est importante pour nous.","robots":{"index":"index","follow":"follow","max-snippet":"max-snippet:-1","max-image-preview":"max-image-preview:large","max-video-preview":"max-video-preview:-1"},"canonical":"https:\/\/stemarly.com\/fr\/declaration-de-confidentialite\/","og_locale":"fr_FR","og_type":"article","og_title":"D\u00e9claration de confidentialit\u00e9 - Stemarly","og_description":"Lisez la politique de confidentialit\u00e9 de Stemarly pour savoir comment nous collectons, stockons et prot\u00e9geons vos donn\u00e9es personnelles. Votre vie priv\u00e9e est importante pour nous.","og_url":"https:\/\/stemarly.com\/fr\/declaration-de-confidentialite\/","og_site_name":"Stemarly","article_modified_time":"2025-04-04T20:09:10+00:00","twitter_card":"summary_large_image","twitter_misc":{"Dur\u00e9e de lecture estim\u00e9e":"4 minutes"},"schema":{"@context":"https:\/\/schema.org","@graph":[{"@type":"WebPage","@id":"https:\/\/stemarly.com\/fr\/declaration-de-confidentialite\/","url":"https:\/\/stemarly.com\/fr\/declaration-de-confidentialite\/","name":"D\u00e9claration de confidentialit\u00e9 - Stemarly","isPartOf":{"@id":"https:\/\/stemarly.com\/fr\/#website"},"datePublished":"2024-11-10T19:48:05+00:00","dateModified":"2025-04-04T20:09:10+00:00","description":"Lisez la politique de confidentialit\u00e9 de Stemarly pour savoir comment nous collectons, stockons et prot\u00e9geons vos donn\u00e9es personnelles. Votre vie priv\u00e9e est importante pour nous.","breadcrumb":{"@id":"https:\/\/stemarly.com\/fr\/declaration-de-confidentialite\/#breadcrumb"},"inLanguage":"fr-FR","potentialAction":[{"@type":"ReadAction","target":["https:\/\/stemarly.com\/fr\/declaration-de-confidentialite\/"]}]},{"@type":"BreadcrumbList","@id":"https:\/\/stemarly.com\/fr\/declaration-de-confidentialite\/#breadcrumb","itemListElement":[{"@type":"ListItem","position":1,"name":"Startseite","item":"https:\/\/stemarly.com\/fr\/"},{"@type":"ListItem","position":2,"name":"D\u00e9claration de confidentialit\u00e9"}]},{"@type":"WebSite","@id":"https:\/\/stemarly.com\/fr\/#website","url":"https:\/\/stemarly.com\/fr\/","name":"Stemarly","description":"elegance to the very essence","publisher":{"@id":"https:\/\/stemarly.com\/fr\/#organization"},"potentialAction":[{"@type":"SearchAction","target":{"@type":"EntryPoint","urlTemplate":"https:\/\/stemarly.com\/fr\/?s={search_term_string}"},"query-input":{"@type":"PropertyValueSpecification","valueRequired":true,"valueName":"search_term_string"}}],"inLanguage":"fr-FR"},{"@type":"Organization","@id":"https:\/\/stemarly.com\/fr\/#organization","name":"Stemarly - Tammer Business","url":"https:\/\/stemarly.com\/fr\/","logo":{"@type":"ImageObject","inLanguage":"fr-FR","@id":"https:\/\/stemarly.com\/fr\/#\/schema\/logo\/image\/","url":"https:\/\/i0.wp.com\/stemarly.com\/wp-content\/uploads\/2024\/01\/Logotype-schwarz-e1726514755119.png?fit=1750%2C300&ssl=1","contentUrl":"https:\/\/i0.wp.com\/stemarly.com\/wp-content\/uploads\/2024\/01\/Logotype-schwarz-e1726514755119.png?fit=1750%2C300&ssl=1","width":1750,"height":300,"caption":"Stemarly - Tammer Business"},"image":{"@id":"https:\/\/stemarly.com\/fr\/#\/schema\/logo\/image\/"},"sameAs":["https:\/\/www.instagram.com\/stemarly.official\/"]}]}},"jetpack_sharing_enabled":true,"_links":{"self":[{"href":"https:\/\/stemarly.com\/fr\/wp-json\/wp\/v2\/pages\/5107","targetHints":{"allow":["GET"]}}],"collection":[{"href":"https:\/\/stemarly.com\/fr\/wp-json\/wp\/v2\/pages"}],"about":[{"href":"https:\/\/stemarly.com\/fr\/wp-json\/wp\/v2\/types\/page"}],"author":[{"embeddable":true,"href":"https:\/\/stemarly.com\/fr\/wp-json\/wp\/v2\/users\/1"}],"replies":[{"embeddable":true,"href":"https:\/\/stemarly.com\/fr\/wp-json\/wp\/v2\/comments?post=5107"}],"version-history":[{"count":1,"href":"https:\/\/stemarly.com\/fr\/wp-json\/wp\/v2\/pages\/5107\/revisions"}],"predecessor-version":[{"id":5110,"href":"https:\/\/stemarly.com\/fr\/wp-json\/wp\/v2\/pages\/5107\/revisions\/5110"}],"wp:attachment":[{"href":"https:\/\/stemarly.com\/fr\/wp-json\/wp\/v2\/media?parent=5107"}],"curies":[{"name":"wp","href":"https:\/\/api.w.org\/{rel}","templated":true}]}}