{"id":5139,"date":"2025-02-11T19:46:36","date_gmt":"2025-02-11T18:46:36","guid":{"rendered":"https:\/\/stemarly.com\/produkt\/bague-polie-4mm\/"},"modified":"2025-04-04T22:19:02","modified_gmt":"2025-04-04T20:19:02","slug":"bague-polie-4mm","status":"publish","type":"product","link":"https:\/\/stemarly.com\/fr\/produkt\/bague-polie-4mm\/","title":{"rendered":"Bague polie &#8211; 4mm"},"content":{"rendered":"<p>Notre bague polie de 4 mm de large allie une \u00e9l\u00e9gance simple \u00e0 un confort maximal. La finition brillante lui conf\u00e8re un look sophistiqu\u00e9, tandis que la taille r\u00e9glable permet un ajustement parfait \u00e0 chaque doigt. Un bijou intemporel pour toutes les occasions. Elle s&rsquo;accorde parfaitement avec notre <a href=\"https:\/\/stemarly.com\/es\/produkt\/cadena-figaro-4mm\/\">Figaro Chain &#8211; 4mm<\/a> et compl\u00e8te votre tenue avec un look moderne et styl\u00e9.   <\/p>\n","protected":false},"excerpt":{"rendered":"<p>Notre bague polie de 4 mm de large allie une \u00e9l\u00e9gance simple \u00e0 un confort maximal. La finition brillante lui conf\u00e8re un look sophistiqu\u00e9, tandis que la taille r\u00e9glable permet un ajustement parfait \u00e0 chaque doigt. Un bijou intemporel pour toutes les occasions. Elle s&rsquo;accorde parfaitement avec notre Figaro Chain &#8211; 4mm et compl\u00e8te votre [&hellip;]<\/p>\n","protected":false},"featured_media":4895,"comment_status":"open","ping_status":"closed","template":"","meta":[],"product_brand":[],"product_cat":[161],"product_tag":[112,111,162,163,165,110],"class_list":{"0":"post-5139","1":"product","2":"type-product","3":"status-publish","4":"has-post-thumbnail","6":"product_cat-bagues","7":"product_tag-4mm-fr","8":"product_tag-argent","9":"product_tag-bague","10":"product_tag-poli","11":"product_tag-poli-fr","12":"product_tag-silver-fr","14":"first","15":"instock","16":"purchasable","17":"product-type-simple"},"yoast_head":"<!-- This site is optimized with the Yoast SEO plugin v27.4 - https:\/\/yoast.com\/product\/yoast-seo-wordpress\/ -->\n<title>Bague polie - 4mm - Stemarly<\/title>\n<meta name=\"description\" content=\"Bague polie - 4mm avec une finition brillante et une taille ajustable. Ajustement parfait et look \u00e9l\u00e9gant, id\u00e9al pour \u00eatre combin\u00e9 avec la cha\u00eene Figaro - 4mm.\" \/>\n<meta name=\"robots\" content=\"index, follow, max-snippet:-1, max-image-preview:large, max-video-preview:-1\" \/>\n<link rel=\"canonical\" href=\"https:\/\/stemarly.com\/fr\/produkt\/bague-polie-4mm\/\" \/>\n<meta property=\"og:locale\" content=\"fr_FR\" \/>\n<meta property=\"og:type\" content=\"article\" \/>\n<meta property=\"og:title\" content=\"Bague polie - 4mm - Stemarly\" \/>\n<meta property=\"og:description\" content=\"Bague polie - 4mm avec une finition brillante et une taille ajustable. Ajustement parfait et look \u00e9l\u00e9gant, id\u00e9al pour \u00eatre combin\u00e9 avec la cha\u00eene Figaro - 4mm.\" \/>\n<meta property=\"og:url\" content=\"https:\/\/stemarly.com\/fr\/produkt\/bague-polie-4mm\/\" \/>\n<meta property=\"og:site_name\" content=\"Stemarly\" \/>\n<meta property=\"article:modified_time\" content=\"2025-04-04T20:19:02+00:00\" \/>\n<meta property=\"og:image\" content=\"https:\/\/i0.wp.com\/stemarly.com\/wp-content\/uploads\/2025\/02\/ring-polished-Side-view-scaled.jpg?fit=2560%2C2560&ssl=1\" \/>\n\t<meta property=\"og:image:width\" content=\"2560\" \/>\n\t<meta property=\"og:image:height\" content=\"2560\" \/>\n\t<meta property=\"og:image:type\" content=\"image\/jpeg\" \/>\n<meta name=\"twitter:card\" content=\"summary_large_image\" \/>\n<script type=\"application\/ld+json\" class=\"yoast-schema-graph\">{\"@context\":\"https:\\\/\\\/schema.org\",\"@graph\":[{\"@type\":\"WebPage\",\"@id\":\"https:\\\/\\\/stemarly.com\\\/fr\\\/produkt\\\/bague-polie-4mm\\\/\",\"url\":\"https:\\\/\\\/stemarly.com\\\/fr\\\/produkt\\\/bague-polie-4mm\\\/\",\"name\":\"Bague polie - 4mm - Stemarly\",\"isPartOf\":{\"@id\":\"https:\\\/\\\/stemarly.com\\\/fr\\\/#website\"},\"primaryImageOfPage\":{\"@id\":\"https:\\\/\\\/stemarly.com\\\/fr\\\/produkt\\\/bague-polie-4mm\\\/#primaryimage\"},\"image\":{\"@id\":\"https:\\\/\\\/stemarly.com\\\/fr\\\/produkt\\\/bague-polie-4mm\\\/#primaryimage\"},\"thumbnailUrl\":\"https:\\\/\\\/i0.wp.com\\\/stemarly.com\\\/wp-content\\\/uploads\\\/2025\\\/02\\\/ring-polished-Side-view-scaled.jpg?fit=2560%2C2560&ssl=1\",\"datePublished\":\"2025-02-11T18:46:36+00:00\",\"dateModified\":\"2025-04-04T20:19:02+00:00\",\"description\":\"Bague polie - 4mm avec une finition brillante et une taille ajustable. Ajustement parfait et look \u00e9l\u00e9gant, id\u00e9al pour \u00eatre combin\u00e9 avec la cha\u00eene Figaro - 4mm.\",\"breadcrumb\":{\"@id\":\"https:\\\/\\\/stemarly.com\\\/fr\\\/produkt\\\/bague-polie-4mm\\\/#breadcrumb\"},\"inLanguage\":\"fr-FR\",\"potentialAction\":[{\"@type\":\"ReadAction\",\"target\":[\"https:\\\/\\\/stemarly.com\\\/fr\\\/produkt\\\/bague-polie-4mm\\\/\"]}]},{\"@type\":\"ImageObject\",\"inLanguage\":\"fr-FR\",\"@id\":\"https:\\\/\\\/stemarly.com\\\/fr\\\/produkt\\\/bague-polie-4mm\\\/#primaryimage\",\"url\":\"https:\\\/\\\/i0.wp.com\\\/stemarly.com\\\/wp-content\\\/uploads\\\/2025\\\/02\\\/ring-polished-Side-view-scaled.jpg?fit=2560%2C2560&ssl=1\",\"contentUrl\":\"https:\\\/\\\/i0.wp.com\\\/stemarly.com\\\/wp-content\\\/uploads\\\/2025\\\/02\\\/ring-polished-Side-view-scaled.jpg?fit=2560%2C2560&ssl=1\",\"width\":2560,\"height\":2560,\"caption\":\"D\u00e9tail de la bague polie de 4 mm de large en vue a\u00e9rienne, la finition brillante met en valeur le design raffin\u00e9 et la finesse de la fabrication.\"},{\"@type\":\"BreadcrumbList\",\"@id\":\"https:\\\/\\\/stemarly.com\\\/fr\\\/produkt\\\/bague-polie-4mm\\\/#breadcrumb\",\"itemListElement\":[{\"@type\":\"ListItem\",\"position\":1,\"name\":\"Startseite\",\"item\":\"https:\\\/\\\/stemarly.com\\\/fr\\\/\"},{\"@type\":\"ListItem\",\"position\":2,\"name\":\"Boutique\",\"item\":\"https:\\\/\\\/stemarly.com\\\/fr\\\/boutique\\\/\"},{\"@type\":\"ListItem\",\"position\":3,\"name\":\"Bague polie &#8211; 4mm\"}]},{\"@type\":\"WebSite\",\"@id\":\"https:\\\/\\\/stemarly.com\\\/fr\\\/#website\",\"url\":\"https:\\\/\\\/stemarly.com\\\/fr\\\/\",\"name\":\"Stemarly\",\"description\":\"elegance to the very essence\",\"publisher\":{\"@id\":\"https:\\\/\\\/stemarly.com\\\/fr\\\/#organization\"},\"potentialAction\":[{\"@type\":\"SearchAction\",\"target\":{\"@type\":\"EntryPoint\",\"urlTemplate\":\"https:\\\/\\\/stemarly.com\\\/fr\\\/?s={search_term_string}\"},\"query-input\":{\"@type\":\"PropertyValueSpecification\",\"valueRequired\":true,\"valueName\":\"search_term_string\"}}],\"inLanguage\":\"fr-FR\"},{\"@type\":\"Organization\",\"@id\":\"https:\\\/\\\/stemarly.com\\\/fr\\\/#organization\",\"name\":\"Stemarly - Tammer Business\",\"url\":\"https:\\\/\\\/stemarly.com\\\/fr\\\/\",\"logo\":{\"@type\":\"ImageObject\",\"inLanguage\":\"fr-FR\",\"@id\":\"https:\\\/\\\/stemarly.com\\\/fr\\\/#\\\/schema\\\/logo\\\/image\\\/\",\"url\":\"https:\\\/\\\/i0.wp.com\\\/stemarly.com\\\/wp-content\\\/uploads\\\/2024\\\/01\\\/Logotype-schwarz-e1726514755119.png?fit=1750%2C300&ssl=1\",\"contentUrl\":\"https:\\\/\\\/i0.wp.com\\\/stemarly.com\\\/wp-content\\\/uploads\\\/2024\\\/01\\\/Logotype-schwarz-e1726514755119.png?fit=1750%2C300&ssl=1\",\"width\":1750,\"height\":300,\"caption\":\"Stemarly - Tammer Business\"},\"image\":{\"@id\":\"https:\\\/\\\/stemarly.com\\\/fr\\\/#\\\/schema\\\/logo\\\/image\\\/\"},\"sameAs\":[\"https:\\\/\\\/www.instagram.com\\\/stemarly.official\\\/\"]}]}<\/script>\n<!-- \/ Yoast SEO plugin. -->","yoast_head_json":{"title":"Bague polie - 4mm - Stemarly","description":"Bague polie - 4mm avec une finition brillante et une taille ajustable. Ajustement parfait et look \u00e9l\u00e9gant, id\u00e9al pour \u00eatre combin\u00e9 avec la cha\u00eene Figaro - 4mm.","robots":{"index":"index","follow":"follow","max-snippet":"max-snippet:-1","max-image-preview":"max-image-preview:large","max-video-preview":"max-video-preview:-1"},"canonical":"https:\/\/stemarly.com\/fr\/produkt\/bague-polie-4mm\/","og_locale":"fr_FR","og_type":"article","og_title":"Bague polie - 4mm - Stemarly","og_description":"Bague polie - 4mm avec une finition brillante et une taille ajustable. Ajustement parfait et look \u00e9l\u00e9gant, id\u00e9al pour \u00eatre combin\u00e9 avec la cha\u00eene Figaro - 4mm.","og_url":"https:\/\/stemarly.com\/fr\/produkt\/bague-polie-4mm\/","og_site_name":"Stemarly","article_modified_time":"2025-04-04T20:19:02+00:00","og_image":[{"width":2560,"height":2560,"url":"https:\/\/i0.wp.com\/stemarly.com\/wp-content\/uploads\/2025\/02\/ring-polished-Side-view-scaled.jpg?fit=2560%2C2560&ssl=1","type":"image\/jpeg"}],"twitter_card":"summary_large_image","schema":{"@context":"https:\/\/schema.org","@graph":[{"@type":"WebPage","@id":"https:\/\/stemarly.com\/fr\/produkt\/bague-polie-4mm\/","url":"https:\/\/stemarly.com\/fr\/produkt\/bague-polie-4mm\/","name":"Bague polie - 4mm - Stemarly","isPartOf":{"@id":"https:\/\/stemarly.com\/fr\/#website"},"primaryImageOfPage":{"@id":"https:\/\/stemarly.com\/fr\/produkt\/bague-polie-4mm\/#primaryimage"},"image":{"@id":"https:\/\/stemarly.com\/fr\/produkt\/bague-polie-4mm\/#primaryimage"},"thumbnailUrl":"https:\/\/i0.wp.com\/stemarly.com\/wp-content\/uploads\/2025\/02\/ring-polished-Side-view-scaled.jpg?fit=2560%2C2560&ssl=1","datePublished":"2025-02-11T18:46:36+00:00","dateModified":"2025-04-04T20:19:02+00:00","description":"Bague polie - 4mm avec une finition brillante et une taille ajustable. Ajustement parfait et look \u00e9l\u00e9gant, id\u00e9al pour \u00eatre combin\u00e9 avec la cha\u00eene Figaro - 4mm.","breadcrumb":{"@id":"https:\/\/stemarly.com\/fr\/produkt\/bague-polie-4mm\/#breadcrumb"},"inLanguage":"fr-FR","potentialAction":[{"@type":"ReadAction","target":["https:\/\/stemarly.com\/fr\/produkt\/bague-polie-4mm\/"]}]},{"@type":"ImageObject","inLanguage":"fr-FR","@id":"https:\/\/stemarly.com\/fr\/produkt\/bague-polie-4mm\/#primaryimage","url":"https:\/\/i0.wp.com\/stemarly.com\/wp-content\/uploads\/2025\/02\/ring-polished-Side-view-scaled.jpg?fit=2560%2C2560&ssl=1","contentUrl":"https:\/\/i0.wp.com\/stemarly.com\/wp-content\/uploads\/2025\/02\/ring-polished-Side-view-scaled.jpg?fit=2560%2C2560&ssl=1","width":2560,"height":2560,"caption":"D\u00e9tail de la bague polie de 4 mm de large en vue a\u00e9rienne, la finition brillante met en valeur le design raffin\u00e9 et la finesse de la fabrication."},{"@type":"BreadcrumbList","@id":"https:\/\/stemarly.com\/fr\/produkt\/bague-polie-4mm\/#breadcrumb","itemListElement":[{"@type":"ListItem","position":1,"name":"Startseite","item":"https:\/\/stemarly.com\/fr\/"},{"@type":"ListItem","position":2,"name":"Boutique","item":"https:\/\/stemarly.com\/fr\/boutique\/"},{"@type":"ListItem","position":3,"name":"Bague polie &#8211; 4mm"}]},{"@type":"WebSite","@id":"https:\/\/stemarly.com\/fr\/#website","url":"https:\/\/stemarly.com\/fr\/","name":"Stemarly","description":"elegance to the very essence","publisher":{"@id":"https:\/\/stemarly.com\/fr\/#organization"},"potentialAction":[{"@type":"SearchAction","target":{"@type":"EntryPoint","urlTemplate":"https:\/\/stemarly.com\/fr\/?s={search_term_string}"},"query-input":{"@type":"PropertyValueSpecification","valueRequired":true,"valueName":"search_term_string"}}],"inLanguage":"fr-FR"},{"@type":"Organization","@id":"https:\/\/stemarly.com\/fr\/#organization","name":"Stemarly - Tammer Business","url":"https:\/\/stemarly.com\/fr\/","logo":{"@type":"ImageObject","inLanguage":"fr-FR","@id":"https:\/\/stemarly.com\/fr\/#\/schema\/logo\/image\/","url":"https:\/\/i0.wp.com\/stemarly.com\/wp-content\/uploads\/2024\/01\/Logotype-schwarz-e1726514755119.png?fit=1750%2C300&ssl=1","contentUrl":"https:\/\/i0.wp.com\/stemarly.com\/wp-content\/uploads\/2024\/01\/Logotype-schwarz-e1726514755119.png?fit=1750%2C300&ssl=1","width":1750,"height":300,"caption":"Stemarly - Tammer Business"},"image":{"@id":"https:\/\/stemarly.com\/fr\/#\/schema\/logo\/image\/"},"sameAs":["https:\/\/www.instagram.com\/stemarly.official\/"]}]}},"jetpack_sharing_enabled":true,"_links":{"self":[{"href":"https:\/\/stemarly.com\/fr\/wp-json\/wp\/v2\/product\/5139","targetHints":{"allow":["GET"]}}],"collection":[{"href":"https:\/\/stemarly.com\/fr\/wp-json\/wp\/v2\/product"}],"about":[{"href":"https:\/\/stemarly.com\/fr\/wp-json\/wp\/v2\/types\/product"}],"replies":[{"embeddable":true,"href":"https:\/\/stemarly.com\/fr\/wp-json\/wp\/v2\/comments?post=5139"}],"version-history":[{"count":1,"href":"https:\/\/stemarly.com\/fr\/wp-json\/wp\/v2\/product\/5139\/revisions"}],"predecessor-version":[{"id":5397,"href":"https:\/\/stemarly.com\/fr\/wp-json\/wp\/v2\/product\/5139\/revisions\/5397"}],"wp:featuredmedia":[{"embeddable":true,"href":"https:\/\/stemarly.com\/fr\/wp-json\/wp\/v2\/media\/4895"}],"wp:attachment":[{"href":"https:\/\/stemarly.com\/fr\/wp-json\/wp\/v2\/media?parent=5139"}],"wp:term":[{"taxonomy":"product_brand","embeddable":true,"href":"https:\/\/stemarly.com\/fr\/wp-json\/wp\/v2\/product_brand?post=5139"},{"taxonomy":"product_cat","embeddable":true,"href":"https:\/\/stemarly.com\/fr\/wp-json\/wp\/v2\/product_cat?post=5139"},{"taxonomy":"product_tag","embeddable":true,"href":"https:\/\/stemarly.com\/fr\/wp-json\/wp\/v2\/product_tag?post=5139"}],"curies":[{"name":"wp","href":"https:\/\/api.w.org\/{rel}","templated":true}]}}