{"id":5150,"date":"2025-02-11T19:45:01","date_gmt":"2025-02-11T18:45:01","guid":{"rendered":"https:\/\/stemarly.com\/produkt\/pendentif-croix\/"},"modified":"2025-04-04T22:17:44","modified_gmt":"2025-04-04T20:17:44","slug":"pendentif-croix","status":"publish","type":"product","link":"https:\/\/stemarly.com\/fr\/produkt\/pendentif-croix\/","title":{"rendered":"Pendentif croix"},"content":{"rendered":"<p>Notre pendentif croix allie simplicit\u00e9 et symbolisme profond. La finesse de sa fabrication en fait le compagnon id\u00e9al de tous les jours. Il se porte id\u00e9alement avec la <a href=\"https:\/\/stemarly.com\/es\/produkt\/cadena-figaro-4mm\/\">cha\u00eene Figaro<\/a> ou le <a href=\"https:\/\/stemarly.com\/es\/produkt\/pulsera-figaro-4mm\/\">bracelet Figaro<\/a> pour un look classique et \u00e9l\u00e9gant.  <\/p>\n","protected":false},"excerpt":{"rendered":"<p>Notre pendentif croix allie simplicit\u00e9 et symbolisme profond. La finesse de sa fabrication en fait le compagnon id\u00e9al de tous les jours. Il se porte id\u00e9alement avec la cha\u00eene Figaro ou le bracelet Figaro pour un look classique et \u00e9l\u00e9gant.<\/p>\n","protected":false},"featured_media":4905,"comment_status":"open","ping_status":"closed","template":"","meta":[],"product_brand":[],"product_cat":[197],"product_tag":[111,200,203,202,199,198,110],"class_list":{"0":"post-5150","1":"product","2":"type-product","3":"status-publish","4":"has-post-thumbnail","6":"product_cat-pendentif","7":"product_tag-argent","8":"product_tag-croix","9":"product_tag-croix-latine","10":"product_tag-cross-fr","11":"product_tag-pendant-fr","12":"product_tag-pendentif","13":"product_tag-silver-fr","15":"first","16":"instock","17":"purchasable","18":"product-type-simple"},"yoast_head":"<!-- This site is optimized with the Yoast SEO plugin v27.4 - https:\/\/yoast.com\/product\/yoast-seo-wordpress\/ -->\n<title>Pendentif croix - Stemarly<\/title>\n<meta name=\"description\" content=\"Pendentif croix simple au symbolisme profond. Id\u00e9al pour le quotidien, il se combine parfaitement avec la cha\u00eene Figaro ou le bracelet Figaro.\" \/>\n<meta name=\"robots\" content=\"index, follow, max-snippet:-1, max-image-preview:large, max-video-preview:-1\" \/>\n<link rel=\"canonical\" href=\"https:\/\/stemarly.com\/fr\/produkt\/pendentif-croix\/\" \/>\n<meta property=\"og:locale\" content=\"fr_FR\" \/>\n<meta property=\"og:type\" content=\"article\" \/>\n<meta property=\"og:title\" content=\"Pendentif croix - Stemarly\" \/>\n<meta property=\"og:description\" content=\"Pendentif croix simple au symbolisme profond. Id\u00e9al pour le quotidien, il se combine parfaitement avec la cha\u00eene Figaro ou le bracelet Figaro.\" \/>\n<meta property=\"og:url\" content=\"https:\/\/stemarly.com\/fr\/produkt\/pendentif-croix\/\" \/>\n<meta property=\"og:site_name\" content=\"Stemarly\" \/>\n<meta property=\"article:modified_time\" content=\"2025-04-04T20:17:44+00:00\" \/>\n<meta property=\"og:image\" content=\"https:\/\/i0.wp.com\/stemarly.com\/wp-content\/uploads\/2025\/02\/Cross-Pendant-Side-view-scaled-scaled.jpg?fit=2560%2C2560&ssl=1\" \/>\n\t<meta property=\"og:image:width\" content=\"2560\" \/>\n\t<meta property=\"og:image:height\" content=\"2560\" \/>\n\t<meta property=\"og:image:type\" content=\"image\/jpeg\" \/>\n<meta name=\"twitter:card\" content=\"summary_large_image\" \/>\n<script type=\"application\/ld+json\" class=\"yoast-schema-graph\">{\"@context\":\"https:\\\/\\\/schema.org\",\"@graph\":[{\"@type\":\"WebPage\",\"@id\":\"https:\\\/\\\/stemarly.com\\\/fr\\\/produkt\\\/pendentif-croix\\\/\",\"url\":\"https:\\\/\\\/stemarly.com\\\/fr\\\/produkt\\\/pendentif-croix\\\/\",\"name\":\"Pendentif croix - Stemarly\",\"isPartOf\":{\"@id\":\"https:\\\/\\\/stemarly.com\\\/fr\\\/#website\"},\"primaryImageOfPage\":{\"@id\":\"https:\\\/\\\/stemarly.com\\\/fr\\\/produkt\\\/pendentif-croix\\\/#primaryimage\"},\"image\":{\"@id\":\"https:\\\/\\\/stemarly.com\\\/fr\\\/produkt\\\/pendentif-croix\\\/#primaryimage\"},\"thumbnailUrl\":\"https:\\\/\\\/i0.wp.com\\\/stemarly.com\\\/wp-content\\\/uploads\\\/2025\\\/02\\\/Cross-Pendant-Side-view-scaled-scaled.jpg?fit=2560%2C2560&ssl=1\",\"datePublished\":\"2025-02-11T18:45:01+00:00\",\"dateModified\":\"2025-04-04T20:17:44+00:00\",\"description\":\"Pendentif croix simple au symbolisme profond. Id\u00e9al pour le quotidien, il se combine parfaitement avec la cha\u00eene Figaro ou le bracelet Figaro.\",\"breadcrumb\":{\"@id\":\"https:\\\/\\\/stemarly.com\\\/fr\\\/produkt\\\/pendentif-croix\\\/#breadcrumb\"},\"inLanguage\":\"fr-FR\",\"potentialAction\":[{\"@type\":\"ReadAction\",\"target\":[\"https:\\\/\\\/stemarly.com\\\/fr\\\/produkt\\\/pendentif-croix\\\/\"]}]},{\"@type\":\"ImageObject\",\"inLanguage\":\"fr-FR\",\"@id\":\"https:\\\/\\\/stemarly.com\\\/fr\\\/produkt\\\/pendentif-croix\\\/#primaryimage\",\"url\":\"https:\\\/\\\/i0.wp.com\\\/stemarly.com\\\/wp-content\\\/uploads\\\/2025\\\/02\\\/Cross-Pendant-Side-view-scaled-scaled.jpg?fit=2560%2C2560&ssl=1\",\"contentUrl\":\"https:\\\/\\\/i0.wp.com\\\/stemarly.com\\\/wp-content\\\/uploads\\\/2025\\\/02\\\/Cross-Pendant-Side-view-scaled-scaled.jpg?fit=2560%2C2560&ssl=1\",\"width\":2560,\"height\":2560,\"caption\":\"D\u00e9tail du pendentif croix en acier inoxydable avec une forme minimaliste et une finition claire et fine pour un look classique.\"},{\"@type\":\"BreadcrumbList\",\"@id\":\"https:\\\/\\\/stemarly.com\\\/fr\\\/produkt\\\/pendentif-croix\\\/#breadcrumb\",\"itemListElement\":[{\"@type\":\"ListItem\",\"position\":1,\"name\":\"Startseite\",\"item\":\"https:\\\/\\\/stemarly.com\\\/fr\\\/\"},{\"@type\":\"ListItem\",\"position\":2,\"name\":\"Boutique\",\"item\":\"https:\\\/\\\/stemarly.com\\\/fr\\\/boutique\\\/\"},{\"@type\":\"ListItem\",\"position\":3,\"name\":\"Pendentif croix\"}]},{\"@type\":\"WebSite\",\"@id\":\"https:\\\/\\\/stemarly.com\\\/fr\\\/#website\",\"url\":\"https:\\\/\\\/stemarly.com\\\/fr\\\/\",\"name\":\"Stemarly\",\"description\":\"elegance to the very essence\",\"publisher\":{\"@id\":\"https:\\\/\\\/stemarly.com\\\/fr\\\/#organization\"},\"potentialAction\":[{\"@type\":\"SearchAction\",\"target\":{\"@type\":\"EntryPoint\",\"urlTemplate\":\"https:\\\/\\\/stemarly.com\\\/fr\\\/?s={search_term_string}\"},\"query-input\":{\"@type\":\"PropertyValueSpecification\",\"valueRequired\":true,\"valueName\":\"search_term_string\"}}],\"inLanguage\":\"fr-FR\"},{\"@type\":\"Organization\",\"@id\":\"https:\\\/\\\/stemarly.com\\\/fr\\\/#organization\",\"name\":\"Stemarly - Tammer Business\",\"url\":\"https:\\\/\\\/stemarly.com\\\/fr\\\/\",\"logo\":{\"@type\":\"ImageObject\",\"inLanguage\":\"fr-FR\",\"@id\":\"https:\\\/\\\/stemarly.com\\\/fr\\\/#\\\/schema\\\/logo\\\/image\\\/\",\"url\":\"https:\\\/\\\/i0.wp.com\\\/stemarly.com\\\/wp-content\\\/uploads\\\/2024\\\/01\\\/Logotype-schwarz-e1726514755119.png?fit=1750%2C300&ssl=1\",\"contentUrl\":\"https:\\\/\\\/i0.wp.com\\\/stemarly.com\\\/wp-content\\\/uploads\\\/2024\\\/01\\\/Logotype-schwarz-e1726514755119.png?fit=1750%2C300&ssl=1\",\"width\":1750,\"height\":300,\"caption\":\"Stemarly - Tammer Business\"},\"image\":{\"@id\":\"https:\\\/\\\/stemarly.com\\\/fr\\\/#\\\/schema\\\/logo\\\/image\\\/\"},\"sameAs\":[\"https:\\\/\\\/www.instagram.com\\\/stemarly.official\\\/\"]}]}<\/script>\n<!-- \/ Yoast SEO plugin. -->","yoast_head_json":{"title":"Pendentif croix - Stemarly","description":"Pendentif croix simple au symbolisme profond. Id\u00e9al pour le quotidien, il se combine parfaitement avec la cha\u00eene Figaro ou le bracelet Figaro.","robots":{"index":"index","follow":"follow","max-snippet":"max-snippet:-1","max-image-preview":"max-image-preview:large","max-video-preview":"max-video-preview:-1"},"canonical":"https:\/\/stemarly.com\/fr\/produkt\/pendentif-croix\/","og_locale":"fr_FR","og_type":"article","og_title":"Pendentif croix - Stemarly","og_description":"Pendentif croix simple au symbolisme profond. Id\u00e9al pour le quotidien, il se combine parfaitement avec la cha\u00eene Figaro ou le bracelet Figaro.","og_url":"https:\/\/stemarly.com\/fr\/produkt\/pendentif-croix\/","og_site_name":"Stemarly","article_modified_time":"2025-04-04T20:17:44+00:00","og_image":[{"width":2560,"height":2560,"url":"https:\/\/i0.wp.com\/stemarly.com\/wp-content\/uploads\/2025\/02\/Cross-Pendant-Side-view-scaled-scaled.jpg?fit=2560%2C2560&ssl=1","type":"image\/jpeg"}],"twitter_card":"summary_large_image","schema":{"@context":"https:\/\/schema.org","@graph":[{"@type":"WebPage","@id":"https:\/\/stemarly.com\/fr\/produkt\/pendentif-croix\/","url":"https:\/\/stemarly.com\/fr\/produkt\/pendentif-croix\/","name":"Pendentif croix - Stemarly","isPartOf":{"@id":"https:\/\/stemarly.com\/fr\/#website"},"primaryImageOfPage":{"@id":"https:\/\/stemarly.com\/fr\/produkt\/pendentif-croix\/#primaryimage"},"image":{"@id":"https:\/\/stemarly.com\/fr\/produkt\/pendentif-croix\/#primaryimage"},"thumbnailUrl":"https:\/\/i0.wp.com\/stemarly.com\/wp-content\/uploads\/2025\/02\/Cross-Pendant-Side-view-scaled-scaled.jpg?fit=2560%2C2560&ssl=1","datePublished":"2025-02-11T18:45:01+00:00","dateModified":"2025-04-04T20:17:44+00:00","description":"Pendentif croix simple au symbolisme profond. Id\u00e9al pour le quotidien, il se combine parfaitement avec la cha\u00eene Figaro ou le bracelet Figaro.","breadcrumb":{"@id":"https:\/\/stemarly.com\/fr\/produkt\/pendentif-croix\/#breadcrumb"},"inLanguage":"fr-FR","potentialAction":[{"@type":"ReadAction","target":["https:\/\/stemarly.com\/fr\/produkt\/pendentif-croix\/"]}]},{"@type":"ImageObject","inLanguage":"fr-FR","@id":"https:\/\/stemarly.com\/fr\/produkt\/pendentif-croix\/#primaryimage","url":"https:\/\/i0.wp.com\/stemarly.com\/wp-content\/uploads\/2025\/02\/Cross-Pendant-Side-view-scaled-scaled.jpg?fit=2560%2C2560&ssl=1","contentUrl":"https:\/\/i0.wp.com\/stemarly.com\/wp-content\/uploads\/2025\/02\/Cross-Pendant-Side-view-scaled-scaled.jpg?fit=2560%2C2560&ssl=1","width":2560,"height":2560,"caption":"D\u00e9tail du pendentif croix en acier inoxydable avec une forme minimaliste et une finition claire et fine pour un look classique."},{"@type":"BreadcrumbList","@id":"https:\/\/stemarly.com\/fr\/produkt\/pendentif-croix\/#breadcrumb","itemListElement":[{"@type":"ListItem","position":1,"name":"Startseite","item":"https:\/\/stemarly.com\/fr\/"},{"@type":"ListItem","position":2,"name":"Boutique","item":"https:\/\/stemarly.com\/fr\/boutique\/"},{"@type":"ListItem","position":3,"name":"Pendentif croix"}]},{"@type":"WebSite","@id":"https:\/\/stemarly.com\/fr\/#website","url":"https:\/\/stemarly.com\/fr\/","name":"Stemarly","description":"elegance to the very essence","publisher":{"@id":"https:\/\/stemarly.com\/fr\/#organization"},"potentialAction":[{"@type":"SearchAction","target":{"@type":"EntryPoint","urlTemplate":"https:\/\/stemarly.com\/fr\/?s={search_term_string}"},"query-input":{"@type":"PropertyValueSpecification","valueRequired":true,"valueName":"search_term_string"}}],"inLanguage":"fr-FR"},{"@type":"Organization","@id":"https:\/\/stemarly.com\/fr\/#organization","name":"Stemarly - Tammer Business","url":"https:\/\/stemarly.com\/fr\/","logo":{"@type":"ImageObject","inLanguage":"fr-FR","@id":"https:\/\/stemarly.com\/fr\/#\/schema\/logo\/image\/","url":"https:\/\/i0.wp.com\/stemarly.com\/wp-content\/uploads\/2024\/01\/Logotype-schwarz-e1726514755119.png?fit=1750%2C300&ssl=1","contentUrl":"https:\/\/i0.wp.com\/stemarly.com\/wp-content\/uploads\/2024\/01\/Logotype-schwarz-e1726514755119.png?fit=1750%2C300&ssl=1","width":1750,"height":300,"caption":"Stemarly - Tammer Business"},"image":{"@id":"https:\/\/stemarly.com\/fr\/#\/schema\/logo\/image\/"},"sameAs":["https:\/\/www.instagram.com\/stemarly.official\/"]}]}},"jetpack_sharing_enabled":true,"_links":{"self":[{"href":"https:\/\/stemarly.com\/fr\/wp-json\/wp\/v2\/product\/5150","targetHints":{"allow":["GET"]}}],"collection":[{"href":"https:\/\/stemarly.com\/fr\/wp-json\/wp\/v2\/product"}],"about":[{"href":"https:\/\/stemarly.com\/fr\/wp-json\/wp\/v2\/types\/product"}],"replies":[{"embeddable":true,"href":"https:\/\/stemarly.com\/fr\/wp-json\/wp\/v2\/comments?post=5150"}],"version-history":[{"count":1,"href":"https:\/\/stemarly.com\/fr\/wp-json\/wp\/v2\/product\/5150\/revisions"}],"predecessor-version":[{"id":5376,"href":"https:\/\/stemarly.com\/fr\/wp-json\/wp\/v2\/product\/5150\/revisions\/5376"}],"wp:featuredmedia":[{"embeddable":true,"href":"https:\/\/stemarly.com\/fr\/wp-json\/wp\/v2\/media\/4905"}],"wp:attachment":[{"href":"https:\/\/stemarly.com\/fr\/wp-json\/wp\/v2\/media?parent=5150"}],"wp:term":[{"taxonomy":"product_brand","embeddable":true,"href":"https:\/\/stemarly.com\/fr\/wp-json\/wp\/v2\/product_brand?post=5150"},{"taxonomy":"product_cat","embeddable":true,"href":"https:\/\/stemarly.com\/fr\/wp-json\/wp\/v2\/product_cat?post=5150"},{"taxonomy":"product_tag","embeddable":true,"href":"https:\/\/stemarly.com\/fr\/wp-json\/wp\/v2\/product_tag?post=5150"}],"curies":[{"name":"wp","href":"https:\/\/api.w.org\/{rel}","templated":true}]}}