{"id":5165,"date":"2024-09-20T20:30:29","date_gmt":"2024-09-20T18:30:29","guid":{"rendered":"https:\/\/stemarly.com\/produkt\/pendentif-piece-de-monnaie\/"},"modified":"2025-04-04T22:17:24","modified_gmt":"2025-04-04T20:17:24","slug":"pendentif-piece-de-monnaie","status":"publish","type":"product","link":"https:\/\/stemarly.com\/fr\/produkt\/pendentif-piece-de-monnaie\/","title":{"rendered":"Pendentif pi\u00e8ce de monnaie"},"content":{"rendered":"<p>Le pendentif en pi\u00e8ces de monnaie apporte une \u00e9l\u00e9gance vintage \u00e0 votre jeu de bijoux. Son design riche en d\u00e9tails en fait un objet qui attire l&rsquo;attention. Il se combine parfaitement avec la <a href=\"https:\/\/stemarly.com\/es\/produkt\/cadena-figaro-4mm\/\">cha\u00eene Figaro<\/a> ou le <a href=\"https:\/\/stemarly.com\/es\/produkt\/pulsera-figaro-4mm\/\">bracelet Figaro<\/a> pour un look sophistiqu\u00e9.  <\/p>\n","protected":false},"excerpt":{"rendered":"<p>Le pendentif en pi\u00e8ces de monnaie apporte une \u00e9l\u00e9gance vintage \u00e0 votre jeu de bijoux. Son design riche en d\u00e9tails en fait un objet qui attire l&rsquo;attention. Il se combine parfaitement avec la cha\u00eene Figaro ou le bracelet Figaro pour un look sophistiqu\u00e9.<\/p>\n","protected":false},"featured_media":4915,"comment_status":"open","ping_status":"closed","template":"","meta":[],"product_brand":[],"product_cat":[197],"product_tag":[111,238,240,199,198,110],"class_list":{"0":"post-5165","1":"product","2":"type-product","3":"status-publish","4":"has-post-thumbnail","6":"product_cat-pendentif","7":"product_tag-argent","8":"product_tag-coin-fr","9":"product_tag-monnaie","10":"product_tag-pendant-fr","11":"product_tag-pendentif","12":"product_tag-silver-fr","14":"first","15":"instock","16":"purchasable","17":"product-type-simple"},"yoast_head":"<!-- This site is optimized with the Yoast SEO plugin v27.4 - https:\/\/yoast.com\/product\/yoast-seo-wordpress\/ -->\n<title>Pendentif pi\u00e8ce de monnaie - Stemarly<\/title>\n<meta name=\"description\" content=\"Pendentif pi\u00e8ce de monnaie \u00e0 l&#039;\u00e9l\u00e9gance vintage et au design d\u00e9taill\u00e9. Se combine parfaitement avec la cha\u00eene Figaro ou le bracelet Figaro pour un look styl\u00e9.\" \/>\n<meta name=\"robots\" content=\"index, follow, max-snippet:-1, max-image-preview:large, max-video-preview:-1\" \/>\n<link rel=\"canonical\" href=\"https:\/\/stemarly.com\/fr\/produkt\/pendentif-piece-de-monnaie\/\" \/>\n<meta property=\"og:locale\" content=\"fr_FR\" \/>\n<meta property=\"og:type\" content=\"article\" \/>\n<meta property=\"og:title\" content=\"Pendentif pi\u00e8ce de monnaie - Stemarly\" \/>\n<meta property=\"og:description\" content=\"Pendentif pi\u00e8ce de monnaie \u00e0 l&#039;\u00e9l\u00e9gance vintage et au design d\u00e9taill\u00e9. Se combine parfaitement avec la cha\u00eene Figaro ou le bracelet Figaro pour un look styl\u00e9.\" \/>\n<meta property=\"og:url\" content=\"https:\/\/stemarly.com\/fr\/produkt\/pendentif-piece-de-monnaie\/\" \/>\n<meta property=\"og:site_name\" content=\"Stemarly\" \/>\n<meta property=\"article:modified_time\" content=\"2025-04-04T20:17:24+00:00\" \/>\n<meta property=\"og:image\" content=\"https:\/\/i0.wp.com\/stemarly.com\/wp-content\/uploads\/2025\/02\/Coin-Pendant-Side-view-scaled-scaled.jpg?fit=2560%2C2560&ssl=1\" \/>\n\t<meta property=\"og:image:width\" content=\"2560\" \/>\n\t<meta property=\"og:image:height\" content=\"2560\" \/>\n\t<meta property=\"og:image:type\" content=\"image\/jpeg\" \/>\n<meta name=\"twitter:card\" content=\"summary_large_image\" \/>\n<script type=\"application\/ld+json\" class=\"yoast-schema-graph\">{\"@context\":\"https:\\\/\\\/schema.org\",\"@graph\":[{\"@type\":\"WebPage\",\"@id\":\"https:\\\/\\\/stemarly.com\\\/fr\\\/produkt\\\/pendentif-piece-de-monnaie\\\/\",\"url\":\"https:\\\/\\\/stemarly.com\\\/fr\\\/produkt\\\/pendentif-piece-de-monnaie\\\/\",\"name\":\"Pendentif pi\u00e8ce de monnaie - Stemarly\",\"isPartOf\":{\"@id\":\"https:\\\/\\\/stemarly.com\\\/fr\\\/#website\"},\"primaryImageOfPage\":{\"@id\":\"https:\\\/\\\/stemarly.com\\\/fr\\\/produkt\\\/pendentif-piece-de-monnaie\\\/#primaryimage\"},\"image\":{\"@id\":\"https:\\\/\\\/stemarly.com\\\/fr\\\/produkt\\\/pendentif-piece-de-monnaie\\\/#primaryimage\"},\"thumbnailUrl\":\"https:\\\/\\\/i0.wp.com\\\/stemarly.com\\\/wp-content\\\/uploads\\\/2025\\\/02\\\/Coin-Pendant-Side-view-scaled-scaled.jpg?fit=2560%2C2560&ssl=1\",\"datePublished\":\"2024-09-20T18:30:29+00:00\",\"dateModified\":\"2025-04-04T20:17:24+00:00\",\"description\":\"Pendentif pi\u00e8ce de monnaie \u00e0 l'\u00e9l\u00e9gance vintage et au design d\u00e9taill\u00e9. Se combine parfaitement avec la cha\u00eene Figaro ou le bracelet Figaro pour un look styl\u00e9.\",\"breadcrumb\":{\"@id\":\"https:\\\/\\\/stemarly.com\\\/fr\\\/produkt\\\/pendentif-piece-de-monnaie\\\/#breadcrumb\"},\"inLanguage\":\"fr-FR\",\"potentialAction\":[{\"@type\":\"ReadAction\",\"target\":[\"https:\\\/\\\/stemarly.com\\\/fr\\\/produkt\\\/pendentif-piece-de-monnaie\\\/\"]}]},{\"@type\":\"ImageObject\",\"inLanguage\":\"fr-FR\",\"@id\":\"https:\\\/\\\/stemarly.com\\\/fr\\\/produkt\\\/pendentif-piece-de-monnaie\\\/#primaryimage\",\"url\":\"https:\\\/\\\/i0.wp.com\\\/stemarly.com\\\/wp-content\\\/uploads\\\/2025\\\/02\\\/Coin-Pendant-Side-view-scaled-scaled.jpg?fit=2560%2C2560&ssl=1\",\"contentUrl\":\"https:\\\/\\\/i0.wp.com\\\/stemarly.com\\\/wp-content\\\/uploads\\\/2025\\\/02\\\/Coin-Pendant-Side-view-scaled-scaled.jpg?fit=2560%2C2560&ssl=1\",\"width\":2560,\"height\":2560,\"caption\":\"Vue d\u00e9taill\u00e9e du pendentif pi\u00e8ce de monnaie en acier inoxydable, avec un design filigrane d'inspiration vintage et un \u00e9clat pr\u00e9cieux pour un look unique.\"},{\"@type\":\"BreadcrumbList\",\"@id\":\"https:\\\/\\\/stemarly.com\\\/fr\\\/produkt\\\/pendentif-piece-de-monnaie\\\/#breadcrumb\",\"itemListElement\":[{\"@type\":\"ListItem\",\"position\":1,\"name\":\"Startseite\",\"item\":\"https:\\\/\\\/stemarly.com\\\/fr\\\/\"},{\"@type\":\"ListItem\",\"position\":2,\"name\":\"Boutique\",\"item\":\"https:\\\/\\\/stemarly.com\\\/fr\\\/boutique\\\/\"},{\"@type\":\"ListItem\",\"position\":3,\"name\":\"Pendentif pi\u00e8ce de monnaie\"}]},{\"@type\":\"WebSite\",\"@id\":\"https:\\\/\\\/stemarly.com\\\/fr\\\/#website\",\"url\":\"https:\\\/\\\/stemarly.com\\\/fr\\\/\",\"name\":\"Stemarly\",\"description\":\"elegance to the very essence\",\"publisher\":{\"@id\":\"https:\\\/\\\/stemarly.com\\\/fr\\\/#organization\"},\"potentialAction\":[{\"@type\":\"SearchAction\",\"target\":{\"@type\":\"EntryPoint\",\"urlTemplate\":\"https:\\\/\\\/stemarly.com\\\/fr\\\/?s={search_term_string}\"},\"query-input\":{\"@type\":\"PropertyValueSpecification\",\"valueRequired\":true,\"valueName\":\"search_term_string\"}}],\"inLanguage\":\"fr-FR\"},{\"@type\":\"Organization\",\"@id\":\"https:\\\/\\\/stemarly.com\\\/fr\\\/#organization\",\"name\":\"Stemarly - Tammer Business\",\"url\":\"https:\\\/\\\/stemarly.com\\\/fr\\\/\",\"logo\":{\"@type\":\"ImageObject\",\"inLanguage\":\"fr-FR\",\"@id\":\"https:\\\/\\\/stemarly.com\\\/fr\\\/#\\\/schema\\\/logo\\\/image\\\/\",\"url\":\"https:\\\/\\\/i0.wp.com\\\/stemarly.com\\\/wp-content\\\/uploads\\\/2024\\\/01\\\/Logotype-schwarz-e1726514755119.png?fit=1750%2C300&ssl=1\",\"contentUrl\":\"https:\\\/\\\/i0.wp.com\\\/stemarly.com\\\/wp-content\\\/uploads\\\/2024\\\/01\\\/Logotype-schwarz-e1726514755119.png?fit=1750%2C300&ssl=1\",\"width\":1750,\"height\":300,\"caption\":\"Stemarly - Tammer Business\"},\"image\":{\"@id\":\"https:\\\/\\\/stemarly.com\\\/fr\\\/#\\\/schema\\\/logo\\\/image\\\/\"},\"sameAs\":[\"https:\\\/\\\/www.instagram.com\\\/stemarly.official\\\/\"]}]}<\/script>\n<!-- \/ Yoast SEO plugin. -->","yoast_head_json":{"title":"Pendentif pi\u00e8ce de monnaie - Stemarly","description":"Pendentif pi\u00e8ce de monnaie \u00e0 l'\u00e9l\u00e9gance vintage et au design d\u00e9taill\u00e9. Se combine parfaitement avec la cha\u00eene Figaro ou le bracelet Figaro pour un look styl\u00e9.","robots":{"index":"index","follow":"follow","max-snippet":"max-snippet:-1","max-image-preview":"max-image-preview:large","max-video-preview":"max-video-preview:-1"},"canonical":"https:\/\/stemarly.com\/fr\/produkt\/pendentif-piece-de-monnaie\/","og_locale":"fr_FR","og_type":"article","og_title":"Pendentif pi\u00e8ce de monnaie - Stemarly","og_description":"Pendentif pi\u00e8ce de monnaie \u00e0 l'\u00e9l\u00e9gance vintage et au design d\u00e9taill\u00e9. Se combine parfaitement avec la cha\u00eene Figaro ou le bracelet Figaro pour un look styl\u00e9.","og_url":"https:\/\/stemarly.com\/fr\/produkt\/pendentif-piece-de-monnaie\/","og_site_name":"Stemarly","article_modified_time":"2025-04-04T20:17:24+00:00","og_image":[{"width":2560,"height":2560,"url":"https:\/\/i0.wp.com\/stemarly.com\/wp-content\/uploads\/2025\/02\/Coin-Pendant-Side-view-scaled-scaled.jpg?fit=2560%2C2560&ssl=1","type":"image\/jpeg"}],"twitter_card":"summary_large_image","schema":{"@context":"https:\/\/schema.org","@graph":[{"@type":"WebPage","@id":"https:\/\/stemarly.com\/fr\/produkt\/pendentif-piece-de-monnaie\/","url":"https:\/\/stemarly.com\/fr\/produkt\/pendentif-piece-de-monnaie\/","name":"Pendentif pi\u00e8ce de monnaie - Stemarly","isPartOf":{"@id":"https:\/\/stemarly.com\/fr\/#website"},"primaryImageOfPage":{"@id":"https:\/\/stemarly.com\/fr\/produkt\/pendentif-piece-de-monnaie\/#primaryimage"},"image":{"@id":"https:\/\/stemarly.com\/fr\/produkt\/pendentif-piece-de-monnaie\/#primaryimage"},"thumbnailUrl":"https:\/\/i0.wp.com\/stemarly.com\/wp-content\/uploads\/2025\/02\/Coin-Pendant-Side-view-scaled-scaled.jpg?fit=2560%2C2560&ssl=1","datePublished":"2024-09-20T18:30:29+00:00","dateModified":"2025-04-04T20:17:24+00:00","description":"Pendentif pi\u00e8ce de monnaie \u00e0 l'\u00e9l\u00e9gance vintage et au design d\u00e9taill\u00e9. Se combine parfaitement avec la cha\u00eene Figaro ou le bracelet Figaro pour un look styl\u00e9.","breadcrumb":{"@id":"https:\/\/stemarly.com\/fr\/produkt\/pendentif-piece-de-monnaie\/#breadcrumb"},"inLanguage":"fr-FR","potentialAction":[{"@type":"ReadAction","target":["https:\/\/stemarly.com\/fr\/produkt\/pendentif-piece-de-monnaie\/"]}]},{"@type":"ImageObject","inLanguage":"fr-FR","@id":"https:\/\/stemarly.com\/fr\/produkt\/pendentif-piece-de-monnaie\/#primaryimage","url":"https:\/\/i0.wp.com\/stemarly.com\/wp-content\/uploads\/2025\/02\/Coin-Pendant-Side-view-scaled-scaled.jpg?fit=2560%2C2560&ssl=1","contentUrl":"https:\/\/i0.wp.com\/stemarly.com\/wp-content\/uploads\/2025\/02\/Coin-Pendant-Side-view-scaled-scaled.jpg?fit=2560%2C2560&ssl=1","width":2560,"height":2560,"caption":"Vue d\u00e9taill\u00e9e du pendentif pi\u00e8ce de monnaie en acier inoxydable, avec un design filigrane d'inspiration vintage et un \u00e9clat pr\u00e9cieux pour un look unique."},{"@type":"BreadcrumbList","@id":"https:\/\/stemarly.com\/fr\/produkt\/pendentif-piece-de-monnaie\/#breadcrumb","itemListElement":[{"@type":"ListItem","position":1,"name":"Startseite","item":"https:\/\/stemarly.com\/fr\/"},{"@type":"ListItem","position":2,"name":"Boutique","item":"https:\/\/stemarly.com\/fr\/boutique\/"},{"@type":"ListItem","position":3,"name":"Pendentif pi\u00e8ce de monnaie"}]},{"@type":"WebSite","@id":"https:\/\/stemarly.com\/fr\/#website","url":"https:\/\/stemarly.com\/fr\/","name":"Stemarly","description":"elegance to the very essence","publisher":{"@id":"https:\/\/stemarly.com\/fr\/#organization"},"potentialAction":[{"@type":"SearchAction","target":{"@type":"EntryPoint","urlTemplate":"https:\/\/stemarly.com\/fr\/?s={search_term_string}"},"query-input":{"@type":"PropertyValueSpecification","valueRequired":true,"valueName":"search_term_string"}}],"inLanguage":"fr-FR"},{"@type":"Organization","@id":"https:\/\/stemarly.com\/fr\/#organization","name":"Stemarly - Tammer Business","url":"https:\/\/stemarly.com\/fr\/","logo":{"@type":"ImageObject","inLanguage":"fr-FR","@id":"https:\/\/stemarly.com\/fr\/#\/schema\/logo\/image\/","url":"https:\/\/i0.wp.com\/stemarly.com\/wp-content\/uploads\/2024\/01\/Logotype-schwarz-e1726514755119.png?fit=1750%2C300&ssl=1","contentUrl":"https:\/\/i0.wp.com\/stemarly.com\/wp-content\/uploads\/2024\/01\/Logotype-schwarz-e1726514755119.png?fit=1750%2C300&ssl=1","width":1750,"height":300,"caption":"Stemarly - Tammer Business"},"image":{"@id":"https:\/\/stemarly.com\/fr\/#\/schema\/logo\/image\/"},"sameAs":["https:\/\/www.instagram.com\/stemarly.official\/"]}]}},"jetpack_sharing_enabled":true,"_links":{"self":[{"href":"https:\/\/stemarly.com\/fr\/wp-json\/wp\/v2\/product\/5165","targetHints":{"allow":["GET"]}}],"collection":[{"href":"https:\/\/stemarly.com\/fr\/wp-json\/wp\/v2\/product"}],"about":[{"href":"https:\/\/stemarly.com\/fr\/wp-json\/wp\/v2\/types\/product"}],"replies":[{"embeddable":true,"href":"https:\/\/stemarly.com\/fr\/wp-json\/wp\/v2\/comments?post=5165"}],"version-history":[{"count":1,"href":"https:\/\/stemarly.com\/fr\/wp-json\/wp\/v2\/product\/5165\/revisions"}],"predecessor-version":[{"id":5367,"href":"https:\/\/stemarly.com\/fr\/wp-json\/wp\/v2\/product\/5165\/revisions\/5367"}],"wp:featuredmedia":[{"embeddable":true,"href":"https:\/\/stemarly.com\/fr\/wp-json\/wp\/v2\/media\/4915"}],"wp:attachment":[{"href":"https:\/\/stemarly.com\/fr\/wp-json\/wp\/v2\/media?parent=5165"}],"wp:term":[{"taxonomy":"product_brand","embeddable":true,"href":"https:\/\/stemarly.com\/fr\/wp-json\/wp\/v2\/product_brand?post=5165"},{"taxonomy":"product_cat","embeddable":true,"href":"https:\/\/stemarly.com\/fr\/wp-json\/wp\/v2\/product_cat?post=5165"},{"taxonomy":"product_tag","embeddable":true,"href":"https:\/\/stemarly.com\/fr\/wp-json\/wp\/v2\/product_tag?post=5165"}],"curies":[{"name":"wp","href":"https:\/\/api.w.org\/{rel}","templated":true}]}}