{"id":5175,"date":"2024-09-20T20:21:28","date_gmt":"2024-09-20T18:21:28","guid":{"rendered":"https:\/\/stemarly.com\/produkt\/chaine-figaro-4mm\/"},"modified":"2025-04-04T22:18:45","modified_gmt":"2025-04-04T20:18:45","slug":"chaine-figaro-4mm","status":"publish","type":"product","link":"https:\/\/stemarly.com\/fr\/produkt\/chaine-figaro-4mm\/","title":{"rendered":"Cha\u00eene Figaro &#8211; 4mm"},"content":{"rendered":"<p>La cha\u00eene Figaro de 4 mm de large et 50 cm de long allie style intemporel et flexibilit\u00e9. Vous pouvez personnaliser la longueur gr\u00e2ce \u00e0 la cha\u00eene suppl\u00e9mentaire de 5 cm. Combinez-le avec son <a href=\"https:\/\/stemarly.com\/es\/produkt\/colgante-rosa\/\">pendant<\/a> <a href=\"https:\/\/stemarly.com\/es\/produkt\/colgante-de-ala\/\">en forme d&rsquo;aile<\/a>, de <a href=\"https:\/\/stemarly.com\/es\/produkt\/colgante-brujula\/\">boussole<\/a>, de <a href=\"https:\/\/stemarly.com\/es\/produkt\/colgante-de-monedas\/\">pi\u00e8ce de monnaie<\/a>, de <a href=\"https:\/\/stemarly.com\/es\/produkt\/colgante-en-forma-de-cruz\/\">croix<\/a> ou de rose. Vous obtiendrez ainsi un look unique qui s&rsquo;adapte \u00e0 toutes les tenues.   <\/p>\n","protected":false},"excerpt":{"rendered":"<p>La cha\u00eene Figaro de 4 mm de large et 50 cm de long allie style intemporel et flexibilit\u00e9. Vous pouvez personnaliser la longueur gr\u00e2ce \u00e0 la cha\u00eene suppl\u00e9mentaire de 5 cm. Combinez-le avec son pendant en forme d&rsquo;aile, de boussole, de pi\u00e8ce de monnaie, de croix ou de rose. Vous obtiendrez ainsi un look unique [&hellip;]<\/p>\n","protected":false},"featured_media":4930,"comment_status":"open","ping_status":"closed","template":"","meta":[],"product_brand":[],"product_cat":[267],"product_tag":[112,272,274,111,268,269,271,110],"class_list":{"0":"post-5175","1":"product","2":"type-product","3":"status-publish","4":"has-post-thumbnail","6":"product_cat-chaines-2","7":"product_tag-4mm-fr","8":"product_tag-500mm-fr","9":"product_tag-50cm-fr","10":"product_tag-argent","11":"product_tag-chaine","12":"product_tag-chaine-fr","13":"product_tag-figaro-fr","14":"product_tag-silver-fr","16":"first","17":"instock","18":"purchasable","19":"product-type-simple"},"yoast_head":"<!-- This site is optimized with the Yoast SEO plugin v27.4 - https:\/\/yoast.com\/product\/yoast-seo-wordpress\/ -->\n<title>Cha\u00eene Figaro - 4mm - Stemarly<\/title>\n<meta name=\"description\" content=\"La cha\u00eene Figaro (4mm, 50cm) offre un style intemporel et une grande flexibilit\u00e9. Ajustez la longueur et combinez-la avec un pendentif pour un look unique.\" \/>\n<meta name=\"robots\" content=\"index, follow, max-snippet:-1, max-image-preview:large, max-video-preview:-1\" \/>\n<link rel=\"canonical\" href=\"https:\/\/stemarly.com\/fr\/produkt\/chaine-figaro-4mm\/\" \/>\n<meta property=\"og:locale\" content=\"fr_FR\" \/>\n<meta property=\"og:type\" content=\"article\" \/>\n<meta property=\"og:title\" content=\"Cha\u00eene Figaro - 4mm - Stemarly\" \/>\n<meta property=\"og:description\" content=\"La cha\u00eene Figaro (4mm, 50cm) offre un style intemporel et une grande flexibilit\u00e9. Ajustez la longueur et combinez-la avec un pendentif pour un look unique.\" \/>\n<meta property=\"og:url\" content=\"https:\/\/stemarly.com\/fr\/produkt\/chaine-figaro-4mm\/\" \/>\n<meta property=\"og:site_name\" content=\"Stemarly\" \/>\n<meta property=\"article:modified_time\" content=\"2025-04-04T20:18:45+00:00\" \/>\n<meta property=\"og:image\" content=\"https:\/\/i0.wp.com\/stemarly.com\/wp-content\/uploads\/2025\/02\/Figaro-Chain-Front-hanging-scaled-scaled.jpg?fit=2560%2C2560&ssl=1\" \/>\n\t<meta property=\"og:image:width\" content=\"2560\" \/>\n\t<meta property=\"og:image:height\" content=\"2560\" \/>\n\t<meta property=\"og:image:type\" content=\"image\/jpeg\" \/>\n<meta name=\"twitter:card\" content=\"summary_large_image\" \/>\n<script type=\"application\/ld+json\" class=\"yoast-schema-graph\">{\"@context\":\"https:\\\/\\\/schema.org\",\"@graph\":[{\"@type\":\"WebPage\",\"@id\":\"https:\\\/\\\/stemarly.com\\\/fr\\\/produkt\\\/chaine-figaro-4mm\\\/\",\"url\":\"https:\\\/\\\/stemarly.com\\\/fr\\\/produkt\\\/chaine-figaro-4mm\\\/\",\"name\":\"Cha\u00eene Figaro - 4mm - Stemarly\",\"isPartOf\":{\"@id\":\"https:\\\/\\\/stemarly.com\\\/fr\\\/#website\"},\"primaryImageOfPage\":{\"@id\":\"https:\\\/\\\/stemarly.com\\\/fr\\\/produkt\\\/chaine-figaro-4mm\\\/#primaryimage\"},\"image\":{\"@id\":\"https:\\\/\\\/stemarly.com\\\/fr\\\/produkt\\\/chaine-figaro-4mm\\\/#primaryimage\"},\"thumbnailUrl\":\"https:\\\/\\\/i0.wp.com\\\/stemarly.com\\\/wp-content\\\/uploads\\\/2025\\\/02\\\/Figaro-Chain-Front-hanging-scaled-scaled.jpg?fit=2560%2C2560&ssl=1\",\"datePublished\":\"2024-09-20T18:21:28+00:00\",\"dateModified\":\"2025-04-04T20:18:45+00:00\",\"description\":\"La cha\u00eene Figaro (4mm, 50cm) offre un style intemporel et une grande flexibilit\u00e9. Ajustez la longueur et combinez-la avec un pendentif pour un look unique.\",\"breadcrumb\":{\"@id\":\"https:\\\/\\\/stemarly.com\\\/fr\\\/produkt\\\/chaine-figaro-4mm\\\/#breadcrumb\"},\"inLanguage\":\"fr-FR\",\"potentialAction\":[{\"@type\":\"ReadAction\",\"target\":[\"https:\\\/\\\/stemarly.com\\\/fr\\\/produkt\\\/chaine-figaro-4mm\\\/\"]}]},{\"@type\":\"ImageObject\",\"inLanguage\":\"fr-FR\",\"@id\":\"https:\\\/\\\/stemarly.com\\\/fr\\\/produkt\\\/chaine-figaro-4mm\\\/#primaryimage\",\"url\":\"https:\\\/\\\/i0.wp.com\\\/stemarly.com\\\/wp-content\\\/uploads\\\/2025\\\/02\\\/Figaro-Chain-Front-hanging-scaled-scaled.jpg?fit=2560%2C2560&ssl=1\",\"contentUrl\":\"https:\\\/\\\/i0.wp.com\\\/stemarly.com\\\/wp-content\\\/uploads\\\/2025\\\/02\\\/Figaro-Chain-Front-hanging-scaled-scaled.jpg?fit=2560%2C2560&ssl=1\",\"width\":2560,\"height\":2560,\"caption\":\"Vue de face de la cha\u00eene Figaro en acier inoxydable de 4 mm de large, qui tombe en maillons \u00e9l\u00e9gants et dont le design classique d\u00e9gage une beaut\u00e9 intemporelle.\"},{\"@type\":\"BreadcrumbList\",\"@id\":\"https:\\\/\\\/stemarly.com\\\/fr\\\/produkt\\\/chaine-figaro-4mm\\\/#breadcrumb\",\"itemListElement\":[{\"@type\":\"ListItem\",\"position\":1,\"name\":\"Startseite\",\"item\":\"https:\\\/\\\/stemarly.com\\\/fr\\\/\"},{\"@type\":\"ListItem\",\"position\":2,\"name\":\"Boutique\",\"item\":\"https:\\\/\\\/stemarly.com\\\/fr\\\/boutique\\\/\"},{\"@type\":\"ListItem\",\"position\":3,\"name\":\"Cha\u00eene Figaro &#8211; 4mm\"}]},{\"@type\":\"WebSite\",\"@id\":\"https:\\\/\\\/stemarly.com\\\/fr\\\/#website\",\"url\":\"https:\\\/\\\/stemarly.com\\\/fr\\\/\",\"name\":\"Stemarly\",\"description\":\"elegance to the very essence\",\"publisher\":{\"@id\":\"https:\\\/\\\/stemarly.com\\\/fr\\\/#organization\"},\"potentialAction\":[{\"@type\":\"SearchAction\",\"target\":{\"@type\":\"EntryPoint\",\"urlTemplate\":\"https:\\\/\\\/stemarly.com\\\/fr\\\/?s={search_term_string}\"},\"query-input\":{\"@type\":\"PropertyValueSpecification\",\"valueRequired\":true,\"valueName\":\"search_term_string\"}}],\"inLanguage\":\"fr-FR\"},{\"@type\":\"Organization\",\"@id\":\"https:\\\/\\\/stemarly.com\\\/fr\\\/#organization\",\"name\":\"Stemarly - Tammer Business\",\"url\":\"https:\\\/\\\/stemarly.com\\\/fr\\\/\",\"logo\":{\"@type\":\"ImageObject\",\"inLanguage\":\"fr-FR\",\"@id\":\"https:\\\/\\\/stemarly.com\\\/fr\\\/#\\\/schema\\\/logo\\\/image\\\/\",\"url\":\"https:\\\/\\\/i0.wp.com\\\/stemarly.com\\\/wp-content\\\/uploads\\\/2024\\\/01\\\/Logotype-schwarz-e1726514755119.png?fit=1750%2C300&ssl=1\",\"contentUrl\":\"https:\\\/\\\/i0.wp.com\\\/stemarly.com\\\/wp-content\\\/uploads\\\/2024\\\/01\\\/Logotype-schwarz-e1726514755119.png?fit=1750%2C300&ssl=1\",\"width\":1750,\"height\":300,\"caption\":\"Stemarly - Tammer Business\"},\"image\":{\"@id\":\"https:\\\/\\\/stemarly.com\\\/fr\\\/#\\\/schema\\\/logo\\\/image\\\/\"},\"sameAs\":[\"https:\\\/\\\/www.instagram.com\\\/stemarly.official\\\/\"]}]}<\/script>\n<!-- \/ Yoast SEO plugin. -->","yoast_head_json":{"title":"Cha\u00eene Figaro - 4mm - Stemarly","description":"La cha\u00eene Figaro (4mm, 50cm) offre un style intemporel et une grande flexibilit\u00e9. Ajustez la longueur et combinez-la avec un pendentif pour un look unique.","robots":{"index":"index","follow":"follow","max-snippet":"max-snippet:-1","max-image-preview":"max-image-preview:large","max-video-preview":"max-video-preview:-1"},"canonical":"https:\/\/stemarly.com\/fr\/produkt\/chaine-figaro-4mm\/","og_locale":"fr_FR","og_type":"article","og_title":"Cha\u00eene Figaro - 4mm - Stemarly","og_description":"La cha\u00eene Figaro (4mm, 50cm) offre un style intemporel et une grande flexibilit\u00e9. Ajustez la longueur et combinez-la avec un pendentif pour un look unique.","og_url":"https:\/\/stemarly.com\/fr\/produkt\/chaine-figaro-4mm\/","og_site_name":"Stemarly","article_modified_time":"2025-04-04T20:18:45+00:00","og_image":[{"width":2560,"height":2560,"url":"https:\/\/i0.wp.com\/stemarly.com\/wp-content\/uploads\/2025\/02\/Figaro-Chain-Front-hanging-scaled-scaled.jpg?fit=2560%2C2560&ssl=1","type":"image\/jpeg"}],"twitter_card":"summary_large_image","schema":{"@context":"https:\/\/schema.org","@graph":[{"@type":"WebPage","@id":"https:\/\/stemarly.com\/fr\/produkt\/chaine-figaro-4mm\/","url":"https:\/\/stemarly.com\/fr\/produkt\/chaine-figaro-4mm\/","name":"Cha\u00eene Figaro - 4mm - Stemarly","isPartOf":{"@id":"https:\/\/stemarly.com\/fr\/#website"},"primaryImageOfPage":{"@id":"https:\/\/stemarly.com\/fr\/produkt\/chaine-figaro-4mm\/#primaryimage"},"image":{"@id":"https:\/\/stemarly.com\/fr\/produkt\/chaine-figaro-4mm\/#primaryimage"},"thumbnailUrl":"https:\/\/i0.wp.com\/stemarly.com\/wp-content\/uploads\/2025\/02\/Figaro-Chain-Front-hanging-scaled-scaled.jpg?fit=2560%2C2560&ssl=1","datePublished":"2024-09-20T18:21:28+00:00","dateModified":"2025-04-04T20:18:45+00:00","description":"La cha\u00eene Figaro (4mm, 50cm) offre un style intemporel et une grande flexibilit\u00e9. Ajustez la longueur et combinez-la avec un pendentif pour un look unique.","breadcrumb":{"@id":"https:\/\/stemarly.com\/fr\/produkt\/chaine-figaro-4mm\/#breadcrumb"},"inLanguage":"fr-FR","potentialAction":[{"@type":"ReadAction","target":["https:\/\/stemarly.com\/fr\/produkt\/chaine-figaro-4mm\/"]}]},{"@type":"ImageObject","inLanguage":"fr-FR","@id":"https:\/\/stemarly.com\/fr\/produkt\/chaine-figaro-4mm\/#primaryimage","url":"https:\/\/i0.wp.com\/stemarly.com\/wp-content\/uploads\/2025\/02\/Figaro-Chain-Front-hanging-scaled-scaled.jpg?fit=2560%2C2560&ssl=1","contentUrl":"https:\/\/i0.wp.com\/stemarly.com\/wp-content\/uploads\/2025\/02\/Figaro-Chain-Front-hanging-scaled-scaled.jpg?fit=2560%2C2560&ssl=1","width":2560,"height":2560,"caption":"Vue de face de la cha\u00eene Figaro en acier inoxydable de 4 mm de large, qui tombe en maillons \u00e9l\u00e9gants et dont le design classique d\u00e9gage une beaut\u00e9 intemporelle."},{"@type":"BreadcrumbList","@id":"https:\/\/stemarly.com\/fr\/produkt\/chaine-figaro-4mm\/#breadcrumb","itemListElement":[{"@type":"ListItem","position":1,"name":"Startseite","item":"https:\/\/stemarly.com\/fr\/"},{"@type":"ListItem","position":2,"name":"Boutique","item":"https:\/\/stemarly.com\/fr\/boutique\/"},{"@type":"ListItem","position":3,"name":"Cha\u00eene Figaro &#8211; 4mm"}]},{"@type":"WebSite","@id":"https:\/\/stemarly.com\/fr\/#website","url":"https:\/\/stemarly.com\/fr\/","name":"Stemarly","description":"elegance to the very essence","publisher":{"@id":"https:\/\/stemarly.com\/fr\/#organization"},"potentialAction":[{"@type":"SearchAction","target":{"@type":"EntryPoint","urlTemplate":"https:\/\/stemarly.com\/fr\/?s={search_term_string}"},"query-input":{"@type":"PropertyValueSpecification","valueRequired":true,"valueName":"search_term_string"}}],"inLanguage":"fr-FR"},{"@type":"Organization","@id":"https:\/\/stemarly.com\/fr\/#organization","name":"Stemarly - Tammer Business","url":"https:\/\/stemarly.com\/fr\/","logo":{"@type":"ImageObject","inLanguage":"fr-FR","@id":"https:\/\/stemarly.com\/fr\/#\/schema\/logo\/image\/","url":"https:\/\/i0.wp.com\/stemarly.com\/wp-content\/uploads\/2024\/01\/Logotype-schwarz-e1726514755119.png?fit=1750%2C300&ssl=1","contentUrl":"https:\/\/i0.wp.com\/stemarly.com\/wp-content\/uploads\/2024\/01\/Logotype-schwarz-e1726514755119.png?fit=1750%2C300&ssl=1","width":1750,"height":300,"caption":"Stemarly - Tammer Business"},"image":{"@id":"https:\/\/stemarly.com\/fr\/#\/schema\/logo\/image\/"},"sameAs":["https:\/\/www.instagram.com\/stemarly.official\/"]}]}},"jetpack_sharing_enabled":true,"_links":{"self":[{"href":"https:\/\/stemarly.com\/fr\/wp-json\/wp\/v2\/product\/5175","targetHints":{"allow":["GET"]}}],"collection":[{"href":"https:\/\/stemarly.com\/fr\/wp-json\/wp\/v2\/product"}],"about":[{"href":"https:\/\/stemarly.com\/fr\/wp-json\/wp\/v2\/types\/product"}],"replies":[{"embeddable":true,"href":"https:\/\/stemarly.com\/fr\/wp-json\/wp\/v2\/comments?post=5175"}],"version-history":[{"count":1,"href":"https:\/\/stemarly.com\/fr\/wp-json\/wp\/v2\/product\/5175\/revisions"}],"predecessor-version":[{"id":5387,"href":"https:\/\/stemarly.com\/fr\/wp-json\/wp\/v2\/product\/5175\/revisions\/5387"}],"wp:featuredmedia":[{"embeddable":true,"href":"https:\/\/stemarly.com\/fr\/wp-json\/wp\/v2\/media\/4930"}],"wp:attachment":[{"href":"https:\/\/stemarly.com\/fr\/wp-json\/wp\/v2\/media?parent=5175"}],"wp:term":[{"taxonomy":"product_brand","embeddable":true,"href":"https:\/\/stemarly.com\/fr\/wp-json\/wp\/v2\/product_brand?post=5175"},{"taxonomy":"product_cat","embeddable":true,"href":"https:\/\/stemarly.com\/fr\/wp-json\/wp\/v2\/product_cat?post=5175"},{"taxonomy":"product_tag","embeddable":true,"href":"https:\/\/stemarly.com\/fr\/wp-json\/wp\/v2\/product_tag?post=5175"}],"curies":[{"name":"wp","href":"https:\/\/api.w.org\/{rel}","templated":true}]}}