{"id":5176,"date":"2024-09-19T20:40:11","date_gmt":"2024-09-19T18:40:11","guid":{"rendered":"https:\/\/stemarly.com\/produkt\/chaine-cubaine-8mm\/"},"modified":"2025-04-04T22:19:45","modified_gmt":"2025-04-04T20:19:45","slug":"chaine-cubaine-8mm","status":"publish","type":"product","link":"https:\/\/stemarly.com\/fr\/produkt\/chaine-cubaine-8mm\/","title":{"rendered":"Cha\u00eene cubaine &#8211; 8mm"},"content":{"rendered":"<p>Notre cha\u00eene Cuban de 8 mm de large et 50 cm de long combine un style classique et une qualit\u00e9 robuste. La cha\u00eene en acier inoxydable de haute qualit\u00e9 s\u00e9duit par son design marquant. Il ajoute une touche moderne et \u00e9l\u00e9gante \u00e0 tous les looks &#8211; parfait pour toutes les occasions. Combinez-la avec la <a href=\"https:\/\/stemarly.com\/es\/produkt\/cadena-figaro-4mm\/\">cha\u00eene Figaro<\/a> pour encore plus de flexibilit\u00e9.   <\/p>\n","protected":false},"excerpt":{"rendered":"<p>Notre cha\u00eene Cuban de 8 mm de large et 50 cm de long combine un style classique et une qualit\u00e9 robuste. La cha\u00eene en acier inoxydable de haute qualit\u00e9 s\u00e9duit par son design marquant. Il ajoute une touche moderne et \u00e9l\u00e9gante \u00e0 tous les looks &#8211; parfait pour toutes les occasions. Combinez-la avec la cha\u00eene [&hellip;]<\/p>\n","protected":false},"featured_media":4925,"comment_status":"open","ping_status":"closed","template":"","meta":[],"product_brand":[],"product_cat":[267],"product_tag":[272,274,275,111,268,269,270,110],"class_list":{"0":"post-5176","1":"product","2":"type-product","3":"status-publish","4":"has-post-thumbnail","6":"product_cat-chaines-2","7":"product_tag-500mm-fr","8":"product_tag-50cm-fr","9":"product_tag-8mm-fr","10":"product_tag-argent","11":"product_tag-chaine","12":"product_tag-chaine-fr","13":"product_tag-chaine-cubaine","14":"product_tag-silver-fr","16":"first","17":"instock","18":"purchasable","19":"product-type-simple"},"yoast_head":"<!-- This site is optimized with the Yoast SEO plugin v27.4 - https:\/\/yoast.com\/product\/yoast-seo-wordpress\/ -->\n<title>Cha\u00eene cubaine - 8mm - Stemarly<\/title>\n<meta name=\"description\" content=\"La cha\u00eene Cuban de 8 mm de large (50 cm) combine un style classique et une qualit\u00e9 robuste. Son design distinctif ajoute une touche moderne et \u00e9l\u00e9gante \u00e0 votre look.\" \/>\n<meta name=\"robots\" content=\"index, follow, max-snippet:-1, max-image-preview:large, max-video-preview:-1\" \/>\n<link rel=\"canonical\" href=\"https:\/\/stemarly.com\/fr\/produkt\/chaine-cubaine-8mm\/\" \/>\n<meta property=\"og:locale\" content=\"fr_FR\" \/>\n<meta property=\"og:type\" content=\"article\" \/>\n<meta property=\"og:title\" content=\"Cha\u00eene cubaine - 8mm - Stemarly\" \/>\n<meta property=\"og:description\" content=\"La cha\u00eene Cuban de 8 mm de large (50 cm) combine un style classique et une qualit\u00e9 robuste. Son design distinctif ajoute une touche moderne et \u00e9l\u00e9gante \u00e0 votre look.\" \/>\n<meta property=\"og:url\" content=\"https:\/\/stemarly.com\/fr\/produkt\/chaine-cubaine-8mm\/\" \/>\n<meta property=\"og:site_name\" content=\"Stemarly\" \/>\n<meta property=\"article:modified_time\" content=\"2025-04-04T20:19:45+00:00\" \/>\n<meta property=\"og:image\" content=\"https:\/\/i0.wp.com\/stemarly.com\/wp-content\/uploads\/2025\/02\/Cuban-Chain-Front-hanging-scaled-scaled.jpg?fit=2560%2C2560&ssl=1\" \/>\n\t<meta property=\"og:image:width\" content=\"2560\" \/>\n\t<meta property=\"og:image:height\" content=\"2560\" \/>\n\t<meta property=\"og:image:type\" content=\"image\/jpeg\" \/>\n<meta name=\"twitter:card\" content=\"summary_large_image\" \/>\n<script type=\"application\/ld+json\" class=\"yoast-schema-graph\">{\"@context\":\"https:\\\/\\\/schema.org\",\"@graph\":[{\"@type\":\"WebPage\",\"@id\":\"https:\\\/\\\/stemarly.com\\\/fr\\\/produkt\\\/chaine-cubaine-8mm\\\/\",\"url\":\"https:\\\/\\\/stemarly.com\\\/fr\\\/produkt\\\/chaine-cubaine-8mm\\\/\",\"name\":\"Cha\u00eene cubaine - 8mm - Stemarly\",\"isPartOf\":{\"@id\":\"https:\\\/\\\/stemarly.com\\\/fr\\\/#website\"},\"primaryImageOfPage\":{\"@id\":\"https:\\\/\\\/stemarly.com\\\/fr\\\/produkt\\\/chaine-cubaine-8mm\\\/#primaryimage\"},\"image\":{\"@id\":\"https:\\\/\\\/stemarly.com\\\/fr\\\/produkt\\\/chaine-cubaine-8mm\\\/#primaryimage\"},\"thumbnailUrl\":\"https:\\\/\\\/i0.wp.com\\\/stemarly.com\\\/wp-content\\\/uploads\\\/2025\\\/02\\\/Cuban-Chain-Front-hanging-scaled-scaled.jpg?fit=2560%2C2560&ssl=1\",\"datePublished\":\"2024-09-19T18:40:11+00:00\",\"dateModified\":\"2025-04-04T20:19:45+00:00\",\"description\":\"La cha\u00eene Cuban de 8 mm de large (50 cm) combine un style classique et une qualit\u00e9 robuste. Son design distinctif ajoute une touche moderne et \u00e9l\u00e9gante \u00e0 votre look.\",\"breadcrumb\":{\"@id\":\"https:\\\/\\\/stemarly.com\\\/fr\\\/produkt\\\/chaine-cubaine-8mm\\\/#breadcrumb\"},\"inLanguage\":\"fr-FR\",\"potentialAction\":[{\"@type\":\"ReadAction\",\"target\":[\"https:\\\/\\\/stemarly.com\\\/fr\\\/produkt\\\/chaine-cubaine-8mm\\\/\"]}]},{\"@type\":\"ImageObject\",\"inLanguage\":\"fr-FR\",\"@id\":\"https:\\\/\\\/stemarly.com\\\/fr\\\/produkt\\\/chaine-cubaine-8mm\\\/#primaryimage\",\"url\":\"https:\\\/\\\/i0.wp.com\\\/stemarly.com\\\/wp-content\\\/uploads\\\/2025\\\/02\\\/Cuban-Chain-Front-hanging-scaled-scaled.jpg?fit=2560%2C2560&ssl=1\",\"contentUrl\":\"https:\\\/\\\/i0.wp.com\\\/stemarly.com\\\/wp-content\\\/uploads\\\/2025\\\/02\\\/Cuban-Chain-Front-hanging-scaled-scaled.jpg?fit=2560%2C2560&ssl=1\",\"width\":2560,\"height\":2560,\"caption\":\"Vue de face de la cha\u00eene Cuban en acier inoxydable de 8 mm de large. Son design distinctif et sa qualit\u00e9 robuste lui conf\u00e8rent un look accrocheur.\"},{\"@type\":\"BreadcrumbList\",\"@id\":\"https:\\\/\\\/stemarly.com\\\/fr\\\/produkt\\\/chaine-cubaine-8mm\\\/#breadcrumb\",\"itemListElement\":[{\"@type\":\"ListItem\",\"position\":1,\"name\":\"Startseite\",\"item\":\"https:\\\/\\\/stemarly.com\\\/fr\\\/\"},{\"@type\":\"ListItem\",\"position\":2,\"name\":\"Boutique\",\"item\":\"https:\\\/\\\/stemarly.com\\\/fr\\\/boutique\\\/\"},{\"@type\":\"ListItem\",\"position\":3,\"name\":\"Cha\u00eene cubaine &#8211; 8mm\"}]},{\"@type\":\"WebSite\",\"@id\":\"https:\\\/\\\/stemarly.com\\\/fr\\\/#website\",\"url\":\"https:\\\/\\\/stemarly.com\\\/fr\\\/\",\"name\":\"Stemarly\",\"description\":\"elegance to the very essence\",\"publisher\":{\"@id\":\"https:\\\/\\\/stemarly.com\\\/fr\\\/#organization\"},\"potentialAction\":[{\"@type\":\"SearchAction\",\"target\":{\"@type\":\"EntryPoint\",\"urlTemplate\":\"https:\\\/\\\/stemarly.com\\\/fr\\\/?s={search_term_string}\"},\"query-input\":{\"@type\":\"PropertyValueSpecification\",\"valueRequired\":true,\"valueName\":\"search_term_string\"}}],\"inLanguage\":\"fr-FR\"},{\"@type\":\"Organization\",\"@id\":\"https:\\\/\\\/stemarly.com\\\/fr\\\/#organization\",\"name\":\"Stemarly - Tammer Business\",\"url\":\"https:\\\/\\\/stemarly.com\\\/fr\\\/\",\"logo\":{\"@type\":\"ImageObject\",\"inLanguage\":\"fr-FR\",\"@id\":\"https:\\\/\\\/stemarly.com\\\/fr\\\/#\\\/schema\\\/logo\\\/image\\\/\",\"url\":\"https:\\\/\\\/i0.wp.com\\\/stemarly.com\\\/wp-content\\\/uploads\\\/2024\\\/01\\\/Logotype-schwarz-e1726514755119.png?fit=1750%2C300&ssl=1\",\"contentUrl\":\"https:\\\/\\\/i0.wp.com\\\/stemarly.com\\\/wp-content\\\/uploads\\\/2024\\\/01\\\/Logotype-schwarz-e1726514755119.png?fit=1750%2C300&ssl=1\",\"width\":1750,\"height\":300,\"caption\":\"Stemarly - Tammer Business\"},\"image\":{\"@id\":\"https:\\\/\\\/stemarly.com\\\/fr\\\/#\\\/schema\\\/logo\\\/image\\\/\"},\"sameAs\":[\"https:\\\/\\\/www.instagram.com\\\/stemarly.official\\\/\"]}]}<\/script>\n<!-- \/ Yoast SEO plugin. -->","yoast_head_json":{"title":"Cha\u00eene cubaine - 8mm - Stemarly","description":"La cha\u00eene Cuban de 8 mm de large (50 cm) combine un style classique et une qualit\u00e9 robuste. Son design distinctif ajoute une touche moderne et \u00e9l\u00e9gante \u00e0 votre look.","robots":{"index":"index","follow":"follow","max-snippet":"max-snippet:-1","max-image-preview":"max-image-preview:large","max-video-preview":"max-video-preview:-1"},"canonical":"https:\/\/stemarly.com\/fr\/produkt\/chaine-cubaine-8mm\/","og_locale":"fr_FR","og_type":"article","og_title":"Cha\u00eene cubaine - 8mm - Stemarly","og_description":"La cha\u00eene Cuban de 8 mm de large (50 cm) combine un style classique et une qualit\u00e9 robuste. Son design distinctif ajoute une touche moderne et \u00e9l\u00e9gante \u00e0 votre look.","og_url":"https:\/\/stemarly.com\/fr\/produkt\/chaine-cubaine-8mm\/","og_site_name":"Stemarly","article_modified_time":"2025-04-04T20:19:45+00:00","og_image":[{"width":2560,"height":2560,"url":"https:\/\/i0.wp.com\/stemarly.com\/wp-content\/uploads\/2025\/02\/Cuban-Chain-Front-hanging-scaled-scaled.jpg?fit=2560%2C2560&ssl=1","type":"image\/jpeg"}],"twitter_card":"summary_large_image","schema":{"@context":"https:\/\/schema.org","@graph":[{"@type":"WebPage","@id":"https:\/\/stemarly.com\/fr\/produkt\/chaine-cubaine-8mm\/","url":"https:\/\/stemarly.com\/fr\/produkt\/chaine-cubaine-8mm\/","name":"Cha\u00eene cubaine - 8mm - Stemarly","isPartOf":{"@id":"https:\/\/stemarly.com\/fr\/#website"},"primaryImageOfPage":{"@id":"https:\/\/stemarly.com\/fr\/produkt\/chaine-cubaine-8mm\/#primaryimage"},"image":{"@id":"https:\/\/stemarly.com\/fr\/produkt\/chaine-cubaine-8mm\/#primaryimage"},"thumbnailUrl":"https:\/\/i0.wp.com\/stemarly.com\/wp-content\/uploads\/2025\/02\/Cuban-Chain-Front-hanging-scaled-scaled.jpg?fit=2560%2C2560&ssl=1","datePublished":"2024-09-19T18:40:11+00:00","dateModified":"2025-04-04T20:19:45+00:00","description":"La cha\u00eene Cuban de 8 mm de large (50 cm) combine un style classique et une qualit\u00e9 robuste. Son design distinctif ajoute une touche moderne et \u00e9l\u00e9gante \u00e0 votre look.","breadcrumb":{"@id":"https:\/\/stemarly.com\/fr\/produkt\/chaine-cubaine-8mm\/#breadcrumb"},"inLanguage":"fr-FR","potentialAction":[{"@type":"ReadAction","target":["https:\/\/stemarly.com\/fr\/produkt\/chaine-cubaine-8mm\/"]}]},{"@type":"ImageObject","inLanguage":"fr-FR","@id":"https:\/\/stemarly.com\/fr\/produkt\/chaine-cubaine-8mm\/#primaryimage","url":"https:\/\/i0.wp.com\/stemarly.com\/wp-content\/uploads\/2025\/02\/Cuban-Chain-Front-hanging-scaled-scaled.jpg?fit=2560%2C2560&ssl=1","contentUrl":"https:\/\/i0.wp.com\/stemarly.com\/wp-content\/uploads\/2025\/02\/Cuban-Chain-Front-hanging-scaled-scaled.jpg?fit=2560%2C2560&ssl=1","width":2560,"height":2560,"caption":"Vue de face de la cha\u00eene Cuban en acier inoxydable de 8 mm de large. Son design distinctif et sa qualit\u00e9 robuste lui conf\u00e8rent un look accrocheur."},{"@type":"BreadcrumbList","@id":"https:\/\/stemarly.com\/fr\/produkt\/chaine-cubaine-8mm\/#breadcrumb","itemListElement":[{"@type":"ListItem","position":1,"name":"Startseite","item":"https:\/\/stemarly.com\/fr\/"},{"@type":"ListItem","position":2,"name":"Boutique","item":"https:\/\/stemarly.com\/fr\/boutique\/"},{"@type":"ListItem","position":3,"name":"Cha\u00eene cubaine &#8211; 8mm"}]},{"@type":"WebSite","@id":"https:\/\/stemarly.com\/fr\/#website","url":"https:\/\/stemarly.com\/fr\/","name":"Stemarly","description":"elegance to the very essence","publisher":{"@id":"https:\/\/stemarly.com\/fr\/#organization"},"potentialAction":[{"@type":"SearchAction","target":{"@type":"EntryPoint","urlTemplate":"https:\/\/stemarly.com\/fr\/?s={search_term_string}"},"query-input":{"@type":"PropertyValueSpecification","valueRequired":true,"valueName":"search_term_string"}}],"inLanguage":"fr-FR"},{"@type":"Organization","@id":"https:\/\/stemarly.com\/fr\/#organization","name":"Stemarly - Tammer Business","url":"https:\/\/stemarly.com\/fr\/","logo":{"@type":"ImageObject","inLanguage":"fr-FR","@id":"https:\/\/stemarly.com\/fr\/#\/schema\/logo\/image\/","url":"https:\/\/i0.wp.com\/stemarly.com\/wp-content\/uploads\/2024\/01\/Logotype-schwarz-e1726514755119.png?fit=1750%2C300&ssl=1","contentUrl":"https:\/\/i0.wp.com\/stemarly.com\/wp-content\/uploads\/2024\/01\/Logotype-schwarz-e1726514755119.png?fit=1750%2C300&ssl=1","width":1750,"height":300,"caption":"Stemarly - Tammer Business"},"image":{"@id":"https:\/\/stemarly.com\/fr\/#\/schema\/logo\/image\/"},"sameAs":["https:\/\/www.instagram.com\/stemarly.official\/"]}]}},"jetpack_sharing_enabled":true,"_links":{"self":[{"href":"https:\/\/stemarly.com\/fr\/wp-json\/wp\/v2\/product\/5176","targetHints":{"allow":["GET"]}}],"collection":[{"href":"https:\/\/stemarly.com\/fr\/wp-json\/wp\/v2\/product"}],"about":[{"href":"https:\/\/stemarly.com\/fr\/wp-json\/wp\/v2\/types\/product"}],"replies":[{"embeddable":true,"href":"https:\/\/stemarly.com\/fr\/wp-json\/wp\/v2\/comments?post=5176"}],"version-history":[{"count":1,"href":"https:\/\/stemarly.com\/fr\/wp-json\/wp\/v2\/product\/5176\/revisions"}],"predecessor-version":[{"id":5404,"href":"https:\/\/stemarly.com\/fr\/wp-json\/wp\/v2\/product\/5176\/revisions\/5404"}],"wp:featuredmedia":[{"embeddable":true,"href":"https:\/\/stemarly.com\/fr\/wp-json\/wp\/v2\/media\/4925"}],"wp:attachment":[{"href":"https:\/\/stemarly.com\/fr\/wp-json\/wp\/v2\/media?parent=5176"}],"wp:term":[{"taxonomy":"product_brand","embeddable":true,"href":"https:\/\/stemarly.com\/fr\/wp-json\/wp\/v2\/product_brand?post=5176"},{"taxonomy":"product_cat","embeddable":true,"href":"https:\/\/stemarly.com\/fr\/wp-json\/wp\/v2\/product_cat?post=5176"},{"taxonomy":"product_tag","embeddable":true,"href":"https:\/\/stemarly.com\/fr\/wp-json\/wp\/v2\/product_tag?post=5176"}],"curies":[{"name":"wp","href":"https:\/\/api.w.org\/{rel}","templated":true}]}}