{"id":5157,"date":"2024-09-20T20:31:52","date_gmt":"2024-09-20T18:31:52","guid":{"rendered":"https:\/\/stemarly.com\/produkt\/ciondolo-ad-ala\/"},"modified":"2025-04-04T22:17:23","modified_gmt":"2025-04-04T20:17:23","slug":"ciondolo-ad-ala","status":"publish","type":"product","link":"https:\/\/stemarly.com\/it\/produkt\/ciondolo-ad-ala\/","title":{"rendered":"Ciondolo ad ala"},"content":{"rendered":"<p>Questo delicato ciondolo ad ala simboleggia libert\u00e0 e leggerezza. La finitura in acciaio inossidabile di alta qualit\u00e0 garantisce una qualit\u00e0 duratura. Abbinalo alla Catena Figaro o al Bracciale Figaro per creare un set di gioielli espressivo. Si abbina perfettamente alla nostra <a href=\"https:\/\/stemarly.com\/es\/produkt\/cadena-figaro-4mm\/\">Catena Figaro &#8211; 4 mm<\/a> e completa il tuo abbigliamento con un look moderno ed elegante.   <\/p>\n","protected":false},"excerpt":{"rendered":"<p>Questo delicato ciondolo ad ala simboleggia libert\u00e0 e leggerezza. La finitura in acciaio inossidabile di alta qualit\u00e0 garantisce una qualit\u00e0 duratura. Abbinalo alla Catena Figaro o al Bracciale Figaro per creare un set di gioielli espressivo. Si abbina perfettamente alla nostra Catena Figaro &#8211; 4 mm e completa il tuo abbigliamento con un look moderno [&hellip;]<\/p>\n","protected":false},"featured_media":4901,"comment_status":"open","ping_status":"closed","template":"","meta":[],"product_brand":[],"product_cat":[190],"product_tag":[223,224,100,101,192,191],"class_list":{"0":"post-5157","1":"product","2":"type-product","3":"status-publish","4":"has-post-thumbnail","6":"product_cat-rimorchio","7":"product_tag-ala","8":"product_tag-ali","9":"product_tag-argento","10":"product_tag-argento-it","11":"product_tag-ciondolo","12":"product_tag-rimorchio","14":"first","15":"instock","16":"purchasable","17":"product-type-simple"},"yoast_head":"<!-- This site is optimized with the Yoast SEO plugin v27.4 - https:\/\/yoast.com\/product\/yoast-seo-wordpress\/ -->\n<title>Ciondolo ad ala - Stemarly<\/title>\n<meta name=\"description\" content=\"Ciondolo ad ala in filigrana realizzato in acciaio inossidabile, simboleggia la libert\u00e0. Ideale da abbinare alla Catena Figaro o al Bracciale Figaro per un look elegante.\" \/>\n<meta name=\"robots\" content=\"index, follow, max-snippet:-1, max-image-preview:large, max-video-preview:-1\" \/>\n<link rel=\"canonical\" href=\"https:\/\/stemarly.com\/it\/produkt\/ciondolo-ad-ala\/\" \/>\n<meta property=\"og:locale\" content=\"it_IT\" \/>\n<meta property=\"og:type\" content=\"article\" \/>\n<meta property=\"og:title\" content=\"Ciondolo ad ala - Stemarly\" \/>\n<meta property=\"og:description\" content=\"Ciondolo ad ala in filigrana realizzato in acciaio inossidabile, simboleggia la libert\u00e0. Ideale da abbinare alla Catena Figaro o al Bracciale Figaro per un look elegante.\" \/>\n<meta property=\"og:url\" content=\"https:\/\/stemarly.com\/it\/produkt\/ciondolo-ad-ala\/\" \/>\n<meta property=\"og:site_name\" content=\"Stemarly\" \/>\n<meta property=\"article:modified_time\" content=\"2025-04-04T20:17:23+00:00\" \/>\n<meta property=\"og:image\" content=\"https:\/\/i0.wp.com\/stemarly.com\/wp-content\/uploads\/2025\/02\/Wing-Pendant-Side-view-scaled.jpg?fit=2560%2C2560&ssl=1\" \/>\n\t<meta property=\"og:image:width\" content=\"2560\" \/>\n\t<meta property=\"og:image:height\" content=\"2560\" \/>\n\t<meta property=\"og:image:type\" content=\"image\/jpeg\" \/>\n<meta name=\"twitter:card\" content=\"summary_large_image\" \/>\n<script type=\"application\/ld+json\" class=\"yoast-schema-graph\">{\"@context\":\"https:\\\/\\\/schema.org\",\"@graph\":[{\"@type\":\"WebPage\",\"@id\":\"https:\\\/\\\/stemarly.com\\\/it\\\/produkt\\\/ciondolo-ad-ala\\\/\",\"url\":\"https:\\\/\\\/stemarly.com\\\/it\\\/produkt\\\/ciondolo-ad-ala\\\/\",\"name\":\"Ciondolo ad ala - Stemarly\",\"isPartOf\":{\"@id\":\"https:\\\/\\\/stemarly.com\\\/it\\\/#website\"},\"primaryImageOfPage\":{\"@id\":\"https:\\\/\\\/stemarly.com\\\/it\\\/produkt\\\/ciondolo-ad-ala\\\/#primaryimage\"},\"image\":{\"@id\":\"https:\\\/\\\/stemarly.com\\\/it\\\/produkt\\\/ciondolo-ad-ala\\\/#primaryimage\"},\"thumbnailUrl\":\"https:\\\/\\\/i0.wp.com\\\/stemarly.com\\\/wp-content\\\/uploads\\\/2025\\\/02\\\/Wing-Pendant-Side-view-scaled.jpg?fit=2560%2C2560&ssl=1\",\"datePublished\":\"2024-09-20T18:31:52+00:00\",\"dateModified\":\"2025-04-04T20:17:23+00:00\",\"description\":\"Ciondolo ad ala in filigrana realizzato in acciaio inossidabile, simboleggia la libert\u00e0. Ideale da abbinare alla Catena Figaro o al Bracciale Figaro per un look elegante.\",\"breadcrumb\":{\"@id\":\"https:\\\/\\\/stemarly.com\\\/it\\\/produkt\\\/ciondolo-ad-ala\\\/#breadcrumb\"},\"inLanguage\":\"it-IT\",\"potentialAction\":[{\"@type\":\"ReadAction\",\"target\":[\"https:\\\/\\\/stemarly.com\\\/it\\\/produkt\\\/ciondolo-ad-ala\\\/\"]}]},{\"@type\":\"ImageObject\",\"inLanguage\":\"it-IT\",\"@id\":\"https:\\\/\\\/stemarly.com\\\/it\\\/produkt\\\/ciondolo-ad-ala\\\/#primaryimage\",\"url\":\"https:\\\/\\\/i0.wp.com\\\/stemarly.com\\\/wp-content\\\/uploads\\\/2025\\\/02\\\/Wing-Pendant-Side-view-scaled.jpg?fit=2560%2C2560&ssl=1\",\"contentUrl\":\"https:\\\/\\\/i0.wp.com\\\/stemarly.com\\\/wp-content\\\/uploads\\\/2025\\\/02\\\/Wing-Pendant-Side-view-scaled.jpg?fit=2560%2C2560&ssl=1\",\"width\":2560,\"height\":2560,\"caption\":\"Primo piano del ciondolo ad ala in acciaio inossidabile filigranato con lavorazione precisa che simboleggia libert\u00e0 e leggerezza.\"},{\"@type\":\"BreadcrumbList\",\"@id\":\"https:\\\/\\\/stemarly.com\\\/it\\\/produkt\\\/ciondolo-ad-ala\\\/#breadcrumb\",\"itemListElement\":[{\"@type\":\"ListItem\",\"position\":1,\"name\":\"Sito iniziale\",\"item\":\"https:\\\/\\\/stemarly.com\\\/it\\\/\"},{\"@type\":\"ListItem\",\"position\":2,\"name\":\"Negozio\",\"item\":\"https:\\\/\\\/stemarly.com\\\/it\\\/negozio\\\/\"},{\"@type\":\"ListItem\",\"position\":3,\"name\":\"Ciondolo ad ala\"}]},{\"@type\":\"WebSite\",\"@id\":\"https:\\\/\\\/stemarly.com\\\/it\\\/#website\",\"url\":\"https:\\\/\\\/stemarly.com\\\/it\\\/\",\"name\":\"Stemarly\",\"description\":\"elegance to the very essence\",\"publisher\":{\"@id\":\"https:\\\/\\\/stemarly.com\\\/it\\\/#organization\"},\"potentialAction\":[{\"@type\":\"SearchAction\",\"target\":{\"@type\":\"EntryPoint\",\"urlTemplate\":\"https:\\\/\\\/stemarly.com\\\/it\\\/?s={search_term_string}\"},\"query-input\":{\"@type\":\"PropertyValueSpecification\",\"valueRequired\":true,\"valueName\":\"search_term_string\"}}],\"inLanguage\":\"it-IT\"},{\"@type\":\"Organization\",\"@id\":\"https:\\\/\\\/stemarly.com\\\/it\\\/#organization\",\"name\":\"Stemarly - Tammer Business\",\"url\":\"https:\\\/\\\/stemarly.com\\\/it\\\/\",\"logo\":{\"@type\":\"ImageObject\",\"inLanguage\":\"it-IT\",\"@id\":\"https:\\\/\\\/stemarly.com\\\/it\\\/#\\\/schema\\\/logo\\\/image\\\/\",\"url\":\"https:\\\/\\\/i0.wp.com\\\/stemarly.com\\\/wp-content\\\/uploads\\\/2024\\\/01\\\/Logotype-schwarz-e1726514755119.png?fit=1750%2C300&ssl=1\",\"contentUrl\":\"https:\\\/\\\/i0.wp.com\\\/stemarly.com\\\/wp-content\\\/uploads\\\/2024\\\/01\\\/Logotype-schwarz-e1726514755119.png?fit=1750%2C300&ssl=1\",\"width\":1750,\"height\":300,\"caption\":\"Stemarly - Tammer Business\"},\"image\":{\"@id\":\"https:\\\/\\\/stemarly.com\\\/it\\\/#\\\/schema\\\/logo\\\/image\\\/\"},\"sameAs\":[\"https:\\\/\\\/www.instagram.com\\\/stemarly.official\\\/\"]}]}<\/script>\n<!-- \/ Yoast SEO plugin. -->","yoast_head_json":{"title":"Ciondolo ad ala - Stemarly","description":"Ciondolo ad ala in filigrana realizzato in acciaio inossidabile, simboleggia la libert\u00e0. Ideale da abbinare alla Catena Figaro o al Bracciale Figaro per un look elegante.","robots":{"index":"index","follow":"follow","max-snippet":"max-snippet:-1","max-image-preview":"max-image-preview:large","max-video-preview":"max-video-preview:-1"},"canonical":"https:\/\/stemarly.com\/it\/produkt\/ciondolo-ad-ala\/","og_locale":"it_IT","og_type":"article","og_title":"Ciondolo ad ala - Stemarly","og_description":"Ciondolo ad ala in filigrana realizzato in acciaio inossidabile, simboleggia la libert\u00e0. Ideale da abbinare alla Catena Figaro o al Bracciale Figaro per un look elegante.","og_url":"https:\/\/stemarly.com\/it\/produkt\/ciondolo-ad-ala\/","og_site_name":"Stemarly","article_modified_time":"2025-04-04T20:17:23+00:00","og_image":[{"width":2560,"height":2560,"url":"https:\/\/i0.wp.com\/stemarly.com\/wp-content\/uploads\/2025\/02\/Wing-Pendant-Side-view-scaled.jpg?fit=2560%2C2560&ssl=1","type":"image\/jpeg"}],"twitter_card":"summary_large_image","schema":{"@context":"https:\/\/schema.org","@graph":[{"@type":"WebPage","@id":"https:\/\/stemarly.com\/it\/produkt\/ciondolo-ad-ala\/","url":"https:\/\/stemarly.com\/it\/produkt\/ciondolo-ad-ala\/","name":"Ciondolo ad ala - Stemarly","isPartOf":{"@id":"https:\/\/stemarly.com\/it\/#website"},"primaryImageOfPage":{"@id":"https:\/\/stemarly.com\/it\/produkt\/ciondolo-ad-ala\/#primaryimage"},"image":{"@id":"https:\/\/stemarly.com\/it\/produkt\/ciondolo-ad-ala\/#primaryimage"},"thumbnailUrl":"https:\/\/i0.wp.com\/stemarly.com\/wp-content\/uploads\/2025\/02\/Wing-Pendant-Side-view-scaled.jpg?fit=2560%2C2560&ssl=1","datePublished":"2024-09-20T18:31:52+00:00","dateModified":"2025-04-04T20:17:23+00:00","description":"Ciondolo ad ala in filigrana realizzato in acciaio inossidabile, simboleggia la libert\u00e0. Ideale da abbinare alla Catena Figaro o al Bracciale Figaro per un look elegante.","breadcrumb":{"@id":"https:\/\/stemarly.com\/it\/produkt\/ciondolo-ad-ala\/#breadcrumb"},"inLanguage":"it-IT","potentialAction":[{"@type":"ReadAction","target":["https:\/\/stemarly.com\/it\/produkt\/ciondolo-ad-ala\/"]}]},{"@type":"ImageObject","inLanguage":"it-IT","@id":"https:\/\/stemarly.com\/it\/produkt\/ciondolo-ad-ala\/#primaryimage","url":"https:\/\/i0.wp.com\/stemarly.com\/wp-content\/uploads\/2025\/02\/Wing-Pendant-Side-view-scaled.jpg?fit=2560%2C2560&ssl=1","contentUrl":"https:\/\/i0.wp.com\/stemarly.com\/wp-content\/uploads\/2025\/02\/Wing-Pendant-Side-view-scaled.jpg?fit=2560%2C2560&ssl=1","width":2560,"height":2560,"caption":"Primo piano del ciondolo ad ala in acciaio inossidabile filigranato con lavorazione precisa che simboleggia libert\u00e0 e leggerezza."},{"@type":"BreadcrumbList","@id":"https:\/\/stemarly.com\/it\/produkt\/ciondolo-ad-ala\/#breadcrumb","itemListElement":[{"@type":"ListItem","position":1,"name":"Sito iniziale","item":"https:\/\/stemarly.com\/it\/"},{"@type":"ListItem","position":2,"name":"Negozio","item":"https:\/\/stemarly.com\/it\/negozio\/"},{"@type":"ListItem","position":3,"name":"Ciondolo ad ala"}]},{"@type":"WebSite","@id":"https:\/\/stemarly.com\/it\/#website","url":"https:\/\/stemarly.com\/it\/","name":"Stemarly","description":"elegance to the very essence","publisher":{"@id":"https:\/\/stemarly.com\/it\/#organization"},"potentialAction":[{"@type":"SearchAction","target":{"@type":"EntryPoint","urlTemplate":"https:\/\/stemarly.com\/it\/?s={search_term_string}"},"query-input":{"@type":"PropertyValueSpecification","valueRequired":true,"valueName":"search_term_string"}}],"inLanguage":"it-IT"},{"@type":"Organization","@id":"https:\/\/stemarly.com\/it\/#organization","name":"Stemarly - Tammer Business","url":"https:\/\/stemarly.com\/it\/","logo":{"@type":"ImageObject","inLanguage":"it-IT","@id":"https:\/\/stemarly.com\/it\/#\/schema\/logo\/image\/","url":"https:\/\/i0.wp.com\/stemarly.com\/wp-content\/uploads\/2024\/01\/Logotype-schwarz-e1726514755119.png?fit=1750%2C300&ssl=1","contentUrl":"https:\/\/i0.wp.com\/stemarly.com\/wp-content\/uploads\/2024\/01\/Logotype-schwarz-e1726514755119.png?fit=1750%2C300&ssl=1","width":1750,"height":300,"caption":"Stemarly - Tammer Business"},"image":{"@id":"https:\/\/stemarly.com\/it\/#\/schema\/logo\/image\/"},"sameAs":["https:\/\/www.instagram.com\/stemarly.official\/"]}]}},"jetpack_sharing_enabled":true,"_links":{"self":[{"href":"https:\/\/stemarly.com\/it\/wp-json\/wp\/v2\/product\/5157","targetHints":{"allow":["GET"]}}],"collection":[{"href":"https:\/\/stemarly.com\/it\/wp-json\/wp\/v2\/product"}],"about":[{"href":"https:\/\/stemarly.com\/it\/wp-json\/wp\/v2\/types\/product"}],"replies":[{"embeddable":true,"href":"https:\/\/stemarly.com\/it\/wp-json\/wp\/v2\/comments?post=5157"}],"version-history":[{"count":1,"href":"https:\/\/stemarly.com\/it\/wp-json\/wp\/v2\/product\/5157\/revisions"}],"predecessor-version":[{"id":5364,"href":"https:\/\/stemarly.com\/it\/wp-json\/wp\/v2\/product\/5157\/revisions\/5364"}],"wp:featuredmedia":[{"embeddable":true,"href":"https:\/\/stemarly.com\/it\/wp-json\/wp\/v2\/media\/4901"}],"wp:attachment":[{"href":"https:\/\/stemarly.com\/it\/wp-json\/wp\/v2\/media?parent=5157"}],"wp:term":[{"taxonomy":"product_brand","embeddable":true,"href":"https:\/\/stemarly.com\/it\/wp-json\/wp\/v2\/product_brand?post=5157"},{"taxonomy":"product_cat","embeddable":true,"href":"https:\/\/stemarly.com\/it\/wp-json\/wp\/v2\/product_cat?post=5157"},{"taxonomy":"product_tag","embeddable":true,"href":"https:\/\/stemarly.com\/it\/wp-json\/wp\/v2\/product_tag?post=5157"}],"curies":[{"name":"wp","href":"https:\/\/api.w.org\/{rel}","templated":true}]}}